{"id":10041,"date":"2020-01-04T10:01:39","date_gmt":"2020-01-04T09:01:39","guid":{"rendered":"https:\/\/www.encompagniedesperdrix.fr\/?post_type=product&#038;p=10041"},"modified":"2025-06-13T16:31:11","modified_gmt":"2025-06-13T14:31:11","slug":"veste-courte-pour-la-mariee","status":"publish","type":"product","link":"https:\/\/mariellemaury.fr\/en\/produit\/veste-courte-pour-la-mariee\/","title":{"rendered":"Veste courte mari\u00e9e SKY"},"content":{"rendered":"<div  class=\"tatsu-gl9x634b3rgd8o0d tatsu-section  tatsu-bg-overlay   tatsu-clearfix\" data-title=\"\"  data-headerscheme=\"background--dark\"><div class='tatsu-section-pad clearfix' data-padding='{\"d\":\"90px 0px 90px 0px\"}' data-padding-top='90px'><div class=\"tatsu-row-wrap  tatsu-wrap tatsu-row-one-col tatsu-row-has-one-cols tatsu-medium-gutter tatsu-reg-cols  tatsu-clearfix tatsu-gl9x634b5w5smda0\" ><div  class=\"tatsu-row \" ><div  class=\"tatsu-column  tatsu-bg-overlay tatsu-one-col tatsu-column-image-none tatsu-column-effect-none  tatsu-gl9x634b7yel26i7\"  data-parallax-speed=\"0\" style=\"\"><div class=\"tatsu-column-inner \" ><div class=\"tatsu-column-pad-wrap\"><div class=\"tatsu-column-pad\" ><div  class=\"tatsu-module tatsu-text-block-wrap tatsu-gl9x634b9oedv6t5  \"><div class=\"tatsu-text-inner tatsu-align-center  clearfix\" ><style>.tatsu-gl9x634b9oedv6t5.tatsu-text-block-wrap .tatsu-text-inner{width: 100%;text-align: left;}<\/style>\n<p><strong>SKY <\/strong><strong>veste courte en soie bio brod\u00e9e<br \/>\nDisponible de la taille 34 \u00e0 42<\/strong><br \/>\nD\u00e9part atelier sous 21 jours ouvr\u00e9s (d\u00e9lai de fabrication)<\/p>\n<p>SKY est une veste de demi-saison \u00e0 la ligne <strong>simple et intemporelle<\/strong> rehauss\u00e9e par une <strong>fine dentelle de Calais<\/strong> \u00e0 l&#8217;encolure et aux poignets.\u00a0 Son <strong>tissu soyeux brod\u00e9 de coton mat est une pure merveille :<\/strong> il est <strong>lumineux<\/strong> sans \u00eatre tape \u00e0 l\u2019\u0153il, son <strong>motif discret<\/strong> lui donne un relief qui lui permet de <strong>se marier avec la plupart des teintes de blanc<\/strong>. Ses manches longues et ajust\u00e9es en font une <strong>pi\u00e8ce styl\u00e9e et habill\u00e9e<\/strong>.<\/p>\n<p><strong>JE LA PORTE AVEC QUOI : <\/strong>Id\u00e9ale pour les <strong>mariages de printemps ou d\u2019automne<\/strong>, elle <strong>s&#8217;associe parfaitement <\/strong>aux\u00a0 <strong>robes \u00e0 la taille cintr\u00e9e,<\/strong>aux\u00a0<strong>jupes et pantalons taille haute,<\/strong> comme la robe SKYE, la jupe ESTRELLA, le pantalon CHRYSOS<\/p>\n<p>SON PLUS : <strong>Extr\u00eame raffinement , le bas de la veste est festonn\u00e9 et suit le motif du tissu \u00e0 la taille<\/strong>.<\/p>\n<p><strong>Mati\u00e8res principales :<br \/>\n<\/strong>Tissu principal : 100% soie brod\u00e9 de fil 100% coton bio (provenance : Allemagne)<br \/>\nDoublure : cr\u00eape 100% coton bio<\/p>\n<p>La veste se porte ouverte<br \/>\n<strong>Longueur milieu devant :<\/strong> 36 cm, <strong>longueur manche : <\/strong>60 cm<\/p>\n<p>Mariem mesure 1m76 et porte une taille 38<br \/>\nSophie mesure 1m70 et porte une taille 38.<\/p>\n<p><strong>Notre conseil :<\/strong> Sa coupe est sp\u00e9cialement \u00e9tudi\u00e9e pour mettre en valeur les robes cintr\u00e9es \u00e0 la taille, comme la robe<\/p>\n<p><strong>Notre vision green :<\/strong> cette veste est taill\u00e9e dans des mati\u00e8res enti\u00e8rement bio. <strong><b>La coupe est optimis\u00e9e<\/b><\/strong><strong> pour g\u00e9n\u00e9rer <\/strong><strong><b>le moins de chutes possibles<\/b><\/strong><strong>, <\/strong>et celles-ci sont valoris\u00e9es en accessoires, comme le<a href=\"https:\/\/mariellemaury.fr\/produit\/headband-mariee-soie-brodee\/\" target=\"_blank\" rel=\"noopener\"> bandeau SEDA<\/a>. De plus cette veste a \u00e9t\u00e9 pens\u00e9e comme un intemporel qui se reportera longtemps pour d&#8217;autres occasions !<\/p>\n<p><strong>Choisissez votre taille en fonction de votre tour de poitrine\u00a0\u00a0 <\/strong><a href=\"https:\/\/www.encompagniedesperdrix.fr\/wp-content\/uploads\/2020\/01\/Guide-des-tailles.pdf\" target=\"_blank\" rel=\"noopener noreferrer\"><em>Guide des tailles<\/em><\/a><\/p>\n<p><strong>Vous avez des questions ou vous souhaitez des conseils ?<\/strong><br \/>\n&gt;&gt; N&#8217;h\u00e9sitez pas \u00e0 me contacter <a href=\"mailto:atelier@mariellemaury.fr\" target=\"_blank\" rel=\"noopener\">par mail<\/a> ou <a href=\"tel:0608869388\">t\u00e9l\u00e9phone<\/a><\/p>\n<p><strong>Vos mesures ne correspondent pas \u00e0 celles du tableau ? Vous souhaitez personnaliser votre tenue ?<\/strong><br \/>\n&gt;&gt;\u00a0 La confection en demi-mesure ou sur-mesure est disponible \u00e0 l\u2019atelier sur devis.<\/p>\n<p><em>\u00a0<\/em><\/p>\n<p>Photos d&#8217;ambiance : Katy Webb<\/p>\n<\/div><\/div><\/div><\/div><div class = \"tatsu-column-bg-image-wrap\"><div class = \"tatsu-column-bg-image\" ><\/div><\/div><div class=\"tatsu-overlay tatsu-column-overlay tatsu-animate-none\" ><\/div><\/div><style>.tatsu-row > .tatsu-gl9x634b7yel26i7.tatsu-column{width: 100%;}.tatsu-gl9x634b7yel26i7.tatsu-column > .tatsu-column-inner > .tatsu-column-overlay{mix-blend-mode: normal;}.tatsu-gl9x634b7yel26i7 > .tatsu-column-inner > .tatsu-top-divider{z-index: 9999;}.tatsu-gl9x634b7yel26i7 > .tatsu-column-inner > .tatsu-bottom-divider{z-index: 9999;}.tatsu-gl9x634b7yel26i7 > .tatsu-column-inner > .tatsu-left-divider{z-index: 9999;}.tatsu-gl9x634b7yel26i7 > .tatsu-column-inner > .tatsu-right-divider{z-index: 9999;}<\/style><\/div><\/div><\/div><\/div><div class=\"tatsu-section-background-wrap\"><div class = \"tatsu-section-background\" ><\/div><\/div><div class=\"tatsu-overlay tatsu-section-overlay\"><\/div><style>.tatsu-gl9x634b3rgd8o0d .tatsu-section-pad{padding: 90px 0px 90px 0px;}.tatsu-gl9x634b3rgd8o0d > .tatsu-bottom-divider{z-index: 9999;}.tatsu-gl9x634b3rgd8o0d > .tatsu-top-divider{z-index: 9999;}.tatsu-gl9x634b3rgd8o0d .tatsu-section-overlay{mix-blend-mode: normal;}<\/style><\/div>\n","protected":false},"excerpt":{"rendered":"<p>Veste en soie brod\u00e9e bio pour mari\u00e9e<\/p>\n<p><a href=\"https:\/\/mariellemaury.fr\/en\/produit\/veste-courte-pour-la-mariee\/\" class=\"more-link style3-button\">Read More<\/a><\/p>","protected":false},"featured_media":349565,"comment_status":"closed","ping_status":"closed","template":"","meta":[],"product_brand":[],"product_cat":[387],"product_tag":[251,395],"class_list":{"0":"post-10041","1":"product","2":"type-product","3":"status-publish","4":"has-post-thumbnail","6":"product_cat-vestes-et-capes","7":"product_tag-ecoresponsable","8":"product_tag-pour-la-mariee","10":"first","11":"instock","12":"shipping-taxable","13":"purchasable","14":"product-type-variable"},"aioseo_notices":[],"_links":{"self":[{"href":"https:\/\/mariellemaury.fr\/en\/wp-json\/wp\/v2\/product\/10041","targetHints":{"allow":["GET"]}}],"collection":[{"href":"https:\/\/mariellemaury.fr\/en\/wp-json\/wp\/v2\/product"}],"about":[{"href":"https:\/\/mariellemaury.fr\/en\/wp-json\/wp\/v2\/types\/product"}],"replies":[{"embeddable":true,"href":"https:\/\/mariellemaury.fr\/en\/wp-json\/wp\/v2\/comments?post=10041"}],"wp:featuredmedia":[{"embeddable":true,"href":"https:\/\/mariellemaury.fr\/en\/wp-json\/wp\/v2\/media\/349565"}],"wp:attachment":[{"href":"https:\/\/mariellemaury.fr\/en\/wp-json\/wp\/v2\/media?parent=10041"}],"wp:term":[{"taxonomy":"product_brand","embeddable":true,"href":"https:\/\/mariellemaury.fr\/en\/wp-json\/wp\/v2\/product_brand?post=10041"},{"taxonomy":"product_cat","embeddable":true,"href":"https:\/\/mariellemaury.fr\/en\/wp-json\/wp\/v2\/product_cat?post=10041"},{"taxonomy":"product_tag","embeddable":true,"href":"https:\/\/mariellemaury.fr\/en\/wp-json\/wp\/v2\/product_tag?post=10041"}],"curies":[{"name":"wp","href":"https:\/\/api.w.org\/{rel}","templated":true}]}}