{"id":13365,"date":"2020-12-01T00:11:00","date_gmt":"2020-11-30T23:11:00","guid":{"rendered":"https:\/\/www.encompagniedesperdrix.fr\/?post_type=product&#038;p=13365"},"modified":"2025-06-08T17:39:13","modified_gmt":"2025-06-08T15:39:13","slug":"bandeau-cheveux-lin-dore","status":"publish","type":"product","link":"https:\/\/mariellemaury.fr\/en\/produit\/bandeau-cheveux-lin-dore\/","title":{"rendered":"LUNARIA \u2013 le bandeau \u00e9co-luxe en lin iris\u00e9"},"content":{"rendered":"<div  class=\"tatsu-gl7yp9y9bd1leb9w tatsu-section  tatsu-bg-overlay   tatsu-clearfix\" data-title=\"\"  data-headerscheme=\"background--dark\"><div class='tatsu-section-pad clearfix' data-padding='{\"d\":\"90px 0px 90px 0px\"}' data-padding-top='90px'><div class=\"tatsu-row-wrap  tatsu-wrap tatsu-row-one-col tatsu-row-has-one-cols tatsu-medium-gutter tatsu-reg-cols  tatsu-clearfix tatsu-gl7yp9y9dqat3ja6\" ><div  class=\"tatsu-row \" ><div  class=\"tatsu-column  tatsu-bg-overlay tatsu-one-col tatsu-column-image-none tatsu-column-effect-none  tatsu-gl7yp9y9flah2ear\"  data-parallax-speed=\"0\" style=\"\"><div class=\"tatsu-column-inner \" ><div class=\"tatsu-column-pad-wrap\"><div class=\"tatsu-column-pad\" ><div  class=\"tatsu-module tatsu-text-block-wrap tatsu-gl7yp9y9h95p1p82  \"><div class=\"tatsu-text-inner tatsu-align-center  clearfix\" ><style>.tatsu-gl7yp9y9h95p1p82.tatsu-text-block-wrap .tatsu-text-inner{width: 100%;text-align: left;}<\/style>\n<p><span style=\"color: #008080;\"><strong>LUNARIA \u2013 Headbands<\/strong><br \/>\n<\/span><strong>Une Collaboration Marielle Maury X Cage cr\u00e9ations<br \/>\n<\/strong>Taille unique \/ Envoi sous 3 jours ouvr\u00e9s<\/p>\n<p><strong>LUNARIA<\/strong>, le headband crois\u00e9 sur le devant, est <strong>l\u2019accessoire mode incontournable pour les f\u00eates<\/strong> ! Cr\u00e9\u00e9 dans les <strong>magnifiques lins iris\u00e9s <\/strong>utilis\u00e9s par la maison pour ses robes de soir\u00e9e, c&#8217;est \u00e0 la fois <strong>un accessoire luxueux et \u00e9coresponsable.<\/strong><br \/>\nAvec son dos \u00e9lastiqu\u00e9, il convient \u00e0 toutes les t\u00eates ! (adultes et adolescentes)<\/p>\n<p><strong>Notre conseil\u00a0:<\/strong> D\u00e9clin\u00e9 en <strong>lin or, lin argent, ou lin blanc cass\u00e9 parsem\u00e9 de fil d\u2019argent,<\/strong> c\u2019est un headband \u00e0 adopter <strong>pour les f\u00eates ou en version habill\u00e9e pour le jour<\/strong>. Ses reflets dor\u00e9s ou argent\u00e9s illuminent le visage,.<\/p>\n<p>Il fera aussi un <strong>accessoire parfait pour les bridesmaids<\/strong>, les <strong>pr\u00e9paratifs de la mari\u00e9e<\/strong> ou le <strong>brunch du lendemain de mariage.<\/strong><\/p>\n<p><strong>Composition :<br \/>\nLin Or et Argent<\/strong> : 100% Lin <strong>labellis\u00e9 &#8220;Masters of Linen&#8221;<\/strong> (origine : Belgique)<br \/>\n<strong>Lin lav\u00e9 Blanc cass\u00e9<\/strong> parsem\u00e9 de fil d\u2019argent : 90% Lin 10% Polyester (origine : Lithuanie)<br \/>\n<strong><em>Livr\u00e9 dans une pochette en coton bio issue des chutes de l\u2019atelier<\/em><\/strong><\/p>\n<p><strong>Notre vision Green\u00a0<\/strong>: nous coupons en priorit\u00e9 les bandeaux d<strong>ans les chutes des robes de l\u2019atelier et les fins de stock,<\/strong> dans un <strong>esprit z\u00e9ro d\u00e9chet.<\/strong><br \/>\nCes tissus sont ensuite confi\u00e9s \u00e0 <strong>Camille, sp\u00e9cialiste du bandeau et cr\u00e9atrice de la marque Cage Cr\u00e9ations<\/strong>, install\u00e9e elle aussi \u00e0 Montpellier. <strong>Elle-m\u00eame engag\u00e9e dans une d\u00e9marche \u00e9co-responsable<\/strong> , il nous a paru tout naturel de lui confier ce projet\u00a0!<\/p>\n<p><em>Vous retrouvez sur les bandeaux le lin Or de la robe <a href=\"https:\/\/www.encompagniedesperdrix.fr\/robe-de-mariee-dos-nu-montpellier-collection2020\/\" target=\"_blank\" rel=\"noopener noreferrer\">HERA<\/a>, le lin blanc cass\u00e9 de la <a href=\"https:\/\/www.encompagniedesperdrix.fr\/produit\/jupe-en-lin-mi-longue-plissee\/\" target=\"_blank\" rel=\"noopener noreferrer\">Jupe LIANE MIDI<\/a><\/em><\/p>\n<p><strong><em>Pourquoi le lin ?<\/em><\/strong> C\u2019est une mati\u00e8re noble, authentique et exceptionnelle qui a la caract\u00e9ristique de s\u2019embellir au fil du temps . De plus, c&#8217;est une mati\u00e8re \u00e9cologique en soi, ne n\u00e9cessitant pas de pesticide, tr\u00e8s peu d\u2019eau. Poussant en France et en Europe, c\u2019est une des mati\u00e8res naturelles qui a la plus faible empreinte carbone. Et quand elle se pare de reflets dor\u00e9s subtils ou se m\u00eale de fils d&#8217;argents, on dit mille fois oui !<\/p>\n<p><strong>Vous souhaitez une couleur particuli\u00e8re ? Vous souhaitez un assortiment pour les bridesmaids ?<\/strong><br \/>\n&gt;&gt;\u00a0 La personnalisation et la confection en demi-mesure ou sur-mesure est disponible \u00e0 l\u2019atelier sur devis.<\/p>\n<p><strong>Vous avez des questions ou vous souhaitez des conseils ?<\/strong><br \/>\n&gt;&gt; N\u2019h\u00e9sitez pas \u00e0 nous contacter <a href=\"https:\/\/www.encompagniedesperdrix.fr\/robe-de-mariee-createur-montpellier\/\">par mail ou t\u00e9l\u00e9phon<\/a><a href=\"https:\/\/www.encompagniedesperdrix.fr\/robe-de-mariee-createur-montpellier\/\">e<\/a><\/p>\n<p><em>Photos port\u00e9es : Anne Delamarre<\/em><\/p>\n<\/div><\/div><\/div><\/div><div class = \"tatsu-column-bg-image-wrap\"><div class = \"tatsu-column-bg-image\" ><\/div><\/div><div class=\"tatsu-overlay tatsu-column-overlay tatsu-animate-none\" ><\/div><\/div><style>.tatsu-row > .tatsu-gl7yp9y9flah2ear.tatsu-column{width: 100%;}.tatsu-gl7yp9y9flah2ear.tatsu-column > .tatsu-column-inner > .tatsu-column-overlay{mix-blend-mode: normal;}.tatsu-gl7yp9y9flah2ear > .tatsu-column-inner > .tatsu-top-divider{z-index: 9999;}.tatsu-gl7yp9y9flah2ear > .tatsu-column-inner > .tatsu-bottom-divider{z-index: 9999;}.tatsu-gl7yp9y9flah2ear > .tatsu-column-inner > .tatsu-left-divider{z-index: 9999;}.tatsu-gl7yp9y9flah2ear > .tatsu-column-inner > .tatsu-right-divider{z-index: 9999;}<\/style><\/div><\/div><\/div><\/div><div class=\"tatsu-section-background-wrap\"><div class = \"tatsu-section-background\" ><\/div><\/div><div class=\"tatsu-overlay tatsu-section-overlay\"><\/div><style>.tatsu-gl7yp9y9bd1leb9w .tatsu-section-pad{padding: 90px 0px 90px 0px;}.tatsu-gl7yp9y9bd1leb9w > .tatsu-bottom-divider{z-index: 9999;}.tatsu-gl7yp9y9bd1leb9w > .tatsu-top-divider{z-index: 9999;}.tatsu-gl7yp9y9bd1leb9w .tatsu-section-overlay{mix-blend-mode: normal;}<\/style><\/div>\n","protected":false},"excerpt":{"rendered":"<p>Headbands en lin or, argent et blanc cass\u00e9 \u00e9coresponsable<\/p>\n<p><a href=\"https:\/\/mariellemaury.fr\/en\/produit\/bandeau-cheveux-lin-dore\/\" class=\"more-link style3-button\">Read More<\/a><\/p>","protected":false},"featured_media":14525,"comment_status":"closed","ping_status":"closed","template":"","meta":[],"product_brand":[],"product_cat":[247],"product_tag":[251,246],"class_list":{"0":"post-13365","1":"product","2":"type-product","3":"status-publish","4":"has-post-thumbnail","6":"product_cat-accessoires","7":"product_tag-ecoresponsable","8":"product_tag-lin","10":"first","11":"instock","12":"shipping-taxable","13":"purchasable","14":"product-type-variable"},"aioseo_notices":[],"_links":{"self":[{"href":"https:\/\/mariellemaury.fr\/en\/wp-json\/wp\/v2\/product\/13365","targetHints":{"allow":["GET"]}}],"collection":[{"href":"https:\/\/mariellemaury.fr\/en\/wp-json\/wp\/v2\/product"}],"about":[{"href":"https:\/\/mariellemaury.fr\/en\/wp-json\/wp\/v2\/types\/product"}],"replies":[{"embeddable":true,"href":"https:\/\/mariellemaury.fr\/en\/wp-json\/wp\/v2\/comments?post=13365"}],"wp:featuredmedia":[{"embeddable":true,"href":"https:\/\/mariellemaury.fr\/en\/wp-json\/wp\/v2\/media\/14525"}],"wp:attachment":[{"href":"https:\/\/mariellemaury.fr\/en\/wp-json\/wp\/v2\/media?parent=13365"}],"wp:term":[{"taxonomy":"product_brand","embeddable":true,"href":"https:\/\/mariellemaury.fr\/en\/wp-json\/wp\/v2\/product_brand?post=13365"},{"taxonomy":"product_cat","embeddable":true,"href":"https:\/\/mariellemaury.fr\/en\/wp-json\/wp\/v2\/product_cat?post=13365"},{"taxonomy":"product_tag","embeddable":true,"href":"https:\/\/mariellemaury.fr\/en\/wp-json\/wp\/v2\/product_tag?post=13365"}],"curies":[{"name":"wp","href":"https:\/\/api.w.org\/{rel}","templated":true}]}}