{"id":13543,"date":"2021-02-03T22:09:14","date_gmt":"2021-02-03T21:09:14","guid":{"rendered":"https:\/\/www.encompagniedesperdrix.fr\/?post_type=product&#038;p=13543"},"modified":"2025-06-13T16:16:44","modified_gmt":"2025-06-13T14:16:44","slug":"kimono-mariee-dentelle-de-calais","status":"publish","type":"product","link":"https:\/\/mariellemaury.fr\/en\/produit\/kimono-mariee-dentelle-de-calais\/","title":{"rendered":"BLOSSOM \u2013 Kimono en dentelle de Calais"},"content":{"rendered":"<div  class=\"tatsu-gl0gyasjsa82livd tatsu-section  tatsu-bg-overlay   tatsu-clearfix\" data-title=\"\"  data-headerscheme=\"background--dark\"><div class='tatsu-section-pad clearfix' data-padding='{\"d\":\"1px 0px 90px 0px\"}' data-padding-top='1px'><div class=\"tatsu-row-wrap  tatsu-wrap tatsu-row-one-col tatsu-row-has-one-cols tatsu-medium-gutter tatsu-reg-cols  tatsu-clearfix tatsu-gl0gyasjv67retb6\" ><div  class=\"tatsu-row \" ><div  class=\"tatsu-column  tatsu-bg-overlay tatsu-one-col tatsu-column-image-none tatsu-column-effect-none  tatsu-gl0gyasjxqg9avq7\"  data-parallax-speed=\"0\" style=\"\"><div class=\"tatsu-column-inner \" ><div class=\"tatsu-column-pad-wrap\"><div class=\"tatsu-column-pad\" ><div  class=\"tatsu-module tatsu-text-block-wrap tatsu-gl0gyask018xf9me  \"><div class=\"tatsu-text-inner tatsu-align-center  clearfix\" ><style>.tatsu-gl0gyask018xf9me.tatsu-text-block-wrap .tatsu-text-inner{width: 100%;text-align: left;}<\/style>\n<p><span style=\"color: #008080;\"><strong>Kimono en dentelle BLOSSOM<\/strong><\/span><br \/>\n<strong>Disponible en taille 36\/38, 40\/42 et 44\/46<\/strong><br \/>\n<strong>D\u00e9part atelier sous 21 jours ouvr\u00e9s \u00e0 partir de la commande (d\u00e9lai de fabrication)<br \/>\n<\/strong><\/p>\n<p><strong>BLOSSOM,<\/strong> le <strong>kimono de mari\u00e9e<\/strong> en v\u00e9ritable <strong>dentelle de Calais<\/strong> point Chantilly, \u00e0 joli motif floral tout en <strong>l\u00e9g\u00e8ret\u00e9 et subtilit\u00e9<\/strong>. Sa coupe raglan pour plus de confort <strong>s\u2019adapte \u00e0 toutes les silhouettes<\/strong> et ses jolis festons en bordure et au bas des manches en font <strong>une pi\u00e8ce raffin\u00e9e d\u2019exception.<\/strong><\/p>\n<p>Son plus\u00a0? Sa bordure et sa ceinture en <strong>cr\u00eape Georgette<\/strong> de <strong>soie\u00a0Bio<\/strong> qui lui conf\u00e8rent son esprit kimono\u00a0!<\/p>\n<p>Notre conseil\u00a0: une tr\u00e8s jolie pi\u00e8ce pour les <strong>pr\u00e9paratifs de la mari\u00e9e<\/strong>, ou \u00e0 s\u2019offrir pour partir en <strong>voyage de noce<\/strong>\u00a0! Les plus audacieuses le porteront aussi comme <strong>v\u00eatement de jour avec un top et un pantalon.<\/strong><\/p>\n<p><strong>Composition :<br \/>\n<\/strong>&gt; <strong>Tissu principal<\/strong> : <strong>Dentelle de Calais<\/strong> <strong>certifi\u00e9e Oekotex<\/strong> 55% polyamide 45% Viscose (Origine : France)<br \/>\n&gt; <strong>bordure et ceinture<\/strong> : cr\u00eape georgette <strong>100% soie bio (origine : Italie)<br \/>\n<\/strong><\/p>\n<p>Longueur milieu dos : environ 80 cm<br \/>\nLongueur manche : environ 55 cm<\/p>\n<p>Mariem porte la taille 36\/38 avec le <a href=\"https:\/\/mariellemaury.fr\/produit\/top-en-soie-a-fines-bretelles\/\" target=\"_blank\" rel=\"noopener\"><strong>top POUDRE<\/strong><\/a> et le <strong>shorty DOLCE<\/strong><\/p>\n<p><strong>Choisissez votre taille en fonction de votre tour de poitrine<\/strong> :\u00a0 <a href=\"https:\/\/www.encompagniedesperdrix.fr\/wp-content\/uploads\/2020\/10\/Guide-des-tailles28102020-2.pdf\" target=\"_blank\" rel=\"noopener noreferrer\"><em>Guide des tailles<\/em><\/a><\/p>\n<p><strong>Notre vision green<\/strong>\u00a0: la bordure du kimono et la ceinture sont taill\u00e9es dans les <strong>chutes du cr\u00eape georgette Bio<\/strong> utilis\u00e9 pour les robes de mari\u00e9e de l\u2019atelier.<\/p>\n<p><strong>Vos mesures ne correspondent pas \u00e0 celles du tableau ? Vous souhaitez une autre dentelle ? Une longueur adapt\u00e9e ? <\/strong><br \/>\n<strong>&gt;&gt;\u00a0 La personnalisation<\/strong> et la confection en <strong>demi-mesure ou sur-mesure<\/strong> est disponible \u00e0 l\u2019atelier sur devis.<\/p>\n<p><strong>Vous avez des questions ou vous souhaitez des conseils ?<\/strong><br \/>\n&gt;&gt; N\u2019h\u00e9sitez pas \u00e0 nous contacter <a href=\"https:\/\/www.encompagniedesperdrix.fr\/robe-de-mariee-createur-montpellier\/\" target=\"_blank\" rel=\"noopener noreferrer\">par mail ou t\u00e9l\u00e9phone<\/a><\/p>\n<section id=\"content\" class=\"right-sidebar-page\">\n<div id=\"content-wrap\" class=\"be-wrap clearfix\"><em>Cr\u00e9dit photo : <a href=\"http:\/\/annedelamarrephotographie.com\/\" target=\"_blank\" rel=\"noopener noreferrer\">Anne Delamarre<\/a><\/em><\/div>\n<\/section>\n<\/div><\/div><\/div><\/div><div class = \"tatsu-column-bg-image-wrap\"><div class = \"tatsu-column-bg-image\" ><\/div><\/div><div class=\"tatsu-overlay tatsu-column-overlay tatsu-animate-none\" ><\/div><\/div><style>.tatsu-row > .tatsu-gl0gyasjxqg9avq7.tatsu-column{width: 100%;}.tatsu-gl0gyasjxqg9avq7.tatsu-column > .tatsu-column-inner > .tatsu-column-overlay{mix-blend-mode: normal;}.tatsu-gl0gyasjxqg9avq7 > .tatsu-column-inner > .tatsu-top-divider{z-index: 9999;}.tatsu-gl0gyasjxqg9avq7 > .tatsu-column-inner > .tatsu-bottom-divider{z-index: 9999;}.tatsu-gl0gyasjxqg9avq7 > .tatsu-column-inner > .tatsu-left-divider{z-index: 9999;}.tatsu-gl0gyasjxqg9avq7 > .tatsu-column-inner > .tatsu-right-divider{z-index: 9999;}<\/style><\/div><\/div><\/div><\/div><div class=\"tatsu-section-background-wrap\"><div class = \"tatsu-section-background\" ><\/div><\/div><div class=\"tatsu-overlay tatsu-section-overlay\"><\/div><style>.tatsu-gl0gyasjsa82livd .tatsu-section-pad{padding: 1px 0px 90px 0px;}.tatsu-gl0gyasjsa82livd > .tatsu-bottom-divider{z-index: 9999;}.tatsu-gl0gyasjsa82livd > .tatsu-top-divider{z-index: 9999;}.tatsu-gl0gyasjsa82livd .tatsu-section-overlay{mix-blend-mode: normal;}<\/style><\/div>\n","protected":false},"excerpt":{"rendered":"<p>Kimono nuisette transparent en dentelle de calais<\/p>\n<p><a href=\"https:\/\/mariellemaury.fr\/en\/produit\/kimono-mariee-dentelle-de-calais\/\" class=\"more-link style3-button\">Read More<\/a><\/p>","protected":false},"featured_media":13501,"comment_status":"closed","ping_status":"closed","template":"","meta":[],"product_brand":[],"product_cat":[247,257],"product_tag":[133,394],"class_list":{"0":"post-13543","1":"product","2":"type-product","3":"status-publish","4":"has-post-thumbnail","6":"product_cat-accessoires","7":"product_cat-lingerie","8":"product_tag-fabrique-en-france","9":"product_tag-dentelle","11":"first","12":"instock","13":"featured","14":"shipping-taxable","15":"purchasable","16":"product-type-variable"},"aioseo_notices":[],"_links":{"self":[{"href":"https:\/\/mariellemaury.fr\/en\/wp-json\/wp\/v2\/product\/13543","targetHints":{"allow":["GET"]}}],"collection":[{"href":"https:\/\/mariellemaury.fr\/en\/wp-json\/wp\/v2\/product"}],"about":[{"href":"https:\/\/mariellemaury.fr\/en\/wp-json\/wp\/v2\/types\/product"}],"replies":[{"embeddable":true,"href":"https:\/\/mariellemaury.fr\/en\/wp-json\/wp\/v2\/comments?post=13543"}],"wp:featuredmedia":[{"embeddable":true,"href":"https:\/\/mariellemaury.fr\/en\/wp-json\/wp\/v2\/media\/13501"}],"wp:attachment":[{"href":"https:\/\/mariellemaury.fr\/en\/wp-json\/wp\/v2\/media?parent=13543"}],"wp:term":[{"taxonomy":"product_brand","embeddable":true,"href":"https:\/\/mariellemaury.fr\/en\/wp-json\/wp\/v2\/product_brand?post=13543"},{"taxonomy":"product_cat","embeddable":true,"href":"https:\/\/mariellemaury.fr\/en\/wp-json\/wp\/v2\/product_cat?post=13543"},{"taxonomy":"product_tag","embeddable":true,"href":"https:\/\/mariellemaury.fr\/en\/wp-json\/wp\/v2\/product_tag?post=13543"}],"curies":[{"name":"wp","href":"https:\/\/api.w.org\/{rel}","templated":true}]}}