{"id":13715,"date":"2021-05-07T13:02:47","date_gmt":"2021-05-07T11:02:47","guid":{"rendered":"https:\/\/www.encompagniedesperdrix.fr\/?post_type=product&#038;p=13715"},"modified":"2025-07-01T10:02:44","modified_gmt":"2025-07-01T08:02:44","slug":"short-femme-en-lin-habille","status":"publish","type":"product","link":"https:\/\/mariellemaury.fr\/en\/produit\/short-femme-en-lin-habille\/","title":{"rendered":"PLATINE \u2013 Short taille haute 100% lin argent ou dor\u00e9"},"content":{"rendered":"<div  class=\"tatsu-rJIVLstXee tatsu-section  tatsu-bg-overlay   tatsu-clearfix\" data-title=\"\"  data-headerscheme=\"background--dark\"><div class='tatsu-section-pad clearfix' data-padding='{\"d\":\"19px 0px 5px 0px\"}' data-padding-top='19px'><div class=\"tatsu-row-wrap  tatsu-wrap tatsu-row-one-col tatsu-row-has-one-cols tatsu-medium-gutter tatsu-reg-cols  tatsu-clearfix tatsu-H1eIELoFmgx\" ><div  class=\"tatsu-row \" ><div  class=\"tatsu-column  tatsu-bg-overlay tatsu-one-col tatsu-column-image-none tatsu-column-effect-none  tatsu-rJW8VLiYmgx\"  data-parallax-speed=\"0\" style=\"\"><div class=\"tatsu-column-inner \" ><div class=\"tatsu-column-pad-wrap\"><div class=\"tatsu-column-pad\" ><div  class=\"tatsu-module tatsu-normal-button tatsu-button-wrap align-block block-right  tatsu-Bkf84UiYQlg   \"><a class=\"tatsu-shortcode mediumbtn tatsu-button left-icon circular   bg-animation-none  \" href=\"https:\/\/mariellemaury.fr\/shop\" style= \"\"  aria-label=\"retour boutique\" data-gdpr-atts={} >retour boutique<\/a><style>.tatsu-Bkf84UiYQlg .tatsu-button{background-color: #af9f66;color: #ffffff ;}<\/style><\/div><\/div><\/div><div class = \"tatsu-column-bg-image-wrap\"><div class = \"tatsu-column-bg-image\" ><\/div><\/div><div class=\"tatsu-overlay tatsu-column-overlay tatsu-animate-none\" ><\/div><\/div><style>.tatsu-row > .tatsu-rJW8VLiYmgx.tatsu-column{width: 100%;}.tatsu-rJW8VLiYmgx.tatsu-column > .tatsu-column-inner > .tatsu-column-overlay{mix-blend-mode: normal;}.tatsu-rJW8VLiYmgx > .tatsu-column-inner > .tatsu-top-divider{z-index: 9999;}.tatsu-rJW8VLiYmgx > .tatsu-column-inner > .tatsu-bottom-divider{z-index: 9999;}.tatsu-rJW8VLiYmgx > .tatsu-column-inner > .tatsu-left-divider{z-index: 9999;}.tatsu-rJW8VLiYmgx > .tatsu-column-inner > .tatsu-right-divider{z-index: 9999;}@media only screen and (max-width:1377px) {.tatsu-row > .tatsu-rJW8VLiYmgx.tatsu-column{width: 100%;}}@media only screen and (min-width:768px) and (max-width: 1024px) {.tatsu-row > .tatsu-rJW8VLiYmgx.tatsu-column{width: 100%;}}@media only screen and (max-width: 767px) {.tatsu-row > .tatsu-rJW8VLiYmgx.tatsu-column{width: 100%;}}<\/style><\/div><\/div><\/div><\/div><div class=\"tatsu-section-background-wrap\"><div class = \"tatsu-section-background\" ><\/div><\/div><div class=\"tatsu-overlay tatsu-section-overlay\"><\/div><style>.tatsu-rJIVLstXee .tatsu-section-pad{padding: 19px 0px 5px 0px;}.tatsu-rJIVLstXee .tatsu-section-offset-wrap{transform: translateY(-0px);}.tatsu-rJIVLstXee > .tatsu-bottom-divider{z-index: 9999;}.tatsu-rJIVLstXee > .tatsu-top-divider{z-index: 9999;}.tatsu-rJIVLstXee .tatsu-section-overlay{mix-blend-mode: normal;}<\/style><\/div><div  class=\"tatsu-gl0n1cmkxoek7oso tatsu-section  tatsu-bg-overlay   tatsu-clearfix\" data-title=\"\"  data-headerscheme=\"background--dark\"><div class='tatsu-section-pad clearfix' data-padding='{\"d\":\"1px 0px 5px 0px\"}' data-padding-top='1px'><div class=\"tatsu-row-wrap  tatsu-wrap tatsu-row-one-col tatsu-row-has-one-cols tatsu-medium-gutter tatsu-reg-cols  tatsu-clearfix tatsu-gl0n1cmkzzea2zlh\" ><div  class=\"tatsu-row \" ><div  class=\"tatsu-column  tatsu-bg-overlay tatsu-one-col tatsu-column-image-none tatsu-column-effect-none  tatsu-gl0n1cml1y2on5n\"  data-parallax-speed=\"0\" style=\"\"><div class=\"tatsu-column-inner \" ><div class=\"tatsu-column-pad-wrap\"><div class=\"tatsu-column-pad\" ><div  class=\"tatsu-module tatsu-text-block-wrap tatsu-gl0n1cml3r4b80j  \"><div class=\"tatsu-text-inner tatsu-align-center  clearfix\" ><style>.tatsu-gl0n1cml3r4b80j.tatsu-text-block-wrap .tatsu-text-inner{width: 100%;text-align: left;}<\/style>\n<p><strong><span style=\"color: #008080;\">SHORT PLATINE EN LIN ARGENT OU OR<\/span><br \/>\nDisponible de la taille 34 \u00e0 46<\/strong><br \/>\n<strong>Envoi sous 21 jours ouvr\u00e9s (d\u00e9lai de fabrication, d\u00e9part atelier)<\/strong><\/p>\n<p><span style=\"font-family: Calibri; font-size: 12pt;\"><strong>Le short en lin\u00a0<\/strong> PLATINE allie <strong>esprit chic et d\u00e9contraction \u00e0 la Fran\u00e7aise<\/strong>. Sa taille haute, ses plis, ses revers, ses poches et surtout son merveilleux<strong> lin \u00e0 reflets m\u00e9tallis\u00e9s<\/strong> en font une pi\u00e8ce inimitable. Disponible en <strong>Lin Argent ou\u00a0 Lin Or<\/strong>, c\u2019est <strong>une pi\u00e8ce pleine de caract\u00e8re et tr\u00e8s facile \u00e0 vivre.<\/strong><br \/>\n<\/span><\/p>\n<p><span style=\"font-family: Calibri; font-size: 12pt;\"><strong>Notre conseil<\/strong> : un must<strong> \u00e0 porter pour le brunch du lendemain mais \u00e9galement tous les jours de l&#8217;\u00e9t\u00e9 !<\/strong> A associer \u00e0 la <a href=\"https:\/\/mariellemaury.fr\/produit\/blouse-en-soie-bio-made-in-france\/\" target=\"_blank\" rel=\"noopener\">blouse PALME<\/a> pour un look\u00a0 chic, ou encore avec le <a href=\"https:\/\/mariellemaury.fr\/produit\/top-en-soie-a-fines-bretelles\/\" target=\"_blank\" rel=\"noopener\">top POUDRE<\/a> pour un look plus estival.\u00a0<\/span><\/p>\n<p><span style=\"font-family: Calibri; font-size: 12pt;\"><strong>Mati\u00e8res principales\u00a0<\/strong>:<br \/>\n&gt; 100% lin labellis\u00e9 &#8220;Masters of Linen&#8221; (Provenance : Belgique)<br \/>\n<\/span><span style=\"font-family: Calibri; font-size: 12pt;\"> &gt; poches et ceinture int\u00e9rieure 100% coton bio <\/span><\/p>\n<p><strong>Caract\u00e9ristiques :<\/strong><br \/>\n&gt; <strong>Mont\u00e9 sur ceinture<\/strong>, fermeture invisible sur le c\u00f4t\u00e9,<br \/>\n&gt; bande \u00e9lastiqu\u00e9e dans le dos pour plus de confort<br \/>\n&gt; <strong>2 poches<\/strong> dans la couture c\u00f4t\u00e9<br \/>\n&gt; <strong>ceinture amovible<\/strong> \u00e0 nouer<br \/>\n&gt; Longueur approximative milieu devant : 37 cm<br \/>\n&gt; <strong>Made in France with Love<\/strong> : fabriqu\u00e9 int\u00e9gralement dans notre atelier pr\u00e8s de Montpellier<\/p>\n<p><strong>Version Lin Argent : <\/strong>Mariem porte le short PLATINE lin Argent en taille 38 avec le <a href=\"https:\/\/mariellemaury.fr\/produit\/top-en-soie-a-fines-bretelles\/\" target=\"_blank\" rel=\"noopener\">top POUDRE<\/a> en soie et la <a href=\"https:\/\/mariellemaury.fr\/produit\/veste-courte-pour-la-mariee\/\" target=\"_blank\" rel=\"noopener\">veste courte SKY<\/a> en soie brod\u00e9e<br \/>\n<strong>Version Lin Or : <\/strong>Melissa porte le short PLATINE en lin Or en taille 38<br \/>\n&gt;&gt;&gt; <strong>Choisissez votre taille en fonction de la mesure de votre tour de bassin\u00a0<\/strong> (pour plus de confort, si vous \u00eates entre deux tailles, choisissez la taille au-dessus) :\u00a0 <a href=\"https:\/\/mariellemaury.fr\/wp-content\/uploads\/2020\/10\/Guide-des-tailles28102020-2.pdf\" target=\"_blank\" rel=\"noopener\"><em>Guide des tailles<\/em><\/a><\/p>\n<p><strong>Notre vision Green\u00a0<\/strong>: le lin est une <strong>mati\u00e8re \u00e9cologique<\/strong> en soi, ne n\u00e9cessitant <strong>pas de pesticide, tr\u00e8s peu d\u2019eau<\/strong>. Poussant en <strong>France et en Europe<\/strong>, c\u2019est une des mati\u00e8res naturelles qui a <strong>la plus faible empreinte carbone<\/strong>. La coupe est \u00e9tudi\u00e9e pour <strong>g\u00e9n\u00e9rer le moins de chutes possibles<\/strong>, et un <strong>bandeau peut m\u00eame \u00eatre coup\u00e9 entre deux pi\u00e8ces !<\/strong><\/p>\n<p><strong>FOCUS * LE LIN *\u00a0:<\/strong> Tr\u00e8s doux sur la peau, <strong>thermor\u00e9gulateur et hypoallerg\u00e9nique<\/strong>, les plis qui se forment au port\u00e9 sont la vie naturelle du lin. C\u2019est <strong>une mati\u00e8re noble, authentique et exceptionnelle<\/strong> qui a la caract\u00e9ristique de <strong>s\u2019embellir au fil du temps<\/strong> : plus vous le portez, plus son tomb\u00e9 est souple et beau ! \u00a0D\u2019ailleurs les plus grands noms du design et de la mode ne s\u2019y sont pas tromp\u00e9s, en faisant du <strong>lin un textile de luxe.<br \/>\n<\/strong>C\u2019est l\u2019une de nos <strong>mati\u00e8res pr\u00e9f\u00e9r\u00e9es<\/strong> \u00e0 l\u2019atelier, <strong>pour les grandes occasions et la vie de tous les jours<\/strong>\u00a0!<\/p>\n<p><strong>Vos mesures ne correspondent pas \u00e0 celles du tableau ? Vous souhaitez une couleur particuli\u00e8re ? Vous avez des questions ou vous souhaitez des conseils ?<\/strong><br \/>\n&gt;&gt;\u00a0 Nous vous proposons une personnalisation et la confection en demi-mesure ou sur-mesure.<br \/>\n&gt;&gt; N\u2019h\u00e9sitez pas \u00e0 nous contacter <a href=\"https:\/\/www.encompagniedesperdrix.fr\/robe-de-mariee-createur-montpellier\/\">par mail ou t\u00e9l\u00e9phone<\/a><\/p>\n<p><em>Photos : Anne Delamarre<\/em><\/p>\n<\/div><\/div><\/div><\/div><div class = \"tatsu-column-bg-image-wrap\"><div class = \"tatsu-column-bg-image\" ><\/div><\/div><div class=\"tatsu-overlay tatsu-column-overlay tatsu-animate-none\" ><\/div><\/div><style>.tatsu-row > .tatsu-gl0n1cml1y2on5n.tatsu-column{width: 100%;}.tatsu-gl0n1cml1y2on5n.tatsu-column > .tatsu-column-inner > .tatsu-column-overlay{mix-blend-mode: normal;}.tatsu-gl0n1cml1y2on5n > .tatsu-column-inner > .tatsu-top-divider{z-index: 9999;}.tatsu-gl0n1cml1y2on5n > .tatsu-column-inner > .tatsu-bottom-divider{z-index: 9999;}.tatsu-gl0n1cml1y2on5n > .tatsu-column-inner > .tatsu-left-divider{z-index: 9999;}.tatsu-gl0n1cml1y2on5n > .tatsu-column-inner > .tatsu-right-divider{z-index: 9999;}<\/style><\/div><\/div><\/div><\/div><div class=\"tatsu-section-background-wrap\"><div class = \"tatsu-section-background\" ><\/div><\/div><div class=\"tatsu-overlay tatsu-section-overlay\"><\/div><style>.tatsu-gl0n1cmkxoek7oso .tatsu-section-pad{padding: 1px 0px 5px 0px;}.tatsu-gl0n1cmkxoek7oso > .tatsu-bottom-divider{z-index: 9999;}.tatsu-gl0n1cmkxoek7oso > .tatsu-top-divider{z-index: 9999;}.tatsu-gl0n1cmkxoek7oso .tatsu-section-overlay{mix-blend-mode: normal;}<\/style><\/div><div  class=\"tatsu-SJbcoriYXgg tatsu-section  tatsu-bg-overlay   tatsu-clearfix\" data-title=\"\"  data-headerscheme=\"background--dark\"><div class='tatsu-section-pad clearfix' data-padding='{\"d\":\"19px 0px 5px 0px\"}' data-padding-top='19px'><div class=\"tatsu-row-wrap  tatsu-wrap tatsu-row-one-col tatsu-row-has-one-cols tatsu-medium-gutter tatsu-reg-cols  tatsu-clearfix tatsu-H1lciHsKXeg\" ><div  class=\"tatsu-row \" ><div  class=\"tatsu-column  tatsu-bg-overlay tatsu-one-col tatsu-column-image-none tatsu-column-effect-none  tatsu-H15oSsK7ll\"  data-parallax-speed=\"0\" style=\"\"><div class=\"tatsu-column-inner \" ><div class=\"tatsu-column-pad-wrap\"><div class=\"tatsu-column-pad\" ><div  class=\"tatsu-module tatsu-normal-button tatsu-button-wrap   tatsu-BJlhHiFmel   \"><a class=\"tatsu-shortcode mediumbtn tatsu-button left-icon circular   bg-animation-none  \" href=\"https:\/\/mariellemaury.fr\/shop\" style= \"\"  aria-label=\"retour boutique\" data-gdpr-atts={} >retour boutique<\/a><style>.tatsu-BJlhHiFmel .tatsu-button{background-color: #af9f66;color: #ffffff ;}<\/style><\/div><\/div><\/div><div class = \"tatsu-column-bg-image-wrap\"><div class = \"tatsu-column-bg-image\" ><\/div><\/div><div class=\"tatsu-overlay tatsu-column-overlay tatsu-animate-none\" ><\/div><\/div><style>.tatsu-row > .tatsu-H15oSsK7ll.tatsu-column{width: 100%;}.tatsu-H15oSsK7ll.tatsu-column > .tatsu-column-inner > .tatsu-column-overlay{mix-blend-mode: normal;}.tatsu-H15oSsK7ll > .tatsu-column-inner > .tatsu-top-divider{z-index: 9999;}.tatsu-H15oSsK7ll > .tatsu-column-inner > .tatsu-bottom-divider{z-index: 9999;}.tatsu-H15oSsK7ll > .tatsu-column-inner > .tatsu-left-divider{z-index: 9999;}.tatsu-H15oSsK7ll > .tatsu-column-inner > .tatsu-right-divider{z-index: 9999;}@media only screen and (max-width:1377px) {.tatsu-row > .tatsu-H15oSsK7ll.tatsu-column{width: 100%;}}@media only screen and (min-width:768px) and (max-width: 1024px) {.tatsu-row > .tatsu-H15oSsK7ll.tatsu-column{width: 100%;}}@media only screen and (max-width: 767px) {.tatsu-row > .tatsu-H15oSsK7ll.tatsu-column{width: 100%;}}<\/style><\/div><\/div><\/div><\/div><div class=\"tatsu-section-background-wrap\"><div class = \"tatsu-section-background\" ><\/div><\/div><div class=\"tatsu-overlay tatsu-section-overlay\"><\/div><style>.tatsu-SJbcoriYXgg .tatsu-section-pad{padding: 19px 0px 5px 0px;}.tatsu-SJbcoriYXgg .tatsu-section-offset-wrap{transform: translateY(-0px);}.tatsu-SJbcoriYXgg > .tatsu-bottom-divider{z-index: 9999;}.tatsu-SJbcoriYXgg > .tatsu-top-divider{z-index: 9999;}.tatsu-SJbcoriYXgg .tatsu-section-overlay{mix-blend-mode: normal;}<\/style><\/div>\n","protected":false},"excerpt":{"rendered":"<p>short \u00e9t\u00e9 printemps pour femme en lin naturel dor\u00e9 ou argent, taille haute avec ceinture, 2 poches<\/p>\n<p><a href=\"https:\/\/mariellemaury.fr\/en\/produit\/short-femme-en-lin-habille\/\" class=\"more-link style3-button\">Read More<\/a><\/p>","protected":false},"featured_media":13787,"comment_status":"closed","ping_status":"closed","template":"","meta":[],"product_brand":[],"product_cat":[398],"product_tag":[251,133,393,246],"class_list":{"0":"post-13715","1":"product","2":"type-product","3":"status-publish","4":"has-post-thumbnail","6":"product_cat-pantalons-et-shorts","7":"product_tag-ecoresponsable","8":"product_tag-fabrique-en-france","9":"product_tag-intemporel","10":"product_tag-lin","12":"first","13":"instock","14":"featured","15":"shipping-taxable","16":"purchasable","17":"product-type-variable"},"aioseo_notices":[],"_links":{"self":[{"href":"https:\/\/mariellemaury.fr\/en\/wp-json\/wp\/v2\/product\/13715","targetHints":{"allow":["GET"]}}],"collection":[{"href":"https:\/\/mariellemaury.fr\/en\/wp-json\/wp\/v2\/product"}],"about":[{"href":"https:\/\/mariellemaury.fr\/en\/wp-json\/wp\/v2\/types\/product"}],"replies":[{"embeddable":true,"href":"https:\/\/mariellemaury.fr\/en\/wp-json\/wp\/v2\/comments?post=13715"}],"wp:featuredmedia":[{"embeddable":true,"href":"https:\/\/mariellemaury.fr\/en\/wp-json\/wp\/v2\/media\/13787"}],"wp:attachment":[{"href":"https:\/\/mariellemaury.fr\/en\/wp-json\/wp\/v2\/media?parent=13715"}],"wp:term":[{"taxonomy":"product_brand","embeddable":true,"href":"https:\/\/mariellemaury.fr\/en\/wp-json\/wp\/v2\/product_brand?post=13715"},{"taxonomy":"product_cat","embeddable":true,"href":"https:\/\/mariellemaury.fr\/en\/wp-json\/wp\/v2\/product_cat?post=13715"},{"taxonomy":"product_tag","embeddable":true,"href":"https:\/\/mariellemaury.fr\/en\/wp-json\/wp\/v2\/product_tag?post=13715"}],"curies":[{"name":"wp","href":"https:\/\/api.w.org\/{rel}","templated":true}]}}