{"id":348799,"date":"2024-10-29T10:23:41","date_gmt":"2024-10-29T09:23:41","guid":{"rendered":"https:\/\/mariellemaury.fr\/produit\/carte-cadeau\/"},"modified":"2025-11-27T11:53:34","modified_gmt":"2025-11-27T10:53:34","slug":"carte-cadeau-vetement-femme","status":"publish","type":"product","link":"https:\/\/mariellemaury.fr\/en\/produit\/carte-cadeau-vetement-femme\/","title":{"rendered":"Carte Cadeau Cr\u00e9ation Femme"},"content":{"rendered":"<p>Offrez la qualit\u00e9 et l&#8217;excellence fran\u00e7aise ! Offrez le Made in France !<\/p>\n<p>Montants au choix &#8211; <a href=\"https:\/\/mariellemaury.fr\/shop\/\" target=\"_blank\" rel=\"noopener\">Visitez la boutique<\/a><\/p>\n<p>Je vous propose <strong>des cr\u00e9ations en taille pr\u00eat-\u00e0-porter<\/strong> <strong>pour la f\u00eate<\/strong> mais \u00e9galement <strong>pour tous les autres jours<\/strong> !<\/p>\n<p><strong>Coupes flatteuses<\/strong>, <strong>tissus<\/strong> choisis avec soin pour leur <strong>beaut\u00e9<\/strong> et leur <strong>\u00e9coresponsabilit\u00e9<\/strong>, <strong>finitions raffin\u00e9es<\/strong> : <strong>chaque cr\u00e9ation <\/strong>est r\u00e9alis\u00e9e<strong> sur commande, avec passion et soin dans mon atelier, juste pour vous. <\/strong><\/p>\n<p><em>Imp\u00e9ratif de date? Besoin de conseil, de personnalisation ? Une question sur les tailles ? &gt;&gt;&gt; envoyez-nous un mail <a href=\"mailto:atelier@mariellemaury.fr\"><strong>ICI<\/strong><\/a><\/em><\/p>\n<p>Retrait \u00e0 l&#8217;<a href=\"https:\/\/www.lefourmazel.fr\/\" target=\"_blank\" rel=\"noopener\">atelier \u00e0 Aniane<\/a> possible !<\/p>\n","protected":false},"excerpt":{"rendered":"<p>Offrez un cadeau \u00e0 vos proches et choisissez votre montant<\/p>\n<p><a href=\"https:\/\/mariellemaury.fr\/en\/produit\/carte-cadeau-vetement-femme\/\" class=\"more-link style3-button\">Read More<\/a><\/p>","protected":false},"featured_media":349953,"comment_status":"open","ping_status":"closed","template":"","meta":{"om_disable_all_campaigns":false,"_monsterinsights_skip_tracking":false,"_monsterinsights_sitenote_active":false,"_monsterinsights_sitenote_note":"","_monsterinsights_sitenote_category":0},"product_brand":[409],"product_cat":[247,385,388,257,398,386,258,387],"product_tag":[396],"class_list":{"0":"post-348799","1":"product","2":"type-product","3":"status-publish","4":"has-post-thumbnail","6":"product_brand-marielle-maury","7":"product_cat-accessoires","8":"product_cat-carte-cadeau","9":"product_cat-jupes","10":"product_cat-lingerie","11":"product_cat-pantalons-et-shorts","12":"product_cat-robes","13":"product_cat-tops","14":"product_cat-vestes-et-capes","15":"product_tag-noel","17":"first","18":"instock","19":"purchasable","20":"product-type-pw-gift-card"},"aioseo_notices":[],"_links":{"self":[{"href":"https:\/\/mariellemaury.fr\/en\/wp-json\/wp\/v2\/product\/348799","targetHints":{"allow":["GET"]}}],"collection":[{"href":"https:\/\/mariellemaury.fr\/en\/wp-json\/wp\/v2\/product"}],"about":[{"href":"https:\/\/mariellemaury.fr\/en\/wp-json\/wp\/v2\/types\/product"}],"replies":[{"embeddable":true,"href":"https:\/\/mariellemaury.fr\/en\/wp-json\/wp\/v2\/comments?post=348799"}],"wp:featuredmedia":[{"embeddable":true,"href":"https:\/\/mariellemaury.fr\/en\/wp-json\/wp\/v2\/media\/349953"}],"wp:attachment":[{"href":"https:\/\/mariellemaury.fr\/en\/wp-json\/wp\/v2\/media?parent=348799"}],"wp:term":[{"taxonomy":"product_brand","embeddable":true,"href":"https:\/\/mariellemaury.fr\/en\/wp-json\/wp\/v2\/product_brand?post=348799"},{"taxonomy":"product_cat","embeddable":true,"href":"https:\/\/mariellemaury.fr\/en\/wp-json\/wp\/v2\/product_cat?post=348799"},{"taxonomy":"product_tag","embeddable":true,"href":"https:\/\/mariellemaury.fr\/en\/wp-json\/wp\/v2\/product_tag?post=348799"}],"curies":[{"name":"wp","href":"https:\/\/api.w.org\/{rel}","templated":true}]}}