{"id":348911,"date":"2024-11-30T23:18:09","date_gmt":"2024-11-30T22:18:09","guid":{"rendered":"https:\/\/mariellemaury.fr\/?post_type=product&#038;p=348911"},"modified":"2024-12-23T13:51:57","modified_gmt":"2024-12-23T12:51:57","slug":"crop-top-en-dentelle-de-calais-or","status":"publish","type":"product","link":"https:\/\/mariellemaury.fr\/en\/produit\/crop-top-en-dentelle-de-calais-or\/","title":{"rendered":"CALIBAN \u2013 Crop Top en dentelle de Calais OR"},"content":{"rendered":"<div  class=\"tatsu-SkZxF92ZQke tatsu-section  tatsu-bg-overlay   tatsu-clearfix\" data-title=\"\"  data-headerscheme=\"background--dark\"><div class='tatsu-section-pad clearfix' data-padding='{\"d\":\"3px 0px 11px 0px\"}' data-padding-top='3px'><div class=\"tatsu-row-wrap  tatsu-wrap tatsu-row-one-col tatsu-row-has-one-cols tatsu-medium-gutter tatsu-reg-cols  tatsu-clearfix tatsu-rkllY9nWXJg\" ><div  class=\"tatsu-row \" ><div  class=\"tatsu-column  tatsu-bg-overlay tatsu-one-col tatsu-column-image-none tatsu-column-effect-none  tatsu-Hyet52Z71g\"  data-parallax-speed=\"0\" style=\"\"><div class=\"tatsu-column-inner \" ><div class=\"tatsu-column-pad-wrap\"><div class=\"tatsu-column-pad\" ><div  class=\"tatsu-module tatsu-text-block-wrap tatsu-Sy9Koh-Xyx  \"><div class=\"tatsu-text-inner tatsu-align-center  clearfix\" ><style>.tatsu-Sy9Koh-Xyx.tatsu-text-block-wrap .tatsu-text-inner{width: 100%;text-align: left;}<\/style>\n<p><span style=\"font-family: Arial Narrow, sans-serif; font-size: 12pt;\"><b>* EDITION LIMITEE *<br \/>Disponible de la taille 34 \u00e0 46<\/b><\/span><\/p>\n<p><span style=\"font-family: Arial Narrow, sans-serif; font-size: 12pt;\"><b>Envoi sous 21 jours ouvr\u00e9s (d\u00e9lai de fabrication, d\u00e9part atelier)<\/b><\/span><\/p>\n<p><span style=\"font-family: Calibri; font-size: 12pt;\"><span style=\"font-family: Arial Narrow, sans-serif;\">Un magnifique <\/span><strong><span style=\"font-family: Arial Narrow, sans-serif;\">crop top en dentelle de Calais Or<\/span><\/strong><span style=\"font-family: Arial Narrow, sans-serif;\">, parfait pour les f\u00eates ! Sa coupe courte est <\/span><strong><span style=\"font-family: Arial Narrow, sans-serif;\">id\u00e9ale avec les pantalons et jupes taille haute<\/span><\/strong><span style=\"font-family: Arial Narrow, sans-serif;\">, ses reflets Or sont particuli\u00e8rement festifs et lumineux et son <\/span><span style=\"font-family: Arial Narrow, sans-serif;\"><b>d\u00e9collet\u00e9 dos avec pans nou\u00e9s<\/b><\/span><span style=\"font-family: Arial Narrow, sans-serif;\"> lui apporte un c\u00f4t\u00e9 chic ind\u00e9niable.<\/span><\/span><\/p>\n<p><span style=\"font-size: 12pt;\"><strong><span style=\"font-family: Arial Narrow, sans-serif;\">JE LE PORTE AVEC QUOI : <\/span><\/strong><span style=\"font-family: Arial Narrow, sans-serif;\">avec une jupe \u00e9vas\u00e9e ou crayon taille haute, un pantalon &gt;&gt; \u00e0 assortir au <\/span><a href=\"https:\/\/mariellemaury.fr\/produit\/pantalon-en-lin-bio\/\" target=\"_blank\" rel=\"noopener\"><strong><span style=\"font-family: Arial Narrow, sans-serif;\">pantalon CHRYSOS<\/span><\/strong><\/a><span style=\"font-family: Arial Narrow, sans-serif;\">, \u00e0 la <\/span><a href=\"https:\/\/mariellemaury.fr\/produit\/jupe-longue-de-soiree-en-lin-doree\/\" target=\"_blank\" rel=\"noopener\"><strong><span style=\"font-family: Arial Narrow, sans-serif;\">jupe ESTRELLA<\/span><\/strong><\/a><span style=\"font-family: Arial Narrow, sans-serif;\">, et les <\/span><strong><span style=\"font-family: Arial Narrow, sans-serif;\"><a href=\"https:\/\/mariellemaury.fr\/produit\/teddy-blouson-court-femme\/\" target=\"_blank\" rel=\"noopener\">teddy JULIETTE<\/a> et <a href=\"https:\/\/mariellemaury.fr\/produit\/teddy-court-femme-en-tweed\/\" target=\"_blank\" rel=\"noopener\">OBERON<\/a><\/span><\/strong><span style=\"font-family: Arial Narrow, sans-serif;\">.<\/span><\/span><\/p>\n<p><span style=\"font-size: 12pt;\"><strong><span style=\"font-family: Arial Narrow, sans-serif;\">SON PLUS ?<\/span><\/strong><span style=\"font-family: Arial Narrow, sans-serif;\"> Doubl\u00e9 avec une mousseline de couleur chair, vous pouvez le porter \u00e0 m\u00eame la peau ou avec un soutien-gorge, qui sera cach\u00e9 par le noeud dans le dos.<\/span><\/span><\/p>\n<p><span style=\"font-size: 12pt;\"><strong><span style=\"font-family: Arial Narrow, sans-serif;\">Mati\u00e8res principales :<\/span><\/strong><span style=\"font-family: Arial Narrow, sans-serif;\"><br \/><\/span><strong><span style=\"font-family: Arial Narrow, sans-serif;\">Dentelle 95% coton 5% Viscose <\/span><\/strong><span style=\"font-family: Arial Narrow, sans-serif;\">(Provenance\u00a0: stock dormant &#8211; France)<\/span><strong><span style=\"font-family: Arial Narrow, sans-serif;\"><br \/>Doublure : mousseline 100% coton <\/span><\/strong><span style=\"font-family: Arial Narrow, sans-serif;\">(Provenance\u00a0: France)<\/span><strong><span style=\"font-family: Arial Narrow, sans-serif;\"><br \/>Pans en mousseline 100% soie <\/span><\/strong><span style=\"font-family: Arial Narrow, sans-serif;\">(Provenance\u00a0: France)<\/span><strong><span style=\"font-family: Arial Narrow, sans-serif;\"><br \/><\/span><\/strong><span style=\"font-family: Arial Narrow, sans-serif;\"><br \/><strong>Caract\u00e9ristiques :<\/strong><br \/><\/span><\/span><span style=\"font-family: Arial Narrow, sans-serif; font-size: 12pt;\">&gt; Fermeture milieu dos par 1 bride et 1 bouton<br \/>&gt; pans en mousseline \u00e0 nouer<br \/>&gt; encolure bateau et d\u00e9collet\u00e9 dos<br \/>&gt; manches 3\/4 ajust\u00e9es bord\u00e9es de dentelle au poignet<br \/><\/span><\/p>\n<p><span style=\"font-family: Arial Narrow, sans-serif; font-size: 12pt;\">Pour la taille 38 :<br \/>Longueur milieu devant : environ 37 cm<br \/>Mariem mesure 1m76 et porte une taille 38<\/span><\/p>\n<p><strong>Choisissez votre taille en fonction de votre tour de poitrine<\/strong> :\u00a0 <a href=\"https:\/\/www.encompagniedesperdrix.fr\/wp-content\/uploads\/2020\/10\/Guide-des-tailles28102020-2.pdf\" target=\"_blank\" rel=\"noopener noreferrer\"><em>Guide des tailles<\/em><\/a><\/p>\n<p><span style=\"font-size: 12pt;\"><span style=\"color: #00ff00;\"><em><strong><span style=\"font-family: Arial Narrow, sans-serif;\">Notre vision Green : <\/span><\/strong><\/em><\/span><strong><span style=\"font-family: Arial Narrow, sans-serif;\">Cette dentelle de Calais est issue de<\/span><\/strong><strong><span style=\"font-family: Arial Narrow, sans-serif;\"> stocks dormants <\/span><\/strong><span style=\"font-family: Arial Narrow, sans-serif;\">de manufactures renomm\u00e9es, <\/span><span style=\"font-family: Arial Narrow, sans-serif;\">propos\u00e9s par des<\/span><span style=\"font-family: Arial Narrow, sans-serif;\"> fournisseurs sp\u00e9cialis\u00e9s dans les mati\u00e8res d&#8217;exception \u00a0: <\/span><span style=\"font-family: Arial Narrow, sans-serif;\">utiliser des textiles d\u00e9j\u00e0 existants permet de<\/span><span style=\"font-family: Arial Narrow, sans-serif;\"> r\u00e9duire l&#8217;empreinte carbone et la consommation d&#8217;eau <\/span><span style=\"font-family: Arial Narrow, sans-serif;\">pour la cr\u00e9ation d&#8217;un v\u00eatement. La <\/span><span style=\"font-family: Arial Narrow, sans-serif;\">coupe <\/span><span style=\"font-family: Arial Narrow, sans-serif;\">est<\/span><span style=\"font-family: Arial Narrow, sans-serif;\"> optimis\u00e9e <\/span><span style=\"font-family: Arial Narrow, sans-serif;\">pour<\/span><span style=\"font-family: Arial Narrow, sans-serif;\"> limiter les chutes, <\/span><span style=\"font-family: Arial Narrow, sans-serif;\">et celles-ci sont utilis\u00e9es dans les<\/span><span style=\"font-family: Arial Narrow, sans-serif;\"> accessoires, d\u00e9tourn\u00e9es en bijoux textiles <\/span><span style=\"font-family: Arial Narrow, sans-serif;\">ou en compl\u00e9ment sur d&#8217;autres cr\u00e9ations.<\/span><span style=\"font-family: Arial Narrow, sans-serif;\"><br \/>Ce top a \u00e9galement \u00e9t\u00e9 pens\u00e9<\/span><span style=\"font-family: Arial Narrow, sans-serif;\"> pour pouvoir<\/span> <span style=\"font-family: Arial Narrow, sans-serif;\">se reporter<\/span><span style=\"font-family: Arial Narrow, sans-serif;\"> sans mod\u00e9ration pour de multiples occasions (parfait avec un jean !!)<\/span><\/span><\/p>\n<p><strong>Vous avez des questions ou vous souhaitez des conseils ?<\/strong><br \/>&gt;&gt; N&#8217;h\u00e9sitez pas \u00e0 me contacter <a href=\"mailto:atelier@mariellemaury.fr\" target=\"_blank\" rel=\"noopener\">par mail<\/a> ou <a href=\"tel:0608869388\">t\u00e9l\u00e9phone<\/a><\/p>\n<p><strong>Vos mesures ne correspondent pas \u00e0 celles du tableau ? Vous souhaitez personnaliser votre tenue ?<\/strong><br \/>&gt;&gt;\u00a0 La confection en demi-mesure ou sur-mesure est disponible \u00e0 l\u2019atelier sur devis.<\/p>\n<\/div><\/div><\/div><\/div><div class = \"tatsu-column-bg-image-wrap\"><div class = \"tatsu-column-bg-image\" ><\/div><\/div><div class=\"tatsu-overlay tatsu-column-overlay tatsu-animate-none\" ><\/div><\/div><style>.tatsu-row > .tatsu-Hyet52Z71g.tatsu-column{width: 100%;}.tatsu-Hyet52Z71g.tatsu-column > .tatsu-column-inner > .tatsu-column-overlay{mix-blend-mode: normal;}.tatsu-Hyet52Z71g > .tatsu-column-inner > .tatsu-top-divider{z-index: 9999;}.tatsu-Hyet52Z71g > .tatsu-column-inner > .tatsu-bottom-divider{z-index: 9999;}.tatsu-Hyet52Z71g > .tatsu-column-inner > .tatsu-left-divider{z-index: 9999;}.tatsu-Hyet52Z71g > .tatsu-column-inner > .tatsu-right-divider{z-index: 9999;}@media only screen and (max-width:1377px) {.tatsu-row > .tatsu-Hyet52Z71g.tatsu-column{width: 100%;}}@media only screen and (min-width:768px) and (max-width: 1024px) {.tatsu-row > .tatsu-Hyet52Z71g.tatsu-column{width: 100%;}}@media only screen and (max-width: 767px) {.tatsu-row > .tatsu-Hyet52Z71g.tatsu-column{width: 100%;}}<\/style><\/div><\/div><\/div><\/div><div class=\"tatsu-section-background-wrap\"><div class = \"tatsu-section-background\" ><\/div><\/div><div class=\"tatsu-overlay tatsu-section-overlay\"><\/div><style>.tatsu-SkZxF92ZQke .tatsu-section-pad{padding: 3px 0px 11px 0px;}.tatsu-SkZxF92ZQke .tatsu-section-offset-wrap{transform: translateY(-0px);}.tatsu-SkZxF92ZQke > .tatsu-bottom-divider{z-index: 9999;}.tatsu-SkZxF92ZQke > .tatsu-top-divider{z-index: 9999;}.tatsu-SkZxF92ZQke .tatsu-section-overlay{mix-blend-mode: normal;}<\/style><\/div>\n","protected":false},"excerpt":{"rendered":"<p>Crop-top en dentelle de Calais impression Or manches trois quart et d\u00e9collet\u00e9 dos<\/p>\n<p><a href=\"https:\/\/mariellemaury.fr\/en\/produit\/crop-top-en-dentelle-de-calais-or\/\" class=\"more-link style3-button\">Read More<\/a><\/p>","protected":false},"featured_media":348943,"comment_status":"closed","ping_status":"closed","template":"","meta":[],"product_brand":[],"product_cat":[258],"product_tag":[251,133,397,394,396,395,369],"class_list":{"0":"post-348911","1":"product","2":"type-product","3":"status-publish","4":"has-post-thumbnail","6":"product_cat-tops","7":"product_tag-ecoresponsable","8":"product_tag-fabrique-en-france","9":"product_tag-fetes","10":"product_tag-dentelle","11":"product_tag-noel","12":"product_tag-pour-la-mariee","13":"product_tag-tenue-soir-cocktail","15":"first","16":"instock","17":"shipping-taxable","18":"purchasable","19":"product-type-variable"},"aioseo_notices":[],"_links":{"self":[{"href":"https:\/\/mariellemaury.fr\/en\/wp-json\/wp\/v2\/product\/348911","targetHints":{"allow":["GET"]}}],"collection":[{"href":"https:\/\/mariellemaury.fr\/en\/wp-json\/wp\/v2\/product"}],"about":[{"href":"https:\/\/mariellemaury.fr\/en\/wp-json\/wp\/v2\/types\/product"}],"replies":[{"embeddable":true,"href":"https:\/\/mariellemaury.fr\/en\/wp-json\/wp\/v2\/comments?post=348911"}],"wp:featuredmedia":[{"embeddable":true,"href":"https:\/\/mariellemaury.fr\/en\/wp-json\/wp\/v2\/media\/348943"}],"wp:attachment":[{"href":"https:\/\/mariellemaury.fr\/en\/wp-json\/wp\/v2\/media?parent=348911"}],"wp:term":[{"taxonomy":"product_brand","embeddable":true,"href":"https:\/\/mariellemaury.fr\/en\/wp-json\/wp\/v2\/product_brand?post=348911"},{"taxonomy":"product_cat","embeddable":true,"href":"https:\/\/mariellemaury.fr\/en\/wp-json\/wp\/v2\/product_cat?post=348911"},{"taxonomy":"product_tag","embeddable":true,"href":"https:\/\/mariellemaury.fr\/en\/wp-json\/wp\/v2\/product_tag?post=348911"}],"curies":[{"name":"wp","href":"https:\/\/api.w.org\/{rel}","templated":true}]}}