{"id":349187,"date":"2024-11-27T19:22:59","date_gmt":"2024-11-27T18:22:59","guid":{"rendered":"https:\/\/mariellemaury.fr\/?post_type=product&#038;p=349187"},"modified":"2024-12-23T20:44:12","modified_gmt":"2024-12-23T19:44:12","slug":"robe-courte-en-dentelle-de-calais-or","status":"publish","type":"product","link":"https:\/\/mariellemaury.fr\/en\/produit\/robe-courte-en-dentelle-de-calais-or\/","title":{"rendered":"TITANIA\u2013 Robe mini en dentelle de Calais OR"},"content":{"rendered":"<div  class=\"tatsu-HybSql8g41e tatsu-section  tatsu-bg-overlay   tatsu-clearfix\" data-title=\"\"  data-headerscheme=\"background--dark\"><div class='tatsu-section-pad clearfix' data-padding='{\"d\":\"0px 0px 0px 0px\"}' data-padding-top='0px'><div class=\"tatsu-row-wrap  tatsu-wrap tatsu-row-one-col tatsu-row-has-one-cols tatsu-medium-gutter tatsu-reg-cols  tatsu-clearfix tatsu-rklB5eLl4yg\" ><div  class=\"tatsu-row \" ><div  class=\"tatsu-column  tatsu-bg-overlay tatsu-one-col tatsu-column-image-none tatsu-column-effect-none  tatsu-B1Scl8l4yg\"  data-parallax-speed=\"0\" style=\"\"><div class=\"tatsu-column-inner \" ><div class=\"tatsu-column-pad-wrap\"><div class=\"tatsu-column-pad\" ><div  class=\"tatsu-module tatsu-video tatsu-hosted-wrap tatsu-SkeslUlEkx   \" ><video  width = \"100%\" controls controlsList=\"nodownload\" poster = \"\" loop autoplay muted  ><source src=\"https:\/\/mariellemaury.fr\/wp-content\/uploads\/2024\/12\/robe-dentelle-collection-capsule-fetes-mariage.mov\" type=\"video\/mp4\"><\/video><\/div><\/div><\/div><div class = \"tatsu-column-bg-image-wrap\"><div class = \"tatsu-column-bg-image\" ><\/div><\/div><div class=\"tatsu-overlay tatsu-column-overlay tatsu-animate-none\" ><\/div><\/div><style>.tatsu-row > .tatsu-B1Scl8l4yg.tatsu-column{width: 48.63%;}.tatsu-B1Scl8l4yg.tatsu-column > .tatsu-column-inner > .tatsu-column-overlay{mix-blend-mode: normal;}.tatsu-B1Scl8l4yg > .tatsu-column-inner > .tatsu-top-divider{z-index: 9999;}.tatsu-B1Scl8l4yg > .tatsu-column-inner > .tatsu-bottom-divider{z-index: 9999;}.tatsu-B1Scl8l4yg > .tatsu-column-inner > .tatsu-left-divider{z-index: 9999;}.tatsu-B1Scl8l4yg > .tatsu-column-inner > .tatsu-right-divider{z-index: 9999;}@media only screen and (max-width:1377px) {.tatsu-row > .tatsu-B1Scl8l4yg.tatsu-column{width: 100%;}}@media only screen and (min-width:768px) and (max-width: 1024px) {.tatsu-row > .tatsu-B1Scl8l4yg.tatsu-column{width: 100%;}}@media only screen and (max-width: 767px) {.tatsu-row > .tatsu-B1Scl8l4yg.tatsu-column{width: 100%;}}<\/style><\/div><\/div><\/div><\/div><div class=\"tatsu-section-background-wrap\"><div class = \"tatsu-section-background\" ><\/div><\/div><div class=\"tatsu-overlay tatsu-section-overlay\"><\/div><style>.tatsu-HybSql8g41e .tatsu-section-offset-wrap{transform: translateY(-0px);}.tatsu-HybSql8g41e > .tatsu-bottom-divider{z-index: 9999;}.tatsu-HybSql8g41e > .tatsu-top-divider{z-index: 9999;}.tatsu-HybSql8g41e .tatsu-section-overlay{mix-blend-mode: normal;}<\/style><\/div><div  class=\"tatsu-SkZxF92ZQke tatsu-section  tatsu-bg-overlay   tatsu-clearfix\" data-title=\"\"  data-headerscheme=\"background--dark\"><div class='tatsu-section-pad clearfix' data-padding='{\"d\":\"0px 0px 15px 0px\"}' data-padding-top='0px'><div class=\"tatsu-row-wrap  tatsu-wrap tatsu-row-one-col tatsu-row-has-one-cols tatsu-medium-gutter tatsu-reg-cols  tatsu-clearfix tatsu-rkllY9nWXJg\" ><div  class=\"tatsu-row \" ><div  class=\"tatsu-column  tatsu-bg-overlay tatsu-one-col tatsu-column-image-none tatsu-column-effect-none  tatsu-Hyet52Z71g\"  data-parallax-speed=\"0\" style=\"\"><div class=\"tatsu-column-inner \" ><div class=\"tatsu-column-pad-wrap\"><div class=\"tatsu-column-pad\" ><div  class=\"tatsu-module tatsu-text-block-wrap tatsu-Sy9Koh-Xyx  \"><div class=\"tatsu-text-inner tatsu-align-center  clearfix\" ><style>.tatsu-Sy9Koh-Xyx.tatsu-text-block-wrap .tatsu-text-inner{width: 100%;text-align: left;}<\/style>\n<p><span style=\"font-family: Arial Narrow, sans-serif; font-size: 12pt;\"><b>TITANIA &#8211; Robe mini en dentelle de Calais Or<br \/>\n* EDITION LIMITEE *<br \/>\nDisponible de la taille 34 \u00e0 42<br \/>\n<\/b><\/span><span style=\"font-family: Arial Narrow, sans-serif; font-size: 12pt;\"><b>Envoi sous 21 jours ouvr\u00e9s (d\u00e9lai de fabrication, d\u00e9part atelier)<\/b><\/span><\/p>\n<p><span style=\"font-family: Calibri; font-size: 12pt;\"><span style=\"font-family: Arial Narrow, sans-serif;\"><b>La robe mini id\u00e9ale <\/b><\/span><span style=\"font-family: Arial Narrow, sans-serif;\">pour danser jusqu&#8217;au bout de la nuit\u00a0! De <\/span><span style=\"font-family: Arial Narrow, sans-serif;\"><b>forme trap\u00e8ze<\/b><\/span><span style=\"font-family: Arial Narrow, sans-serif;\"> l\u00e9g\u00e8rement ajust\u00e9e \u00e0 la poitrine, elle <\/span><span style=\"font-family: Arial Narrow, sans-serif;\"><b>convient \u00e0 toutes les silhouettes<\/b><\/span><span style=\"font-family: Arial Narrow, sans-serif;\"> et met les jambes en valeur ! <\/span><span style=\"font-family: Arial Narrow, sans-serif;\"><b>E<\/b><\/span><strong><span style=\"font-family: Arial Narrow, sans-serif;\">n dentelle de Calais Or<\/span><\/strong><span style=\"font-family: Arial Narrow, sans-serif;\">, doubl\u00e9e d&#8217;un Tencel tout doux couleur chair, elle est <\/span><span style=\"font-family: Arial Narrow, sans-serif;\"><b>parfaite pour les f\u00eates<\/b><\/span><span style=\"font-family: Arial Narrow, sans-serif;\"> ! Sa coupe courte est <\/span><strong><span style=\"font-family: Arial Narrow, sans-serif;\">moderne et audacieuse<\/span><\/strong><span style=\"font-family: Arial Narrow, sans-serif;\">, ses <\/span><span style=\"font-family: Arial Narrow, sans-serif;\"><b>reflets Or<\/b><\/span><span style=\"font-family: Arial Narrow, sans-serif;\"> sont particuli\u00e8rement <\/span><span style=\"font-family: Arial Narrow, sans-serif;\"><b>festifs et lumineux<\/b><\/span><span style=\"font-family: Arial Narrow, sans-serif;\">, son <\/span><span style=\"font-family: Arial Narrow, sans-serif;\"><b>d\u00e9collet\u00e9 dos<\/b><\/span><span style=\"font-family: Arial Narrow, sans-serif;\"> avec pans nou\u00e9s en mousseline de soie lui apporte son originalit\u00e9 et un chic ind\u00e9niable\u00a0!<\/span><\/span><\/p>\n<p><span style=\"font-size: 12pt;\"><strong><span style=\"font-family: Arial Narrow, sans-serif;\">JE LA PORTE AVEC QUOI : avec un blazer ou un blouson court<\/span><\/strong><span style=\"font-family: Arial Narrow, sans-serif;\"> &gt;&gt; \u00e0 assortir aux <\/span><strong><span style=\"font-family: Arial Narrow, sans-serif;\"><a href=\"https:\/\/mariellemaury.fr\/produit\/teddy-blouson-femme-court-vert\/\" target=\"_blank\" rel=\"noopener\">teddy JULIETTE<\/a> , COMETE ou OBERON<\/span><\/strong><span style=\"font-family: Arial Narrow, sans-serif;\">.<\/span><\/span><\/p>\n<p><span style=\"font-size: 12pt;\"><strong><span style=\"font-family: Arial Narrow, sans-serif;\">SON PLUS ?<\/span><\/strong><span style=\"font-family: Arial Narrow, sans-serif;\"> Tr\u00e8s facile \u00e0 vivre, sa coupe \u00e9tudi\u00e9e permet de porter un soutien-gorge ou de la porter \u00e0 m\u00eame la peau\u00a0: aucune transparence, la doublure en tencel est totalement opaque\u00a0!<\/span><\/span><\/p>\n<p><span style=\"font-size: 12pt;\"><strong><span style=\"font-family: Arial Narrow, sans-serif;\">Mati\u00e8res principales :<\/span><\/strong><span style=\"font-family: Arial Narrow, sans-serif;\"><br \/>\n<\/span><strong><span style=\"font-family: Arial Narrow, sans-serif;\">Dentelle 95% coton 5% Viscose <\/span><\/strong><span style=\"font-family: Arial Narrow, sans-serif;\">(Provenance\u00a0: stock dormant &#8211; France)<\/span><strong><span style=\"font-family: Arial Narrow, sans-serif;\"><br \/>\nDoublure : twill 100% Tencel <\/span><\/strong><span style=\"font-family: Arial Narrow, sans-serif;\">(Provenance\u00a0: Danemark)<\/span><strong><span style=\"font-family: Arial Narrow, sans-serif;\"><br \/>\nPans en mousseline cr\u00e9ponn\u00e9e 100% soie <\/span><\/strong><span style=\"font-family: Arial Narrow, sans-serif;\">(Provenance\u00a0: France)<\/span><strong><span style=\"font-family: Arial Narrow, sans-serif;\"><br \/>\n<\/span><\/strong><span style=\"font-family: Arial Narrow, sans-serif;\"><br \/>\n<strong>Caract\u00e9ristiques :<\/strong><br \/>\n&gt; Fermeture milieu dos par zip invisible<br \/>\n&gt; pans en soie \u00e0 nouer<br \/>\n&gt; encolure bateau et d\u00e9collet\u00e9 dos<br \/>\n&gt; manchettes bord\u00e9es de dentelle de Calais<\/span><\/span><\/p>\n<p><span style=\"font-family: Arial Narrow, sans-serif; font-size: 12pt;\">Pour la taille 38 :<br \/>\nLongueur milieu devant : environ 76 cm<br \/>\nMariem mesure 1m76 et porte une taille 38<\/span><\/p>\n<p><strong>Choisissez votre taille en fonction de votre tour de poitrine<\/strong> :\u00a0 <a href=\"https:\/\/www.encompagniedesperdrix.fr\/wp-content\/uploads\/2020\/10\/Guide-des-tailles28102020-2.pdf\" target=\"_blank\" rel=\"noopener noreferrer\"><em>Guide des tailles<\/em><\/a><\/p>\n<p><span style=\"font-size: 12pt;\"><strong><span style=\"font-family: Arial Narrow, sans-serif;\">Ma vision Green : <\/span><\/strong><strong><span style=\"font-family: Arial Narrow, sans-serif;\">Cette dentelle de Calais est issue de<\/span><\/strong><strong><span style=\"font-family: Arial Narrow, sans-serif;\"> stocks dormants<\/span><\/strong><span style=\"font-family: Arial Narrow, sans-serif;\"> de manufactures renomm\u00e9es, <\/span><span style=\"font-family: Arial Narrow, sans-serif;\">propos\u00e9s par des<\/span><span style=\"font-family: Arial Narrow, sans-serif;\"> fournisseurs sp\u00e9cialis\u00e9s dans les mati\u00e8res d&#8217;exception : <\/span><span style=\"font-family: Arial Narrow, sans-serif;\">utiliser des textiles d\u00e9j\u00e0 existants permet de<\/span><span style=\"font-family: Arial Narrow, sans-serif;\"> r\u00e9duire l&#8217;empreinte carbone et la consommation d&#8217;eau <\/span><span style=\"font-family: Arial Narrow, sans-serif;\">pour la cr\u00e9ation d&#8217;un v\u00eatement, et j&#8217;ai choisi un <\/span><span style=\"font-family: Arial Narrow, sans-serif;\">tencel<\/span><span style=\"font-family: Arial Narrow, sans-serif;\"> comme doublure pour son c\u00f4t\u00e9 <\/span><span style=\"font-family: Arial Narrow, sans-serif;\">respirant<\/span><span style=\"font-family: Arial Narrow, sans-serif;\"> et \u00e0 <\/span><span style=\"font-family: Arial Narrow, sans-serif;\">faible impact \u00e9cologique.<\/span><span style=\"font-family: Arial Narrow, sans-serif;\"><br \/>\nLa <\/span><span style=\"font-family: Arial Narrow, sans-serif;\">coupe <\/span><span style=\"font-family: Arial Narrow, sans-serif;\">est<\/span><span style=\"font-family: Arial Narrow, sans-serif;\"> optimis\u00e9e <\/span><span style=\"font-family: Arial Narrow, sans-serif;\">pour<\/span><span style=\"font-family: Arial Narrow, sans-serif;\"> limiter les chutes, <\/span><span style=\"font-family: Arial Narrow, sans-serif;\">et celles-ci sont utilis\u00e9es dans les<\/span><span style=\"font-family: Arial Narrow, sans-serif;\"> accessoires, d\u00e9tourn\u00e9es en bijoux textiles <\/span><span style=\"font-family: Arial Narrow, sans-serif;\">ou en compl\u00e9ment sur d&#8217;autres cr\u00e9ations. De plus, cette robe a \u00e9t\u00e9 pens\u00e9e comme <\/span><span style=\"font-family: Arial Narrow, sans-serif;\">une pi\u00e8ce intemporelle<\/span> <span style=\"font-family: Arial Narrow, sans-serif;\">et elle <\/span><span style=\"font-family: Arial Narrow, sans-serif;\"> se reporte sans mod\u00e9ration pour de multiples occasions (parfaite avec un teddy color\u00e9 !!)<\/span><\/span><\/p>\n<p><strong>Vous avez des questions ou vous souhaitez des conseils ?<\/strong><br \/>\n&gt;&gt; N&#8217;h\u00e9sitez pas \u00e0 me contacter <a href=\"mailto:atelier@mariellemaury.fr\" target=\"_blank\" rel=\"noopener\">par mail<\/a> ou<a href=\"tel:0608869388\" target=\"_blank\" rel=\"noopener\"> t\u00e9l\u00e9phone<\/a><\/p>\n<p><strong>Vos mesures ne correspondent pas \u00e0 celles du tableau ? Vous souhaitez personnaliser votre tenue ?<\/strong><br \/>\n&gt;&gt;\u00a0 La confection en demi-mesure ou sur-mesure est disponible \u00e0 l\u2019atelier sur devis.<\/p>\n<\/div><\/div><\/div><\/div><div class = \"tatsu-column-bg-image-wrap\"><div class = \"tatsu-column-bg-image\" ><\/div><\/div><div class=\"tatsu-overlay tatsu-column-overlay tatsu-animate-none\" ><\/div><\/div><style>.tatsu-row > .tatsu-Hyet52Z71g.tatsu-column{width: 100%;}.tatsu-Hyet52Z71g.tatsu-column > .tatsu-column-inner > .tatsu-column-overlay{mix-blend-mode: normal;}.tatsu-Hyet52Z71g > .tatsu-column-inner > .tatsu-top-divider{z-index: 9999;}.tatsu-Hyet52Z71g > .tatsu-column-inner > .tatsu-bottom-divider{z-index: 9999;}.tatsu-Hyet52Z71g > .tatsu-column-inner > .tatsu-left-divider{z-index: 9999;}.tatsu-Hyet52Z71g > .tatsu-column-inner > .tatsu-right-divider{z-index: 9999;}@media only screen and (max-width:1377px) {.tatsu-row > .tatsu-Hyet52Z71g.tatsu-column{width: 100%;}}@media only screen and (min-width:768px) and (max-width: 1024px) {.tatsu-row > .tatsu-Hyet52Z71g.tatsu-column{width: 100%;}}@media only screen and (max-width: 767px) {.tatsu-row > .tatsu-Hyet52Z71g.tatsu-column{width: 100%;}}<\/style><\/div><\/div><\/div><\/div><div class=\"tatsu-section-background-wrap\"><div class = \"tatsu-section-background\" ><\/div><\/div><div class=\"tatsu-overlay tatsu-section-overlay\"><\/div><style>.tatsu-SkZxF92ZQke .tatsu-section-pad{padding: 0px 0px 15px 0px;}.tatsu-SkZxF92ZQke .tatsu-section-offset-wrap{transform: translateY(-0px);}.tatsu-SkZxF92ZQke > .tatsu-bottom-divider{z-index: 9999;}.tatsu-SkZxF92ZQke > .tatsu-top-divider{z-index: 9999;}.tatsu-SkZxF92ZQke .tatsu-section-overlay{mix-blend-mode: normal;}<\/style><\/div>\n","protected":false},"excerpt":{"rendered":"<p>Robe longueur mini en dentelle de Calais Or et doublure en tencel<\/p>\n<p><a href=\"https:\/\/mariellemaury.fr\/en\/produit\/robe-courte-en-dentelle-de-calais-or\/\" class=\"more-link style3-button\">Read More<\/a><\/p>","protected":false},"featured_media":349276,"comment_status":"closed","ping_status":"closed","template":"","meta":[],"product_brand":[],"product_cat":[386],"product_tag":[251,133,397,394,396,395,369],"class_list":{"0":"post-349187","1":"product","2":"type-product","3":"status-publish","4":"has-post-thumbnail","6":"product_cat-robes","7":"product_tag-ecoresponsable","8":"product_tag-fabrique-en-france","9":"product_tag-fetes","10":"product_tag-dentelle","11":"product_tag-noel","12":"product_tag-pour-la-mariee","13":"product_tag-tenue-soir-cocktail","15":"first","16":"instock","17":"shipping-taxable","18":"purchasable","19":"product-type-variable"},"aioseo_notices":[],"_links":{"self":[{"href":"https:\/\/mariellemaury.fr\/en\/wp-json\/wp\/v2\/product\/349187","targetHints":{"allow":["GET"]}}],"collection":[{"href":"https:\/\/mariellemaury.fr\/en\/wp-json\/wp\/v2\/product"}],"about":[{"href":"https:\/\/mariellemaury.fr\/en\/wp-json\/wp\/v2\/types\/product"}],"replies":[{"embeddable":true,"href":"https:\/\/mariellemaury.fr\/en\/wp-json\/wp\/v2\/comments?post=349187"}],"wp:featuredmedia":[{"embeddable":true,"href":"https:\/\/mariellemaury.fr\/en\/wp-json\/wp\/v2\/media\/349276"}],"wp:attachment":[{"href":"https:\/\/mariellemaury.fr\/en\/wp-json\/wp\/v2\/media?parent=349187"}],"wp:term":[{"taxonomy":"product_brand","embeddable":true,"href":"https:\/\/mariellemaury.fr\/en\/wp-json\/wp\/v2\/product_brand?post=349187"},{"taxonomy":"product_cat","embeddable":true,"href":"https:\/\/mariellemaury.fr\/en\/wp-json\/wp\/v2\/product_cat?post=349187"},{"taxonomy":"product_tag","embeddable":true,"href":"https:\/\/mariellemaury.fr\/en\/wp-json\/wp\/v2\/product_tag?post=349187"}],"curies":[{"name":"wp","href":"https:\/\/api.w.org\/{rel}","templated":true}]}}