{"id":349198,"date":"2024-11-28T22:19:48","date_gmt":"2024-11-28T21:19:48","guid":{"rendered":"https:\/\/mariellemaury.fr\/?post_type=product&#038;p=349198"},"modified":"2024-12-23T20:34:08","modified_gmt":"2024-12-23T19:34:08","slug":"crop-top-en-dentelle-de-calais-noir","status":"publish","type":"product","link":"https:\/\/mariellemaury.fr\/en\/produit\/crop-top-en-dentelle-de-calais-noir\/","title":{"rendered":"PULSAR \u2013 Crop Top en dentelle de Calais Noir"},"content":{"rendered":"<div  class=\"tatsu-SkZxF92ZQke tatsu-section  tatsu-bg-overlay   tatsu-clearfix\" data-title=\"\"  data-headerscheme=\"background--dark\"><div class='tatsu-section-pad clearfix' data-padding='{\"d\":\"3px 0px 11px 0px\"}' data-padding-top='3px'><div class=\"tatsu-row-wrap  tatsu-wrap tatsu-row-one-col tatsu-row-has-one-cols tatsu-medium-gutter tatsu-reg-cols  tatsu-clearfix tatsu-rkllY9nWXJg\" ><div  class=\"tatsu-row \" ><div  class=\"tatsu-column  tatsu-bg-overlay tatsu-one-col tatsu-column-image-none tatsu-column-effect-none  tatsu-Hyet52Z71g\"  data-parallax-speed=\"0\" style=\"\"><div class=\"tatsu-column-inner \" ><div class=\"tatsu-column-pad-wrap\"><div class=\"tatsu-column-pad\" ><div  class=\"tatsu-module tatsu-text-block-wrap tatsu-Sy9Koh-Xyx  \"><div class=\"tatsu-text-inner tatsu-align-center  clearfix\" ><style>.tatsu-Sy9Koh-Xyx.tatsu-text-block-wrap .tatsu-text-inner{width: 100%;text-align: left;}<\/style>\n<p><span style=\"font-family: Arial Narrow, sans-serif; font-size: 12pt;\"><b>* EDITION LIMITEE *<br \/>\nDisponible de la taille 34 \u00e0 46<br \/>\n<\/b><\/span><span style=\"font-family: Calibri; font-size: 12pt;\"><span style=\"font-family: Arial Narrow, sans-serif;\"><b>Envoi sous 21 jours ouvr\u00e9s (d\u00e9lai de fabrication, d\u00e9part atelier)<br \/>\n<\/b><\/span><span style=\"font-family: Arial Narrow, sans-serif;\"><br \/>\nUn <\/span><strong><span style=\"font-family: Arial Narrow, sans-serif;\">crop top ultra-chic dans une dentelle de Calais luxueuse noire, <\/span><\/strong><strong><span style=\"font-family: Arial Narrow, sans-serif;\">encolure bateau devant et<\/span><\/strong><strong><span style=\"font-family: Arial Narrow, sans-serif;\"> un magnifique d\u00e9collet\u00e9 dos <\/span><\/strong><strong><span style=\"font-family: Arial Narrow, sans-serif;\">mis<\/span><\/strong> <strong><span style=\"font-family: Arial Narrow, sans-serif;\">en valeur par <\/span><\/strong><strong><span style=\"font-family: Arial Narrow, sans-serif;\">les pans de mousseline de soie \u00e0 nouer ou laisser libres. L&#8217;effortless chic \u00e0 la fran\u00e7aise<\/span><\/strong><span style=\"font-family: Arial Narrow, sans-serif;\">, parfait pour une tenue de soir\u00e9e ! Sa coupe courte est <\/span><strong><span style=\"font-family: Arial Narrow, sans-serif;\">id\u00e9ale avec les pantalons et jupes taille haute.<\/span><\/strong><\/span><\/p>\n<p><span style=\"font-size: 12pt;\"><strong><span style=\"font-family: Arial Narrow, sans-serif;\">JE LE PORTE AVEC QUOI : <\/span><\/strong><span style=\"font-family: Arial Narrow, sans-serif;\">avec une jupe \u00e9vas\u00e9e ou crayon taille haute, un pantalon taille haute ou par-dessus une robe &gt;&gt; \u00e0 assortir \u00e0 la <a href=\"https:\/\/mariellemaury.fr\/produit\/jupe-midi-en-crepe\/\" target=\"_blank\" rel=\"noopener\">jupe SOLEIL NOIR<\/a>, \u00e0 la <a href=\"https:\/\/mariellemaury.fr\/produit\/jupe-en-soie-fabriquee-en-france\/\" target=\"_blank\" rel=\"noopener\">jupe MERCURE<\/a>, au <a href=\"https:\/\/mariellemaury.fr\/produit\/pantalon-en-lin-bio\/\" target=\"_blank\" rel=\"noopener\">pantalon CHRYSOS<\/a>, au <a href=\"https:\/\/mariellemaury.fr\/produit\/short-femme-taille-haute-noir\/\" target=\"_blank\" rel=\"noopener\">short AQUARIUS<\/a>, au <a href=\"https:\/\/mariellemaury.fr\/produit\/teddy-blouson-femme-court-vert\/\" target=\"_blank\" rel=\"noopener\">teddy JULIETTE<\/a><\/span><\/span><\/p>\n<p><span style=\"font-size: 12pt;\"><strong><span style=\"font-family: Arial Narrow, sans-serif;\">SON PLUS ?<\/span><\/strong><span style=\"font-family: Arial Narrow, sans-serif;\"> Vous pouvez le porter avec un soutien-gorge de la couleur de votre peau ou avec un d\u00e9bardeur \u00e0 fines bretelles comme le top MAGELLAN, ou par-dessus une robe \u00e0 fine bretelles comme la robe METEORE<\/span><\/span><\/p>\n<p><span style=\"font-size: 12pt;\"><strong><span style=\"font-family: Arial Narrow, sans-serif;\">Mati\u00e8res principales :<\/span><\/strong><span style=\"font-family: Arial Narrow, sans-serif;\"><br \/>\n<\/span><strong><span style=\"font-family: Arial Narrow, sans-serif;\">Dentelle 65% coton 35% Polyamide (provenance\u00a0: France- Calais)<br \/>\nPans en mousseline cr\u00eaponn\u00e9e 100% soie (provenance : France)<br \/>\n<\/span><\/strong><span style=\"font-family: Arial Narrow, sans-serif;\"><br \/>\n<strong>Caract\u00e9ristiques :<\/strong><br \/>\n<\/span><span style=\"font-family: Arial Narrow, sans-serif;\">&gt; Fermeture milieu dos par une bride et un bouton<br \/>\n&gt; pans en mousseline \u00e0 nouer<br \/>\n&gt; encolure bateau et d\u00e9collet\u00e9 dos<br \/>\n&gt; manches longueur coude.<\/span><\/span><\/p>\n<p><span style=\"font-family: Arial Narrow, sans-serif; font-size: 12pt;\">Pour la taille 38 :<br \/>\nLongueur milieu devant : environ 37 cm<br \/>\nMariem mesure 1m76 et porte une taille 38<\/span><\/p>\n<p><strong>Choisissez votre taille en fonction de votre tour de poitrine<\/strong> :\u00a0 <a href=\"https:\/\/www.encompagniedesperdrix.fr\/wp-content\/uploads\/2020\/10\/Guide-des-tailles28102020-2.pdf\" target=\"_blank\" rel=\"noopener noreferrer\"><em>Guide des tailles<\/em><\/a><\/p>\n<p><span style=\"font-size: 12pt;\"><span style=\"color: #00ff00;\"><em><strong><span style=\"font-family: Arial Narrow, sans-serif;\">Notre vision Green :\u00a0<\/span><\/strong><\/em><\/span><\/span><span style=\"font-size: 12pt;\"><span style=\"font-family: Arial Narrow, sans-serif;\">Cette dentelle de Calais est <\/span><strong><span style=\"font-family: Arial Narrow, sans-serif;\"><b>certifiee Oeko-tex<\/b><\/span><\/strong><span style=\"font-family: Arial Narrow, sans-serif;\"> et issue d&#8217;une<\/span><span style=\"font-family: Arial Narrow, sans-serif;\"> manufacture Fran\u00e7aise renomm\u00e9e.<\/span><strong><span style=\"font-family: Arial Narrow, sans-serif;\"> La <\/span><\/strong><strong><span style=\"font-family: Arial Narrow, sans-serif;\">coupe <\/span><\/strong><strong><span style=\"font-family: Arial Narrow, sans-serif;\">est<\/span><\/strong><strong><span style=\"font-family: Arial Narrow, sans-serif;\"> optimis\u00e9e <\/span><\/strong><strong><span style=\"font-family: Arial Narrow, sans-serif;\">pour<\/span><\/strong><strong><span style=\"font-family: Arial Narrow, sans-serif;\"> limiter les chutes, <\/span><\/strong><span style=\"font-family: Arial Narrow, sans-serif;\">et celles-ci sont utilis\u00e9es dans les<\/span><span style=\"font-family: Arial Narrow, sans-serif;\"> accessoires, d\u00e9tourn\u00e9es en bijoux textiles <\/span><span style=\"font-family: Arial Narrow, sans-serif;\">ou en compl\u00e9ment sur d&#8217;autres cr\u00e9ations.<\/span><strong><span style=\"font-family: Arial Narrow, sans-serif;\"><br \/>\n<\/span><\/strong><span style=\"font-family: Arial Narrow, sans-serif;\">Ce top a \u00e9galement \u00e9t\u00e9 pens\u00e9<\/span><span style=\"font-family: Arial Narrow, sans-serif;\"> pour pouvoir<\/span> <span style=\"font-family: Arial Narrow, sans-serif;\">se reporter<\/span><span style=\"font-family: Arial Narrow, sans-serif;\"> sans mod\u00e9ration pour de multiples occasions <\/span><span style=\"font-family: Arial Narrow, sans-serif;\">(parfait avec <\/span><span style=\"font-family: Arial Narrow, sans-serif;\">un<\/span><span style=\"font-family: Arial Narrow, sans-serif;\"> pantalon simple ou un jean !!)<\/span><\/span><\/p>\n<p><strong>Vous avez des questions ou vous souhaitez des conseils ?<\/strong><br \/>\n&gt;&gt; N&#8217;h\u00e9sitez pas \u00e0 me contacter <a href=\"mailto:atelier@mariellemaury.fr\">par mail<\/a> ou <a href=\"tel:0608869388\">t\u00e9l\u00e9phone<\/a><\/p>\n<p><strong>Vos mesures ne correspondent pas \u00e0 celles du tableau ? Vous souhaitez personnaliser votre tenue ?<\/strong><br \/>\n&gt;&gt;\u00a0 La confection en demi-mesure ou sur-mesure est disponible \u00e0 l\u2019atelier sur devis.<\/p>\n<\/div><\/div><\/div><\/div><div class = \"tatsu-column-bg-image-wrap\"><div class = \"tatsu-column-bg-image\" ><\/div><\/div><div class=\"tatsu-overlay tatsu-column-overlay tatsu-animate-none\" ><\/div><\/div><style>.tatsu-row > .tatsu-Hyet52Z71g.tatsu-column{width: 100%;}.tatsu-Hyet52Z71g.tatsu-column > .tatsu-column-inner > .tatsu-column-overlay{mix-blend-mode: normal;}.tatsu-Hyet52Z71g > .tatsu-column-inner > .tatsu-top-divider{z-index: 9999;}.tatsu-Hyet52Z71g > .tatsu-column-inner > .tatsu-bottom-divider{z-index: 9999;}.tatsu-Hyet52Z71g > .tatsu-column-inner > .tatsu-left-divider{z-index: 9999;}.tatsu-Hyet52Z71g > .tatsu-column-inner > .tatsu-right-divider{z-index: 9999;}@media only screen and (max-width:1377px) {.tatsu-row > .tatsu-Hyet52Z71g.tatsu-column{width: 100%;}}@media only screen and (min-width:768px) and (max-width: 1024px) {.tatsu-row > .tatsu-Hyet52Z71g.tatsu-column{width: 100%;}}@media only screen and (max-width: 767px) {.tatsu-row > .tatsu-Hyet52Z71g.tatsu-column{width: 100%;}}<\/style><\/div><\/div><\/div><\/div><div class=\"tatsu-section-background-wrap\"><div class = \"tatsu-section-background\" ><\/div><\/div><div class=\"tatsu-overlay tatsu-section-overlay\"><\/div><style>.tatsu-SkZxF92ZQke .tatsu-section-pad{padding: 3px 0px 11px 0px;}.tatsu-SkZxF92ZQke .tatsu-section-offset-wrap{transform: translateY(-0px);}.tatsu-SkZxF92ZQke > .tatsu-bottom-divider{z-index: 9999;}.tatsu-SkZxF92ZQke > .tatsu-top-divider{z-index: 9999;}.tatsu-SkZxF92ZQke .tatsu-section-overlay{mix-blend-mode: normal;}<\/style><\/div>\n","protected":false},"excerpt":{"rendered":"<p><span style=\"font-family: Arial Narrow, sans-serif; font-size: 12pt;\">Crop top en dentelle de Calais noir <\/span><\/p>\n<p><a href=\"https:\/\/mariellemaury.fr\/en\/produit\/crop-top-en-dentelle-de-calais-noir\/\" class=\"more-link style3-button\">Read More<\/a><\/p>","protected":false},"featured_media":349294,"comment_status":"closed","ping_status":"closed","template":"","meta":[],"product_brand":[],"product_cat":[258],"product_tag":[251,133,397,394,396,395,369],"class_list":{"0":"post-349198","1":"product","2":"type-product","3":"status-publish","4":"has-post-thumbnail","6":"product_cat-tops","7":"product_tag-ecoresponsable","8":"product_tag-fabrique-en-france","9":"product_tag-fetes","10":"product_tag-dentelle","11":"product_tag-noel","12":"product_tag-pour-la-mariee","13":"product_tag-tenue-soir-cocktail","15":"first","16":"instock","17":"shipping-taxable","18":"purchasable","19":"product-type-variable"},"aioseo_notices":[],"_links":{"self":[{"href":"https:\/\/mariellemaury.fr\/en\/wp-json\/wp\/v2\/product\/349198","targetHints":{"allow":["GET"]}}],"collection":[{"href":"https:\/\/mariellemaury.fr\/en\/wp-json\/wp\/v2\/product"}],"about":[{"href":"https:\/\/mariellemaury.fr\/en\/wp-json\/wp\/v2\/types\/product"}],"replies":[{"embeddable":true,"href":"https:\/\/mariellemaury.fr\/en\/wp-json\/wp\/v2\/comments?post=349198"}],"wp:featuredmedia":[{"embeddable":true,"href":"https:\/\/mariellemaury.fr\/en\/wp-json\/wp\/v2\/media\/349294"}],"wp:attachment":[{"href":"https:\/\/mariellemaury.fr\/en\/wp-json\/wp\/v2\/media?parent=349198"}],"wp:term":[{"taxonomy":"product_brand","embeddable":true,"href":"https:\/\/mariellemaury.fr\/en\/wp-json\/wp\/v2\/product_brand?post=349198"},{"taxonomy":"product_cat","embeddable":true,"href":"https:\/\/mariellemaury.fr\/en\/wp-json\/wp\/v2\/product_cat?post=349198"},{"taxonomy":"product_tag","embeddable":true,"href":"https:\/\/mariellemaury.fr\/en\/wp-json\/wp\/v2\/product_tag?post=349198"}],"curies":[{"name":"wp","href":"https:\/\/api.w.org\/{rel}","templated":true}]}}