{"id":349225,"date":"2024-11-28T23:56:32","date_gmt":"2024-11-28T22:56:32","guid":{"rendered":"https:\/\/mariellemaury.fr\/?post_type=product&#038;p=349225"},"modified":"2025-11-30T10:32:24","modified_gmt":"2025-11-30T09:32:24","slug":"short-femme-taille-haute-noir","status":"publish","type":"product","link":"https:\/\/mariellemaury.fr\/en\/produit\/short-femme-taille-haute-noir\/","title":{"rendered":"AQUARIUS \u2013 Short taille haute en cr\u00eape"},"content":{"rendered":"<div  class=\"tatsu-H1buvfSxEJl tatsu-section  tatsu-bg-overlay   tatsu-clearfix\" data-title=\"\"  data-headerscheme=\"background--dark\"><div class='tatsu-section-pad clearfix' data-padding='{\"d\":\"0px 7px 0px 0px\"}' data-padding-top='0px'><div class=\"tatsu-row-wrap  tatsu-wrap tatsu-row-has-one-half tatsu-row-has-two-cols tatsu-medium-gutter tatsu-reg-cols  tatsu-clearfix tatsu-rye_wGSl4Jx\" ><style>.tatsu-rye_wGSl4Jx.tatsu-row-wrap > .tatsu-row{padding: 0px 10px 0px 0px;margin-bottom: 2px;}.tatsu-rye_wGSl4Jx > .tatsu-row{margin-top: 0px;}<\/style><div  class=\"tatsu-row \" ><div  class=\"tatsu-column  tatsu-bg-overlay tatsu-one-half tatsu-column-image-none tatsu-column-effect-none  tatsu-ryuDfrlVkl\"  data-parallax-speed=\"0\" style=\"\"><div class=\"tatsu-column-inner \" ><div class=\"tatsu-column-pad-wrap\"><div class=\"tatsu-column-pad\" ><div  class=\"tatsu-module tatsu-video tatsu-hosted-wrap tatsu-SyIYMHg4kl   \" ><video  width = \"100%\" controls controlsList=\"nodownload\" poster = \"\" loop autoplay muted  ><source src=\"https:\/\/mariellemaury.fr\/wp-content\/uploads\/2024\/12\/short-noir-soirees-fetes-top-dentelle-2.mov\" type=\"video\/mp4\"><\/video><\/div><\/div><\/div><div class = \"tatsu-column-bg-image-wrap\"><div class = \"tatsu-column-bg-image\" ><\/div><\/div><div class=\"tatsu-overlay tatsu-column-overlay tatsu-animate-none\" ><\/div><\/div><style>.tatsu-row > .tatsu-ryuDfrlVkl.tatsu-column{width: 50%;}.tatsu-ryuDfrlVkl.tatsu-column > .tatsu-column-inner > .tatsu-column-overlay{mix-blend-mode: normal;}.tatsu-ryuDfrlVkl > .tatsu-column-inner > .tatsu-top-divider{z-index: 9999;}.tatsu-ryuDfrlVkl > .tatsu-column-inner > .tatsu-bottom-divider{z-index: 9999;}.tatsu-ryuDfrlVkl > .tatsu-column-inner > .tatsu-left-divider{z-index: 9999;}.tatsu-ryuDfrlVkl > .tatsu-column-inner > .tatsu-right-divider{z-index: 9999;}@media only screen and (max-width:1377px) {.tatsu-row > .tatsu-ryuDfrlVkl.tatsu-column{width: 50%;}}@media only screen and (min-width:768px) and (max-width: 1024px) {.tatsu-row > .tatsu-ryuDfrlVkl.tatsu-column{width: 50%;}}@media only screen and (max-width: 767px) {.tatsu-row > .tatsu-ryuDfrlVkl.tatsu-column{width: 100%;}}<\/style><\/div><div  class=\"tatsu-column  tatsu-bg-overlay tatsu-column-empty tatsu-one-half tatsu-column-image-none tatsu-column-effect-none  tatsu-HJxeEA7L41l\"  data-parallax-speed=\"0\" style=\"\"><div class=\"tatsu-column-inner \" ><div class=\"tatsu-column-pad-wrap\"><div class=\"tatsu-column-pad\" ><\/div><\/div><div class = \"tatsu-column-bg-image-wrap\"><div class = \"tatsu-column-bg-image\" ><\/div><\/div><div class=\"tatsu-overlay tatsu-column-overlay tatsu-animate-none\" ><\/div><\/div><style>.tatsu-row > .tatsu-HJxeEA7L41l.tatsu-column{width: 50%;}.tatsu-HJxeEA7L41l.tatsu-column > .tatsu-column-inner > .tatsu-column-overlay{mix-blend-mode: normal;}.tatsu-HJxeEA7L41l > .tatsu-column-inner > .tatsu-top-divider{z-index: 9999;}.tatsu-HJxeEA7L41l > .tatsu-column-inner > .tatsu-bottom-divider{z-index: 9999;}.tatsu-HJxeEA7L41l > .tatsu-column-inner > .tatsu-left-divider{z-index: 9999;}.tatsu-HJxeEA7L41l > .tatsu-column-inner > .tatsu-right-divider{z-index: 9999;}@media only screen and (max-width:1377px) {.tatsu-row > .tatsu-HJxeEA7L41l.tatsu-column{width: 50%;}}@media only screen and (min-width:768px) and (max-width: 1024px) {.tatsu-row > .tatsu-HJxeEA7L41l.tatsu-column{width: 50%;}}@media only screen and (max-width: 767px) {.tatsu-row > .tatsu-HJxeEA7L41l.tatsu-column{width: 100%;}}<\/style><\/div><\/div><\/div><\/div><div class=\"tatsu-section-background-wrap\"><div class = \"tatsu-section-background\" ><\/div><\/div><div class=\"tatsu-overlay tatsu-section-overlay\"><\/div><style>.tatsu-H1buvfSxEJl{border-width: 2px 0px 0px 0px;border-style: solid;}.tatsu-H1buvfSxEJl .tatsu-section-pad{padding: 0px 7px 0px 0px;}.tatsu-H1buvfSxEJl.tatsu-section{margin: 0px 1px 0px 4px;}.tatsu-H1buvfSxEJl .tatsu-section-offset-wrap{transform: translateY(-0px);}.tatsu-H1buvfSxEJl > .tatsu-bottom-divider{z-index: 9999;}.tatsu-H1buvfSxEJl > .tatsu-top-divider{z-index: 9999;}.tatsu-H1buvfSxEJl .tatsu-section-overlay{mix-blend-mode: normal;}<\/style><\/div><div  class=\"tatsu-SkZxF92ZQke tatsu-section  tatsu-bg-overlay   tatsu-clearfix\" data-title=\"\"  data-headerscheme=\"background--dark\"><div class='tatsu-section-pad clearfix' data-padding='{\"d\":\"3px 0px 11px 0px\"}' data-padding-top='3px'><div class=\"tatsu-row-wrap  tatsu-wrap tatsu-row-one-col tatsu-row-has-one-cols tatsu-medium-gutter tatsu-reg-cols  tatsu-clearfix tatsu-rkllY9nWXJg\" ><div  class=\"tatsu-row \" ><div  class=\"tatsu-column  tatsu-bg-overlay tatsu-one-col tatsu-column-image-none tatsu-column-effect-none  tatsu-Hyet52Z71g\"  data-parallax-speed=\"0\" style=\"\"><div class=\"tatsu-column-inner \" ><div class=\"tatsu-column-pad-wrap\"><div class=\"tatsu-column-pad\" ><div  class=\"tatsu-module tatsu-text-block-wrap tatsu-Sy9Koh-Xyx  \"><div class=\"tatsu-text-inner tatsu-align-center  clearfix\" ><style>.tatsu-Sy9Koh-Xyx.tatsu-text-block-wrap .tatsu-text-inner{width: 100%;text-align: left;}<\/style>\n<p><span style=\"font-family: Arial Narrow, sans-serif; font-size: 12pt;\"><b>Disponible de la taille 34 \u00e0 44<br \/>\n<\/b><\/span><span style=\"font-family: Arial Narrow, sans-serif; font-size: 12pt;\"><b>Envoi sous 21 jours ouvr\u00e9s (d\u00e9lai de fabrication, d\u00e9part atelier)<\/b><\/span><\/p>\n<p><span style=\"font-family: Calibri; font-size: 12pt;\"><span style=\"font-family: Arial Narrow, sans-serif;\"><b>LE short \u00e0 avoir dans sa garde-robe\u00a0! Avec sa coupe courte et sa taille haute et cintr\u00e9e, il fait de longues jambes\u00a0et galbe le fessier en douceur !<\/b><\/span><span style=\"font-family: Arial Narrow, sans-serif;\"> Son cr\u00eape lourd lui conf\u00e8re <\/span><span style=\"font-family: Arial Narrow, sans-serif;\"><b>de la tenue ET de la souplesse\u00a0: u<\/b><\/span><span style=\"font-family: Arial Narrow, sans-serif;\">n must<\/span><span style=\"font-family: Arial Narrow, sans-serif;\"><b> intemporel tr\u00e8s facile \u00e0 assortir <\/b><\/span><span style=\"font-family: Arial Narrow, sans-serif;\">au reste de votre garde-robe. <\/span><\/span><\/p>\n<p><span style=\"font-size: 12pt;\"><strong><span style=\"font-family: Arial Narrow, sans-serif;\">JE LE PORTE AVEC QUOI : on l&#8217;aime avec des talons, <\/span><\/strong><strong><span style=\"font-family: Arial Narrow, sans-serif;\">mais aussi avec des bottes montantes, <\/span><\/strong><strong><span style=\"font-family: Arial Narrow, sans-serif;\">et pour le haut avec un crop-top ou une veste courte pour mettre en valeur la taille cintr\u00e9e<\/span><\/strong><span style=\"font-family: Arial Narrow, sans-serif;\"> &gt;&gt; \u00e0 assortir au <\/span><span style=\"font-family: Arial Narrow, sans-serif;\"><a href=\"https:\/\/mariellemaury.fr\/produit\/crop-top-en-dentelle-de-calais-noir\/\" target=\"_blank\" rel=\"noopener\">Top PULSAR<\/a>, au<a href=\"https:\/\/mariellemaury.fr\/produit\/top-noir-en-soie-et-dentelle\/\" target=\"_blank\" rel=\"noopener\"> top MAGELLAN<\/a>\u00a0<\/span><span style=\"font-family: Arial Narrow, sans-serif;\">, au<a href=\"https:\/\/mariellemaury.fr\/produit\/teddy-blouson-femme-court-vert\/\" target=\"_blank\" rel=\"noopener\"> teddy JULIETTE<\/a>, au <a href=\"https:\/\/mariellemaury.fr\/produit\/crop-top-en-dentelle-de-calais-or\/\" target=\"_blank\" rel=\"noopener\">top CALIBAN<\/a><\/span><\/span><\/p>\n<p><span style=\"font-size: 12pt;\"><strong><span style=\"font-family: Arial Narrow, sans-serif;\">SON PLUS ?<\/span><\/strong> <span style=\"font-family: Arial Narrow, sans-serif;\"><b>Vous pouvez le reporter tr\u00e8s facilement pour toutes les occasions\u00a0en changeant les accessoires ! <\/b><\/span><span style=\"font-family: Arial Narrow, sans-serif;\">Son cr\u00eape mat permet de l&#8217;associer facilement \u00e0 <\/span><span style=\"font-family: Arial Narrow, sans-serif;\"><b>une chemise, une blouse <\/b><\/span><span style=\"font-family: Arial Narrow, sans-serif;\">ou un <\/span><span style=\"font-family: Arial Narrow, sans-serif;\"><b>col-roul\u00e9<\/b><\/span><span style=\"font-family: Arial Narrow, sans-serif;\"> pour le porter au bureau avec des collants opaques et des bottes, pour un after-work, un rendez-vous de travail&#8230;<\/span><\/span><\/p>\n<p><span style=\"font-size: 12pt;\"><strong><span style=\"font-family: Arial Narrow, sans-serif;\">Mati\u00e8res principales :<\/span><\/strong><span style=\"font-family: Arial Narrow, sans-serif;\"><br \/>\n<\/span><span style=\"font-family: Arial Narrow, sans-serif;\"><b>Cr\u00eape 99% viscose 1% \u00e9lasthane<\/b><\/span><span style=\"font-family: Arial Narrow, sans-serif;\"> (issu de stock dormant, provenance: Italie )<\/span><strong><span style=\"font-family: Arial Narrow, sans-serif;\"><br \/>\n<\/span><\/strong><span style=\"font-family: Arial Narrow, sans-serif;\"><br \/>\nCaract\u00e9ristiques :<br \/>\n&gt; non doubl\u00e9 (le cr\u00eape d&#8217;une belle \u00e9paisseur ne n\u00e9cessite pas de doublure)<br \/>\n&gt; fermeture par zip invisible c\u00f4t\u00e9<br \/>\n&gt; sous-patte de zip pour le confort<\/span><\/span><\/p>\n<p><span style=\"font-family: Arial Narrow, sans-serif; font-size: 12pt;\">Pour la taille 38 :<br \/>\nLongueur milieu devant : environ 90 cm<br \/>\nMariem mesure 1m76 et porte une taille 38<\/span><\/p>\n<p><strong>Choisissez votre taille en fonction de votre tour de bassin <\/strong>:\u00a0 <a href=\"https:\/\/www.encompagniedesperdrix.fr\/wp-content\/uploads\/2020\/10\/Guide-des-tailles28102020-2.pdf\" target=\"_blank\" rel=\"noopener noreferrer\"><em>Guide des tailles<\/em><\/a><\/p>\n<p><span style=\"font-size: 12pt;\"><span style=\"color: #00ff00;\"><em><strong><span style=\"font-family: Arial Narrow, sans-serif;\">Notre vision Green :\u00a0<\/span><\/strong><\/em><\/span><strong><span style=\"font-family: Arial Narrow, sans-serif;\">Le cr\u00eape viscose est issu de stocks dormants de manufactures renomm\u00e9es,<\/span><\/strong> <span style=\"font-family: Arial Narrow, sans-serif;\">propos\u00e9s par des<\/span><span style=\"font-family: Arial Narrow, sans-serif;\"> fournisseurs sp\u00e9cialis\u00e9s dans les mati\u00e8res d&#8217;exception : <\/span><strong><span style=\"font-family: Arial Narrow, sans-serif;\">utiliser des textiles d\u00e9j\u00e0 existants permet de<\/span><\/strong><strong><span style=\"font-family: Arial Narrow, sans-serif;\"> r\u00e9duire l&#8217;empreinte carbone<\/span><\/strong><span style=\"font-family: Arial Narrow, sans-serif;\"> et la consommation d&#8217;eau <\/span><span style=\"font-family: Arial Narrow, sans-serif;\">pour la cr\u00e9ation d&#8217;un v\u00eatement, <\/span><strong><span style=\"font-family: Arial Narrow, sans-serif;\"><br \/>\nLa <\/span><\/strong><strong><span style=\"font-family: Arial Narrow, sans-serif;\">coupe <\/span><\/strong><strong><span style=\"font-family: Arial Narrow, sans-serif;\">est<\/span><\/strong><strong><span style=\"font-family: Arial Narrow, sans-serif;\"> optimis\u00e9e <\/span><\/strong><strong><span style=\"font-family: Arial Narrow, sans-serif;\">pour<\/span><\/strong><strong><span style=\"font-family: Arial Narrow, sans-serif;\"> limiter les chutes, <\/span><\/strong><span style=\"font-family: Arial Narrow, sans-serif;\">et celles-ci sont utilis\u00e9es dans les<\/span><span style=\"font-family: Arial Narrow, sans-serif;\"> accessoires, d\u00e9tourn\u00e9es en bijoux textiles <\/span><span style=\"font-family: Arial Narrow, sans-serif;\">ou en compl\u00e9ment sur d&#8217;autres cr\u00e9ations. De plus, ce short a \u00e9t\u00e9 pens\u00e9 comme <\/span><span style=\"font-family: Arial Narrow, sans-serif;\">une <strong>pi\u00e8ce intemporelle<\/strong><\/span><span style=\"font-family: Arial Narrow, sans-serif;\"> et il<\/span><span style=\"font-family: Arial Narrow, sans-serif;\"> se reporte sans mod\u00e9ration <\/span><span style=\"font-family: Arial Narrow, sans-serif;\">pour de <\/span><span style=\"font-family: Arial Narrow, sans-serif;\">multiples occasions <\/span><span style=\"font-family: Arial Narrow, sans-serif;\">en soir\u00e9e ou en journ\u00e9e.<\/span><\/span><\/p>\n<p><strong>Vous avez des questions ou vous souhaitez des conseils ?<\/strong><br \/>\n&gt;&gt; N&#8217;h\u00e9sitez pas \u00e0 me contacter <a href=\"mailto:atelier@mariellemaury.fr\" target=\"_blank\" rel=\"noopener\">par mail<\/a> ou <a href=\"tel:0608869388\">t\u00e9l\u00e9phone<\/a><\/p>\n<p><strong>Vos mesures ne correspondent pas \u00e0 celles du tableau ? Vous souhaitez personnaliser votre tenue ?<\/strong><br \/>\n&gt;&gt;\u00a0 La confection en demi-mesure ou sur-mesure est disponible \u00e0 l\u2019atelier sur devis.<\/p>\n<\/div><\/div><\/div><\/div><div class = \"tatsu-column-bg-image-wrap\"><div class = \"tatsu-column-bg-image\" ><\/div><\/div><div class=\"tatsu-overlay tatsu-column-overlay tatsu-animate-none\" ><\/div><\/div><style>.tatsu-row > .tatsu-Hyet52Z71g.tatsu-column{width: 100%;}.tatsu-Hyet52Z71g.tatsu-column > .tatsu-column-inner > .tatsu-column-overlay{mix-blend-mode: normal;}.tatsu-Hyet52Z71g > .tatsu-column-inner > .tatsu-top-divider{z-index: 9999;}.tatsu-Hyet52Z71g > .tatsu-column-inner > .tatsu-bottom-divider{z-index: 9999;}.tatsu-Hyet52Z71g > .tatsu-column-inner > .tatsu-left-divider{z-index: 9999;}.tatsu-Hyet52Z71g > .tatsu-column-inner > .tatsu-right-divider{z-index: 9999;}@media only screen and (max-width:1377px) {.tatsu-row > .tatsu-Hyet52Z71g.tatsu-column{width: 100%;}}@media only screen and (min-width:768px) and (max-width: 1024px) {.tatsu-row > .tatsu-Hyet52Z71g.tatsu-column{width: 100%;}}@media only screen and (max-width: 767px) {.tatsu-row > .tatsu-Hyet52Z71g.tatsu-column{width: 100%;}}<\/style><\/div><\/div><\/div><\/div><div class=\"tatsu-section-background-wrap\"><div class = \"tatsu-section-background\" ><\/div><\/div><div class=\"tatsu-overlay tatsu-section-overlay\"><\/div><style>.tatsu-SkZxF92ZQke .tatsu-section-pad{padding: 3px 0px 11px 0px;}.tatsu-SkZxF92ZQke .tatsu-section-offset-wrap{transform: translateY(-0px);}.tatsu-SkZxF92ZQke > .tatsu-bottom-divider{z-index: 9999;}.tatsu-SkZxF92ZQke > .tatsu-top-divider{z-index: 9999;}.tatsu-SkZxF92ZQke .tatsu-section-overlay{mix-blend-mode: normal;}<\/style><\/div>\n","protected":false},"excerpt":{"rendered":"<p><span style=\"font-family: Arial Narrow, sans-serif; font-size: 12pt;\">Short femme court habill\u00e9 pour l&#8217;hiver taille haute en cr\u00eape viscose noir<\/span><\/p>\n<p><span style=\"font-family: Arial Narrow, sans-serif; font-size: 12pt;\">\u00a0<\/span><\/p>\n<p><span style=\"font-family: Arial Narrow, sans-serif;\"><span style=\"font-size: small;\"><span style=\"font-size: 12pt;\"><br \/>\n<\/span> <\/span><\/span><\/p>\n<p><a href=\"https:\/\/mariellemaury.fr\/en\/produit\/short-femme-taille-haute-noir\/\" class=\"more-link style3-button\">Read More<\/a><\/p>","protected":false},"featured_media":349312,"comment_status":"closed","ping_status":"closed","template":"","meta":[],"product_brand":[],"product_cat":[398],"product_tag":[251,133,397,396,369],"class_list":{"0":"post-349225","1":"product","2":"type-product","3":"status-publish","4":"has-post-thumbnail","6":"product_cat-pantalons-et-shorts","7":"product_tag-ecoresponsable","8":"product_tag-fabrique-en-france","9":"product_tag-fetes","10":"product_tag-noel","11":"product_tag-tenue-soir-cocktail","13":"first","14":"instock","15":"shipping-taxable","16":"purchasable","17":"product-type-variable"},"aioseo_notices":[],"_links":{"self":[{"href":"https:\/\/mariellemaury.fr\/en\/wp-json\/wp\/v2\/product\/349225","targetHints":{"allow":["GET"]}}],"collection":[{"href":"https:\/\/mariellemaury.fr\/en\/wp-json\/wp\/v2\/product"}],"about":[{"href":"https:\/\/mariellemaury.fr\/en\/wp-json\/wp\/v2\/types\/product"}],"replies":[{"embeddable":true,"href":"https:\/\/mariellemaury.fr\/en\/wp-json\/wp\/v2\/comments?post=349225"}],"wp:featuredmedia":[{"embeddable":true,"href":"https:\/\/mariellemaury.fr\/en\/wp-json\/wp\/v2\/media\/349312"}],"wp:attachment":[{"href":"https:\/\/mariellemaury.fr\/en\/wp-json\/wp\/v2\/media?parent=349225"}],"wp:term":[{"taxonomy":"product_brand","embeddable":true,"href":"https:\/\/mariellemaury.fr\/en\/wp-json\/wp\/v2\/product_brand?post=349225"},{"taxonomy":"product_cat","embeddable":true,"href":"https:\/\/mariellemaury.fr\/en\/wp-json\/wp\/v2\/product_cat?post=349225"},{"taxonomy":"product_tag","embeddable":true,"href":"https:\/\/mariellemaury.fr\/en\/wp-json\/wp\/v2\/product_tag?post=349225"}],"curies":[{"name":"wp","href":"https:\/\/api.w.org\/{rel}","templated":true}]}}