{"id":349233,"date":"2024-11-30T16:24:36","date_gmt":"2024-11-30T15:24:36","guid":{"rendered":"https:\/\/mariellemaury.fr\/?post_type=product&#038;p=349233"},"modified":"2026-01-14T14:52:20","modified_gmt":"2026-01-14T13:52:20","slug":"jupe-longue-de-soiree-en-lin-doree","status":"publish","type":"product","link":"https:\/\/mariellemaury.fr\/en\/produit\/jupe-longue-de-soiree-en-lin-doree\/","title":{"rendered":"ESTRELLA \u2013 Jupe longue en lin or"},"content":{"rendered":"<div  class=\"tatsu-SkZxF92ZQke tatsu-section  tatsu-bg-overlay   tatsu-clearfix\" data-title=\"\"  data-headerscheme=\"background--dark\"><div class='tatsu-section-pad clearfix' data-padding='{\"d\":\"3px 0px 11px 0px\"}' data-padding-top='3px'><div class=\"tatsu-row-wrap  tatsu-wrap tatsu-row-one-col tatsu-row-has-one-cols tatsu-medium-gutter tatsu-reg-cols  tatsu-clearfix tatsu-rkllY9nWXJg\" ><div  class=\"tatsu-row \" ><div  class=\"tatsu-column  tatsu-bg-overlay tatsu-one-col tatsu-column-image-none tatsu-column-effect-none  tatsu-Hyet52Z71g\"  data-parallax-speed=\"0\" style=\"\"><div class=\"tatsu-column-inner \" ><div class=\"tatsu-column-pad-wrap\"><div class=\"tatsu-column-pad\" ><div  class=\"tatsu-module tatsu-text-block-wrap tatsu-Sy9Koh-Xyx  \"><div class=\"tatsu-text-inner tatsu-align-center  clearfix\" ><style>.tatsu-Sy9Koh-Xyx.tatsu-text-block-wrap .tatsu-text-inner{width: 100%;text-align: left;}<\/style>\n<p><span style=\"font-family: Arial Narrow, sans-serif; font-size: 12pt;\">Disponible de la taille 34 \u00e0 46<b><br \/>\n<\/b><\/span><span style=\"font-family: Arial Narrow, sans-serif; font-size: 12pt;\"><b>Envoi sous 21 jours ouvr\u00e9s (d\u00e9lai de fabrication, d\u00e9part atelier)<\/b><\/span><\/p>\n<p><span style=\"font-family: Calibri; font-size: 12pt;\"><span style=\"font-family: Arial Narrow, sans-serif;\"><b>La jupe ESTRELLA est aussi lumineuse que les \u00e9toiles d&#8217;o\u00f9 elle tire son nom\u00a0: c<\/b><\/span><span style=\"font-family: Arial Narrow, sans-serif;\">e lin or est une <\/span><span style=\"font-family: Arial Narrow, sans-serif;\"><b>merveille en mouvement\u00a0! <\/b><\/span><span style=\"font-family: Arial Narrow, sans-serif;\">La <\/span><span style=\"color: #000000;\"><span style=\"font-family: Arial Narrow, sans-serif;\"><b>coupe \u00e9vas\u00e9e avec taille bien cintr\u00e9e met en valeur la silhouette<\/b><\/span><\/span><span style=\"font-family: Arial Narrow, sans-serif;\"> et les <\/span><span style=\"font-family: Arial Narrow, sans-serif;\"><b>plis plats savamment ma\u00eetris\u00e9s<\/b><\/span><span style=\"font-family: Arial Narrow, sans-serif;\"> donnent de l&#8217;<\/span><span style=\"font-family: Arial Narrow, sans-serif;\"><b>ampleur dans le bas de la jupe.<\/b><\/span><span style=\"font-family: Arial Narrow, sans-serif;\"> Un<b>e <\/b><\/span><span style=\"font-family: Arial Narrow, sans-serif;\"><b>fente devant orn\u00e9e de boutons<\/b><\/span><span style=\"font-family: Arial Narrow, sans-serif;\"> apporte sa <\/span><span style=\"font-family: Arial Narrow, sans-serif;\"><b>touche sophistiqu\u00e9e\u00a0<\/b><\/span><span style=\"font-family: Arial Narrow, sans-serif;\">: une pi\u00e8ce couture <\/span><span style=\"font-family: Arial Narrow, sans-serif;\"><b>facile \u00e0 vivre<\/b><\/span><span style=\"font-family: Arial Narrow, sans-serif;\"> pour <\/span><span style=\"font-family: Arial Narrow, sans-serif;\"><b>un look audacieux au style affirm\u00e9, pour des mari\u00e9es qui veulent profiter \u00e0 fond de leur mariage\u00a0!<\/b><\/span><\/span><\/p>\n<p><span style=\"font-size: 12pt;\"><strong><span style=\"font-family: Arial Narrow, sans-serif;\">JE LA PORTE AVEC QUOI : pour mettre en valeur la taille cintr\u00e9e, on porte un haut court comme un crop-top, ou blousant rentr\u00e9 dans la ceinture, ou une veste courte <\/span><\/strong><span style=\"font-family: Arial Narrow, sans-serif;\">&gt;&gt; \u00e0 assortir au top <a href=\"https:\/\/mariellemaury.fr\/produit\/crop-top-en-dentelle-de-calais-or\/\" target=\"_blank\" rel=\"noopener\">CALIBAN<\/a><\/span><span style=\"font-family: Arial Narrow, sans-serif;\">, <a href=\"https:\/\/mariellemaury.fr\/produit\/top-dentelle-calais-manches-trois-quart\/\" target=\"_blank\" rel=\"noopener\">Top ABELIA<\/a>, <a href=\"https:\/\/mariellemaury.fr\/produit\/top-en-soie-a-fines-bretelles\/\" target=\"_blank\" rel=\"noopener\">Top Poudre<\/a>, <a href=\"https:\/\/mariellemaury.fr\/produit\/teddy-blouson-court-femme-en-soie\/\" target=\"_blank\" rel=\"noopener\">Teddy COMETE<\/a>, <a href=\"https:\/\/mariellemaury.fr\/produit\/teddy-court-femme-en-tweed\/\" target=\"_blank\" rel=\"noopener\">Teddy OBERON<\/a>, <a href=\"https:\/\/mariellemaury.fr\/produit\/veste-courte-pour-la-mariee\/\" target=\"_blank\" rel=\"noopener\">Veste SKY<\/a><\/span><\/span><\/p>\n<p><span style=\"font-size: 12pt;\"><strong><span style=\"font-family: Arial Narrow, sans-serif;\">SON PLUS ?<\/span> <span style=\"font-family: Arial Narrow, sans-serif;\">Vous pouvez la reporter pour d&#8217;autres occasions en changeant les accessoires (osez la couleur !) ou en modifiant sa longueur<\/span><\/strong><\/span><\/p>\n<p><span style=\"font-size: 12pt;\"><strong><span style=\"font-family: Arial Narrow, sans-serif;\">Mati\u00e8res principales :<\/span><\/strong><span style=\"font-family: Arial Narrow, sans-serif;\"><br \/>\n<\/span><span style=\"font-family: Arial Narrow, sans-serif;\"><b>100% Lin certifi\u00e9 Masters of Linen<\/b><\/span><span style=\"font-family: Arial Narrow, sans-serif;\"> : (<\/span><span style=\"font-family: Arial Narrow, sans-serif;\">provenance: Belgique )<\/span><strong><span style=\"font-family: Arial Narrow, sans-serif;\"><br \/>\n<\/span><\/strong><strong><span style=\"font-family: Arial Narrow, sans-serif;\"><b>Doublure\u00a0: 100% coton certifi\u00e9 biologique <\/b><\/span><\/strong><span style=\"font-family: Arial Narrow, sans-serif;\">(provenance\u00a0: France)<\/span><strong><span style=\"font-family: Arial Narrow, sans-serif;\"><br \/>\n<\/span><\/strong><span style=\"font-family: Arial Narrow, sans-serif;\"><br \/>\n<strong>Caract\u00e9ristiques :<br \/>\n<\/strong><\/span><\/span><span style=\"font-family: Arial Narrow, sans-serif; font-size: 12pt;\">&gt; mont\u00e9e sur ceinture droite,<br \/>\n&gt; fermeture par zip invisible dos,<br \/>\n&gt; ouverture et fente milieu devant avec\u00a0 boutons recouverts assortis <\/span><\/p>\n<p><span style=\"font-family: Arial Narrow, sans-serif; font-size: 12pt;\">Pour la taille 38 :<br \/>\n&gt; Longueur milieu devant : environ 112 cm<\/span><\/p>\n<p>&nbsp;<\/p>\n<p><strong>Choisissez votre taille en fonction de votre tour de taille <\/strong>:\u00a0 <a href=\"https:\/\/www.encompagniedesperdrix.fr\/wp-content\/uploads\/2020\/10\/Guide-des-tailles28102020-2.pdf\" target=\"_blank\" rel=\"noopener noreferrer\"><em>Guide des tailles<\/em><\/a><\/p>\n<p><span style=\"font-size: 12pt;\"><span style=\"color: #00ff00;\"><em><strong><span style=\"font-family: Arial Narrow, sans-serif;\">Notre vision Green :\u00a0<\/span><\/strong><\/em><\/span><\/span><span style=\"font-size: 12pt;\"><strong><span style=\"font-family: Arial Narrow, sans-serif;\">Le <\/span><\/strong><strong><span style=\"font-family: Arial Narrow, sans-serif;\"><b>lin<\/b><\/span><\/strong><strong><span style=\"font-family: Arial Narrow, sans-serif;\"> est une <\/span><\/strong><strong><span style=\"font-family: Arial Narrow, sans-serif;\"><b>mati\u00e8re \u00e9cologique<\/b><\/span><\/strong><strong><span style=\"font-family: Arial Narrow, sans-serif;\"> en soi, (certifi\u00e9e Masters of Linen = fabriqu\u00e9 en Europe), <\/span><\/strong><span style=\"font-family: Arial Narrow, sans-serif;\">ne n\u00e9cessitant pas de pesticide et tr\u00e8s peu d&#8217;eau. <\/span><strong><span style=\"font-family: Arial Narrow, sans-serif;\"><b>La coupe est optimis\u00e9e<\/b><\/span><\/strong><strong><span style=\"font-family: Arial Narrow, sans-serif;\"> pour g\u00e9n\u00e9rer <\/span><\/strong><strong><span style=\"font-family: Arial Narrow, sans-serif;\"><b>le moins de chutes possibles<\/b><\/span><\/strong><strong><span style=\"font-family: Arial Narrow, sans-serif;\">, <\/span><\/strong><span style=\"font-family: Arial Narrow, sans-serif;\">et celles-ci sont <\/span><span style=\"font-family: Arial Narrow, sans-serif;\">valoris\u00e9es en accessoires.<\/span><span style=\"font-family: Arial Narrow, sans-serif;\"> De plus cette jupe a \u00e9t\u00e9 pens\u00e9e comme <\/span><span style=\"font-family: Arial Narrow, sans-serif;\">un intemporel qui se reportera longtemps<\/span><span style=\"font-family: Arial Narrow, sans-serif;\"> pour d&#8217;autres occasions\u00a0!<\/span><\/span><\/p>\n<p><span style=\"font-size: 12pt;\"><strong><span style=\"font-family: Arial Narrow, sans-serif;\">FOCUS * LE LIN *\u00a0:<\/span><\/strong><span style=\"font-family: Arial Narrow, sans-serif;\"> Tr\u00e8s doux sur la peau, <\/span><span style=\"font-family: Arial Narrow, sans-serif;\">thermor\u00e9gulateur et hypoallerg\u00e9nique<\/span><span style=\"font-family: Arial Narrow, sans-serif;\">, les plis qui se forment au port\u00e9 sont la vie naturelle du lin. C\u2019est <\/span><span style=\"font-family: Arial Narrow, sans-serif;\">une mati\u00e8re noble, authentique et exceptionnelle<\/span><span style=\"font-family: Arial Narrow, sans-serif;\"> qui a la caract\u00e9ristique de <\/span><span style=\"font-family: Arial Narrow, sans-serif;\">s\u2019embellir au fil du temps<\/span><span style=\"font-family: Arial Narrow, sans-serif;\"> : plus vous le portez, plus son tomb\u00e9 est souple et beau ! \u00a0D\u2019ailleurs les plus grands noms du design et de la mode ne s\u2019y sont pas tromp\u00e9s, en faisant du <\/span><span style=\"font-family: Arial Narrow, sans-serif;\">lin un textile de luxe.<\/span><strong><span style=\"font-family: Arial Narrow, sans-serif;\"><br \/>\n<\/span><\/strong><strong><span style=\"font-family: Arial Narrow, sans-serif;\">C\u2019est l\u2019une de nos <\/span><\/strong><strong><span style=\"font-family: Arial Narrow, sans-serif;\">mati\u00e8res pr\u00e9f\u00e9r\u00e9es<\/span><\/strong><strong><span style=\"font-family: Arial Narrow, sans-serif;\"> \u00e0 l\u2019atelier, <\/span><\/strong><span style=\"font-family: Arial Narrow, sans-serif;\">pour les grandes occasions et la vie de tous les jours<\/span><\/span><span style=\"font-family: Arial Narrow, sans-serif;\"><span style=\"font-size: small;\"><span style=\"font-size: 12pt;\">\u00a0!<\/span> <\/span><\/span><\/p>\n<p><strong>Vous avez des questions ou vous souhaitez des conseils ?<\/strong><br \/>\n&gt;&gt; N&#8217;h\u00e9sitez pas \u00e0 me contacter <a href=\"mailto:atelier@mariellemaury.fr\" target=\"_blank\" rel=\"noopener\">par mail<\/a> ou <a href=\"tel:0608869388\">t\u00e9l\u00e9phone<\/a><\/p>\n<p><strong>Vos mesures ne correspondent pas \u00e0 celles du tableau ? Vous souhaitez personnaliser votre tenue ?<\/strong><br \/>\n&gt;&gt;\u00a0 La confection en demi-mesure ou sur-mesure est disponible \u00e0 l\u2019atelier sur devis.<\/p>\n<\/div><\/div><\/div><\/div><div class = \"tatsu-column-bg-image-wrap\"><div class = \"tatsu-column-bg-image\" ><\/div><\/div><div class=\"tatsu-overlay tatsu-column-overlay tatsu-animate-none\" ><\/div><\/div><style>.tatsu-row > .tatsu-Hyet52Z71g.tatsu-column{width: 100%;}.tatsu-Hyet52Z71g.tatsu-column > .tatsu-column-inner > .tatsu-column-overlay{mix-blend-mode: normal;}.tatsu-Hyet52Z71g > .tatsu-column-inner > .tatsu-top-divider{z-index: 9999;}.tatsu-Hyet52Z71g > .tatsu-column-inner > .tatsu-bottom-divider{z-index: 9999;}.tatsu-Hyet52Z71g > .tatsu-column-inner > .tatsu-left-divider{z-index: 9999;}.tatsu-Hyet52Z71g > .tatsu-column-inner > .tatsu-right-divider{z-index: 9999;}@media only screen and (max-width:1377px) {.tatsu-row > .tatsu-Hyet52Z71g.tatsu-column{width: 100%;}}@media only screen and (min-width:768px) and (max-width: 1024px) {.tatsu-row > .tatsu-Hyet52Z71g.tatsu-column{width: 100%;}}@media only screen and (max-width: 767px) {.tatsu-row > .tatsu-Hyet52Z71g.tatsu-column{width: 100%;}}<\/style><\/div><\/div><\/div><\/div><div class=\"tatsu-section-background-wrap\"><div class = \"tatsu-section-background\" ><\/div><\/div><div class=\"tatsu-overlay tatsu-section-overlay\"><\/div><style>.tatsu-SkZxF92ZQke .tatsu-section-pad{padding: 3px 0px 11px 0px;}.tatsu-SkZxF92ZQke .tatsu-section-offset-wrap{transform: translateY(-0px);}.tatsu-SkZxF92ZQke > .tatsu-bottom-divider{z-index: 9999;}.tatsu-SkZxF92ZQke > .tatsu-top-divider{z-index: 9999;}.tatsu-SkZxF92ZQke .tatsu-section-overlay{mix-blend-mode: normal;}<\/style><\/div>\n","protected":false},"excerpt":{"rendered":"<p><span style=\"font-family: Arial Narrow, sans-serif; font-size: 12pt;\">Jupe longue en lin Or ouverte devant<\/span><\/p>\n<p><span style=\"font-family: Arial Narrow, sans-serif; font-size: 12pt;\">\u00a0<\/span><\/p>\n<p><span style=\"font-family: Arial Narrow, sans-serif;\"><span style=\"font-size: small;\"><span style=\"font-size: 12pt;\"><br \/>\n<\/span> <\/span><\/span><\/p>\n<p><a href=\"https:\/\/mariellemaury.fr\/en\/produit\/jupe-longue-de-soiree-en-lin-doree\/\" class=\"more-link style3-button\">Read More<\/a><\/p>","protected":false},"featured_media":349390,"comment_status":"closed","ping_status":"closed","template":"","meta":[],"product_brand":[],"product_cat":[388],"product_tag":[251,133,397,393,246,396,395,369],"class_list":{"0":"post-349233","1":"product","2":"type-product","3":"status-publish","4":"has-post-thumbnail","6":"product_cat-jupes","7":"product_tag-ecoresponsable","8":"product_tag-fabrique-en-france","9":"product_tag-fetes","10":"product_tag-intemporel","11":"product_tag-lin","12":"product_tag-noel","13":"product_tag-pour-la-mariee","14":"product_tag-tenue-soir-cocktail","16":"first","17":"instock","18":"shipping-taxable","19":"purchasable","20":"product-type-variable"},"aioseo_notices":[],"_links":{"self":[{"href":"https:\/\/mariellemaury.fr\/en\/wp-json\/wp\/v2\/product\/349233","targetHints":{"allow":["GET"]}}],"collection":[{"href":"https:\/\/mariellemaury.fr\/en\/wp-json\/wp\/v2\/product"}],"about":[{"href":"https:\/\/mariellemaury.fr\/en\/wp-json\/wp\/v2\/types\/product"}],"replies":[{"embeddable":true,"href":"https:\/\/mariellemaury.fr\/en\/wp-json\/wp\/v2\/comments?post=349233"}],"wp:featuredmedia":[{"embeddable":true,"href":"https:\/\/mariellemaury.fr\/en\/wp-json\/wp\/v2\/media\/349390"}],"wp:attachment":[{"href":"https:\/\/mariellemaury.fr\/en\/wp-json\/wp\/v2\/media?parent=349233"}],"wp:term":[{"taxonomy":"product_brand","embeddable":true,"href":"https:\/\/mariellemaury.fr\/en\/wp-json\/wp\/v2\/product_brand?post=349233"},{"taxonomy":"product_cat","embeddable":true,"href":"https:\/\/mariellemaury.fr\/en\/wp-json\/wp\/v2\/product_cat?post=349233"},{"taxonomy":"product_tag","embeddable":true,"href":"https:\/\/mariellemaury.fr\/en\/wp-json\/wp\/v2\/product_tag?post=349233"}],"curies":[{"name":"wp","href":"https:\/\/api.w.org\/{rel}","templated":true}]}}