{"id":349249,"date":"2024-11-30T17:08:39","date_gmt":"2024-11-30T16:08:39","guid":{"rendered":"https:\/\/mariellemaury.fr\/?post_type=product&#038;p=349249"},"modified":"2024-12-23T14:29:49","modified_gmt":"2024-12-23T13:29:49","slug":"teddy-blouson-femme-court-vert","status":"publish","type":"product","link":"https:\/\/mariellemaury.fr\/en\/produit\/teddy-blouson-femme-court-vert\/","title":{"rendered":"JULIETTE \u2013 Teddy court en velours vert"},"content":{"rendered":"<div  class=\"tatsu-SkZxF92ZQke tatsu-section  tatsu-bg-overlay   tatsu-clearfix\" data-title=\"\"  data-headerscheme=\"background--dark\"><div class='tatsu-section-pad clearfix' data-padding='{\"d\":\"3px 0px 11px 0px\"}' data-padding-top='3px'><div class=\"tatsu-row-wrap  tatsu-wrap tatsu-row-one-col tatsu-row-has-one-cols tatsu-medium-gutter tatsu-reg-cols  tatsu-clearfix tatsu-rkllY9nWXJg\" ><div  class=\"tatsu-row \" ><div  class=\"tatsu-column  tatsu-bg-overlay tatsu-one-col tatsu-column-image-none tatsu-column-effect-none  tatsu-Hyet52Z71g\"  data-parallax-speed=\"0\" style=\"\"><div class=\"tatsu-column-inner \" ><div class=\"tatsu-column-pad-wrap\"><div class=\"tatsu-column-pad\" ><div  class=\"tatsu-module tatsu-text-block-wrap tatsu-Sy9Koh-Xyx  \"><div class=\"tatsu-text-inner tatsu-align-center  clearfix\" ><style>.tatsu-Sy9Koh-Xyx.tatsu-text-block-wrap .tatsu-text-inner{width: 100%;text-align: left;}<\/style>\n<p><span style=\"font-family: Arial Narrow, sans-serif; font-size: 12pt;\"><b>* EDITION LIMITEE *<br \/>\n<\/b><\/span><span style=\"font-family: Arial Narrow, sans-serif; font-size: 12pt;\"><b>Disponible de la taille 34\/36 \u00e0 42\/44<br \/>\n<\/b><\/span><span style=\"font-family: Arial Narrow, sans-serif; font-size: 12pt;\"><b>Envoi sous 21 jours ouvr\u00e9s (d\u00e9lai de fabrication, d\u00e9part atelier)<\/b><\/span><\/p>\n<p><span style=\"font-family: Arial Narrow, sans-serif; font-size: 12pt;\"><b>Un Teddy <\/b>r\u00e9-interpr\u00e9t\u00e9 en <b>version luxe, <\/b>avec<b> des tissus d&#8217;exception <\/b>et d&#8217;une<b> allure folle <\/b>avec sa<b> coupe courte <\/b>et ses<b> manches amples <\/b>qui mettent en valeur<b> les tailles cintr\u00e9es\u00a0!<br \/>\nLe velours <\/b>\u00e0 larges c\u00f4tes <b>d&#8217;un vert vibrant <\/b>est d&#8217;une douceur incomparable<b> <\/b>et la doublure se pare d&#8217;un <b>magnifique imprim\u00e9 en twill de soie. <\/b>Une pi\u00e8ce <b>tr\u00e8s couture <\/b>dans le style<b> \u00ab effortless chic \u00bb avec beaucoup d&#8217;effet.<\/b><\/span><\/p>\n<p><span style=\"font-size: 12pt;\"><strong><span style=\"font-family: Arial Narrow, sans-serif;\">J<\/span><\/strong><strong><span style=\"font-family: Arial Narrow, sans-serif;\">E LE PORTE AVEC QUOI : il va avec tout\u00a0!! <\/span><\/strong><strong><span style=\"font-family: Arial Narrow, sans-serif;\">On l&#8217;aime particuli\u00e8rement avec<\/span><\/strong><strong><span style=\"font-family: Arial Narrow, sans-serif;\"> les jupes et pantalons taille haute, <\/span><\/strong><strong><span style=\"font-family: Arial Narrow, sans-serif;\">et avec une<\/span><\/strong><strong><span style=\"font-family: Arial Narrow, sans-serif;\"> large palette de couleurs\u00a0: <\/span><\/strong><strong><span style=\"font-family: Arial Narrow, sans-serif;\">noir, Or, les bleus, les verts, violet, rouge-orang\u00e9<\/span><\/strong><strong><span style=\"font-family: Arial Narrow, sans-serif;\">&#8230;. <\/span><\/strong><span style=\"font-family: Arial Narrow, sans-serif;\">&gt;&gt; \u00e0 assortir au <a href=\"https:\/\/mariellemaury.fr\/produit\/crop-top-en-dentelle-de-calais-or\/\" target=\"_blank\" rel=\"noopener\">top CALIBAN<\/a>, <a href=\"https:\/\/mariellemaury.fr\/produit\/crop-top-en-dentelle-de-calais-noir\/\" target=\"_blank\" rel=\"noopener\">au top PULSAR<\/a>, \u00e0 la<a href=\"https:\/\/mariellemaury.fr\/produit\/jupe-longue-de-soiree-en-lin-doree\/\" target=\"_blank\" rel=\"noopener\"> jupe ESTRELLA<\/a>, <a href=\"https:\/\/mariellemaury.fr\/produit\/robe-courte-en-dentelle-de-calais-or\/\" target=\"_blank\" rel=\"noopener\">robe TITANIA<\/a>, au <a href=\"https:\/\/mariellemaury.fr\/produit\/short-femme-taille-haute-noir\/\" target=\"_blank\" rel=\"noopener\">short AQUARIUS<\/a>, au <a href=\"https:\/\/mariellemaury.fr\/produit\/pantalon-en-lin-bio\/\" target=\"_blank\" rel=\"noopener\">pantalon CHRYSOS<\/a><\/span><\/span><\/p>\n<p><span style=\"font-size: 12pt;\"><strong><span style=\"font-family: Arial Narrow, sans-serif;\">SON PLUS ?<\/span><\/strong> <span style=\"font-family: Arial Narrow, sans-serif;\"><b>Vous pouvez le reporter tr\u00e8s facilement avec des pi\u00e8ces de votre garde-robe et en toutes saisons ! <\/b><\/span><\/span><\/p>\n<p><span style=\"font-size: 12pt;\"><strong><span style=\"font-family: Arial Narrow, sans-serif;\">Mati\u00e8res principales :<\/span><\/strong><span style=\"font-family: Arial Narrow, sans-serif;\"><br \/>\n<\/span><span style=\"font-family: Arial Narrow, sans-serif;\"><b>Velours \u00e0 c\u00f4tes larges\u00a0: 57% coton 43% viscose <\/b><\/span><strong><span style=\"font-family: Arial Narrow, sans-serif;\">(issu de stock dormant, provenance\u00a0: France )<br \/>\nDoublure\u00a0: twill 100% soie (provenance\u00a0: France)<br \/>\n<\/span><\/strong><span style=\"font-family: Arial Narrow, sans-serif;\"><br \/>\nCaract\u00e9ristiques :<br \/>\n&gt; Ouverture milieu devant<\/span><span style=\"font-family: Arial Narrow, sans-serif;\"> ferm\u00e9e par zip s\u00e9parable en m\u00e9tal Or<br \/>\n&gt; col Teddy, manches mont\u00e9es sur poignets velours<br \/>\n&gt; ceinture droite en velours<\/span><\/span><\/p>\n<p><span style=\"font-family: Arial Narrow, sans-serif; font-size: 12pt;\">Pour la taille 38 :<br \/>\nLongueur milieu devant : environ 40 cm<br \/>\nMariem mesure 1m76 et porte une taille 38<\/span><\/p>\n<p><strong>Choisissez votre taille en fonction de votre tour de poitrine<\/strong> :\u00a0 <a href=\"https:\/\/www.encompagniedesperdrix.fr\/wp-content\/uploads\/2020\/10\/Guide-des-tailles28102020-2.pdf\" target=\"_blank\" rel=\"noopener noreferrer\"><em>Guide des tailles<\/em><\/a><\/p>\n<p><span style=\"font-size: 12pt;\"><span style=\"color: #00ff00;\"><em><strong><span style=\"font-family: Arial Narrow, sans-serif;\">Notre vision Green :<span style=\"font-size: 12pt;\">\u00a0<\/span><\/span><\/strong><\/em><\/span><strong><span style=\"font-family: Arial Narrow, sans-serif;\">Le velours en coton et viscose est issu de stocks dormants<\/span><\/strong><span style=\"font-family: Arial Narrow, sans-serif;\"> de manufactures renomm\u00e9es, <\/span><span style=\"font-family: Arial Narrow, sans-serif;\">propos\u00e9s par des<\/span><span style=\"font-family: Arial Narrow, sans-serif;\"> fournisseurs sp\u00e9cialis\u00e9s dans les mati\u00e8res d&#8217;exception \u00a0: <\/span><strong><span style=\"font-family: Arial Narrow, sans-serif;\">utiliser des textiles d\u00e9j\u00e0 existants permet de<\/span><\/strong><strong><span style=\"font-family: Arial Narrow, sans-serif;\"> r\u00e9duire l&#8217;empreinte carbone et la consommation d&#8217;eau <\/span><\/strong><strong><span style=\"font-family: Arial Narrow, sans-serif;\">pour la cr\u00e9ation d&#8217;un v\u00eatement,<br \/>\nLa <\/span><\/strong><strong><span style=\"font-family: Arial Narrow, sans-serif;\">coupe <\/span><\/strong><strong><span style=\"font-family: Arial Narrow, sans-serif;\">est<\/span><\/strong><strong><span style=\"font-family: Arial Narrow, sans-serif;\"> optimis\u00e9e <\/span><\/strong><span style=\"font-family: Arial Narrow, sans-serif;\">pour<\/span><span style=\"font-family: Arial Narrow, sans-serif;\"> limiter les chutes, <\/span><span style=\"font-family: Arial Narrow, sans-serif;\">et celles-ci sont utilis\u00e9es dans les<\/span><span style=\"font-family: Arial Narrow, sans-serif;\"> accessoires, d\u00e9tourn\u00e9es en bijoux textiles <\/span><span style=\"font-family: Arial Narrow, sans-serif;\">ou en compl\u00e9ment sur d&#8217;autres cr\u00e9ations. De plus, ce teddy a \u00e9t\u00e9 pens\u00e9<\/span><span style=\"font-family: Arial Narrow, sans-serif;\"> comme <\/span><strong><span style=\"font-family: Arial Narrow, sans-serif;\"><b>une pi\u00e8ce intemporelle<\/b><\/span><\/strong><span style=\"font-family: Arial Narrow, sans-serif;\"> et il<\/span><span style=\"font-family: Arial Narrow, sans-serif;\"> se reporte sans mod\u00e9ration <\/span><span style=\"font-family: Arial Narrow, sans-serif;\">pour de <\/span><span style=\"font-family: Arial Narrow, sans-serif;\">multiples occasions <\/span><span style=\"font-family: Arial Narrow, sans-serif;\">en soir\u00e9e ou en journ\u00e9e.<\/span><\/span><\/p>\n<p><strong>Vous avez des questions ou vous souhaitez des conseils ?<\/strong><br \/>\n&gt;&gt; N&#8217;h\u00e9sitez pas \u00e0 me contacter <a href=\"mailto:atelier@mariellemaury.fr\" target=\"_blank\" rel=\"noopener\">par mail<\/a> ou <a href=\"tel:0608869388\">t\u00e9l\u00e9phone<\/a><\/p>\n<p><strong>Vos mesures ne correspondent pas \u00e0 celles du tableau ? Vous souhaitez personnaliser votre tenue ?<\/strong><br \/>\n&gt;&gt;\u00a0 La confection en demi-mesure ou sur-mesure est disponible \u00e0 l\u2019atelier sur devis.<\/p>\n<\/div><\/div><\/div><\/div><div class = \"tatsu-column-bg-image-wrap\"><div class = \"tatsu-column-bg-image\" ><\/div><\/div><div class=\"tatsu-overlay tatsu-column-overlay tatsu-animate-none\" ><\/div><\/div><style>.tatsu-row > .tatsu-Hyet52Z71g.tatsu-column{width: 100%;}.tatsu-Hyet52Z71g.tatsu-column > .tatsu-column-inner > .tatsu-column-overlay{mix-blend-mode: normal;}.tatsu-Hyet52Z71g > .tatsu-column-inner > .tatsu-top-divider{z-index: 9999;}.tatsu-Hyet52Z71g > .tatsu-column-inner > .tatsu-bottom-divider{z-index: 9999;}.tatsu-Hyet52Z71g > .tatsu-column-inner > .tatsu-left-divider{z-index: 9999;}.tatsu-Hyet52Z71g > .tatsu-column-inner > .tatsu-right-divider{z-index: 9999;}@media only screen and (max-width:1377px) {.tatsu-row > .tatsu-Hyet52Z71g.tatsu-column{width: 100%;}}@media only screen and (min-width:768px) and (max-width: 1024px) {.tatsu-row > .tatsu-Hyet52Z71g.tatsu-column{width: 100%;}}@media only screen and (max-width: 767px) {.tatsu-row > .tatsu-Hyet52Z71g.tatsu-column{width: 100%;}}<\/style><\/div><\/div><\/div><\/div><div class=\"tatsu-section-background-wrap\"><div class = \"tatsu-section-background\" ><\/div><\/div><div class=\"tatsu-overlay tatsu-section-overlay\"><\/div><style>.tatsu-SkZxF92ZQke .tatsu-section-pad{padding: 3px 0px 11px 0px;}.tatsu-SkZxF92ZQke .tatsu-section-offset-wrap{transform: translateY(-0px);}.tatsu-SkZxF92ZQke > .tatsu-bottom-divider{z-index: 9999;}.tatsu-SkZxF92ZQke > .tatsu-top-divider{z-index: 9999;}.tatsu-SkZxF92ZQke .tatsu-section-overlay{mix-blend-mode: normal;}<\/style><\/div>\n","protected":false},"excerpt":{"rendered":"<p><span style=\"font-family: Arial Narrow, sans-serif; font-size: 12pt;\">Blouson court en velours \u00e0 larges c\u00f4tes manches chauve-souris<\/span><\/p>\n<p><span style=\"font-family: Arial Narrow, sans-serif;\"><span style=\"font-size: small;\"><span style=\"font-size: 12pt;\"><br \/>\n<\/span> <\/span><\/span><\/p>\n<p><span style=\"font-family: Arial Narrow, sans-serif; font-size: 12pt;\">\u00a0<\/span><\/p>\n<p><span style=\"font-family: Arial Narrow, sans-serif; font-size: 12pt;\">\u00a0<\/span><\/p>\n<p><span style=\"font-family: Arial Narrow, sans-serif;\"><span style=\"font-size: small;\"><span style=\"font-size: 12pt;\"><br \/>\n<\/span> <\/span><\/span><\/p>\n<p><a href=\"https:\/\/mariellemaury.fr\/en\/produit\/teddy-blouson-femme-court-vert\/\" class=\"more-link style3-button\">Read More<\/a><\/p>","protected":false},"featured_media":349376,"comment_status":"open","ping_status":"closed","template":"","meta":[],"product_brand":[],"product_cat":[387],"product_tag":[133,397,393,396,369],"class_list":{"0":"post-349249","1":"product","2":"type-product","3":"status-publish","4":"has-post-thumbnail","6":"product_cat-vestes-et-capes","7":"product_tag-fabrique-en-france","8":"product_tag-fetes","9":"product_tag-intemporel","10":"product_tag-noel","11":"product_tag-tenue-soir-cocktail","13":"first","14":"instock","15":"shipping-taxable","16":"purchasable","17":"product-type-variable"},"aioseo_notices":[],"_links":{"self":[{"href":"https:\/\/mariellemaury.fr\/en\/wp-json\/wp\/v2\/product\/349249","targetHints":{"allow":["GET"]}}],"collection":[{"href":"https:\/\/mariellemaury.fr\/en\/wp-json\/wp\/v2\/product"}],"about":[{"href":"https:\/\/mariellemaury.fr\/en\/wp-json\/wp\/v2\/types\/product"}],"replies":[{"embeddable":true,"href":"https:\/\/mariellemaury.fr\/en\/wp-json\/wp\/v2\/comments?post=349249"}],"wp:featuredmedia":[{"embeddable":true,"href":"https:\/\/mariellemaury.fr\/en\/wp-json\/wp\/v2\/media\/349376"}],"wp:attachment":[{"href":"https:\/\/mariellemaury.fr\/en\/wp-json\/wp\/v2\/media?parent=349249"}],"wp:term":[{"taxonomy":"product_brand","embeddable":true,"href":"https:\/\/mariellemaury.fr\/en\/wp-json\/wp\/v2\/product_brand?post=349249"},{"taxonomy":"product_cat","embeddable":true,"href":"https:\/\/mariellemaury.fr\/en\/wp-json\/wp\/v2\/product_cat?post=349249"},{"taxonomy":"product_tag","embeddable":true,"href":"https:\/\/mariellemaury.fr\/en\/wp-json\/wp\/v2\/product_tag?post=349249"}],"curies":[{"name":"wp","href":"https:\/\/api.w.org\/{rel}","templated":true}]}}