{"id":349485,"date":"2024-12-03T10:35:55","date_gmt":"2024-12-03T09:35:55","guid":{"rendered":"https:\/\/mariellemaury.fr\/?post_type=product&#038;p=349485"},"modified":"2025-06-13T16:27:47","modified_gmt":"2025-06-13T14:27:47","slug":"polaris-foulard-a-nouer-lin-or","status":"publish","type":"product","link":"https:\/\/mariellemaury.fr\/en\/produit\/polaris-foulard-a-nouer-lin-or\/","title":{"rendered":"POLARIS \u2013 Foulard \u00e0 nouer en lin OR"},"content":{"rendered":"<div  class=\"tatsu-SkZxF92ZQke tatsu-section  tatsu-bg-overlay   tatsu-clearfix\" data-title=\"\"  data-headerscheme=\"background--dark\"><div class='tatsu-section-pad clearfix' data-padding='{\"d\":\"3px 0px 11px 0px\"}' data-padding-top='3px'><div class=\"tatsu-row-wrap  tatsu-wrap tatsu-row-one-col tatsu-row-has-one-cols tatsu-medium-gutter tatsu-reg-cols  tatsu-clearfix tatsu-rkllY9nWXJg\" ><div  class=\"tatsu-row \" ><div  class=\"tatsu-column  tatsu-bg-overlay tatsu-one-col tatsu-column-image-none tatsu-column-effect-none  tatsu-Hyet52Z71g\"  data-parallax-speed=\"0\" style=\"\"><div class=\"tatsu-column-inner \" ><div class=\"tatsu-column-pad-wrap\"><div class=\"tatsu-column-pad\" ><div  class=\"tatsu-module tatsu-text-block-wrap tatsu-Sy9Koh-Xyx  \"><div class=\"tatsu-text-inner tatsu-align-center  clearfix\" ><style>.tatsu-Sy9Koh-Xyx.tatsu-text-block-wrap .tatsu-text-inner{width: 100%;text-align: left;}<\/style>\n<p><span style=\"font-family: Arial Narrow, sans-serif; font-size: 12pt;\"><b>Taille unique<br \/>\n<\/b><\/span><span style=\"font-family: Arial Narrow, sans-serif; font-size: 12pt;\"><b>Envoi sous 7 jours ouvr\u00e9s (d\u00e9lai de fabrication, d\u00e9part atelier)<\/b><\/span><\/p>\n<p><span style=\"font-family: Calibri; font-size: 12pt;\"><span style=\"font-family: Arial Narrow, sans-serif;\">Une magnifique mati\u00e8re pour un foulard \u00e0 nouer qui a du caract\u00e8re et du style ! <\/span><span style=\"font-family: Arial Narrow, sans-serif;\">Parfait pour les f\u00eates, il se reporte \u00e9galement dans les cheveux ou nou\u00e9 aux poign\u00e9es de notre sac-\u00e0-main. <\/span><\/span><\/p>\n<p><span style=\"font-size: 12pt;\"><strong><span style=\"font-family: Arial Narrow, sans-serif;\">JE LE PORTE AVEC QUOI : <\/span><\/strong><span style=\"font-family: Arial Narrow, sans-serif;\">avec un top d\u00e9collet\u00e9, une chemise, un blouson &gt;&gt; \u00e0 assortir <a href=\"https:\/\/mariellemaury.fr\/produit\/crop-top-en-dentelle-de-calais-or\/\" target=\"_blank\" rel=\"noopener\">au top CALIBAN<\/a><\/span><span style=\"font-family: Arial Narrow, sans-serif;\">, \u00e0 la robe <a href=\"https:\/\/mariellemaury.fr\/produit\/robe-courte-en-dentelle-de-calais-or\/\" target=\"_blank\" rel=\"noopener\">TITANIA<\/a> et aux <\/span><strong><span style=\"font-family: Arial Narrow, sans-serif;\"><a href=\"https:\/\/mariellemaury.fr\/produit\/teddy-blouson-court-femme\/\" target=\"_blank\" rel=\"noopener\">teddy JULIETTE<\/a> et <a href=\"https:\/\/mariellemaury.fr\/produit\/teddy-court-femme-en-tweed\/\" target=\"_blank\" rel=\"noopener\">OBERON<\/a><\/span><\/strong><span style=\"font-family: Arial Narrow, sans-serif;\">.<\/span><\/span><\/p>\n<p><span style=\"font-size: 12pt;\"><strong><span style=\"font-family: Arial Narrow, sans-serif;\">SON PLUS ?<\/span><\/strong><span style=\"font-family: Arial Narrow, sans-serif;\"> Sa longueur g\u00e9n\u00e9reuse permet de le nouer de plein de mani\u00e8res diff\u00e9rentes ! Essayez les noeuds cravate, pans juste nou\u00e9s, ou effet papillon comme sur les photos<br \/>\n<\/span><\/span><\/p>\n<p><span style=\"font-size: 12pt;\"><strong><span style=\"font-family: Arial Narrow, sans-serif;\">Mati\u00e8res principales :<\/span><\/strong><span style=\"font-family: Arial Narrow, sans-serif;\"><br \/>\n<\/span><strong><span style=\"font-family: Arial Narrow, sans-serif;\">100% Lin <\/span><\/strong><span style=\"font-family: Arial Narrow, sans-serif;\">(Provenance : Belgique)<\/span><strong><span style=\"font-family: Arial Narrow, sans-serif;\"><br \/>\n<\/span><\/strong><span style=\"font-family: Arial Narrow, sans-serif;\"><br \/>\n<strong>Caract\u00e9ristiques :<\/strong><br \/>\n<\/span><\/span><span style=\"font-family: Arial Narrow, sans-serif; font-size: 12pt;\">&gt; ourlet mouchoir<br \/>\n&gt; dimensions : 145cm X 20 cm environ<\/span><\/p>\n<p><span style=\"font-size: 12pt;\"><span style=\"color: #00ff00;\"><em><strong><span style=\"font-family: Arial Narrow, sans-serif;\">Notre vision Green :\u00a0<\/span><\/strong><\/em><\/span><span style=\"font-size: 10pt;\"><strong>Le <\/strong><strong><b>lin<\/b><\/strong><strong> est une <\/strong><strong><b>mati\u00e8re \u00e9cologique<\/b><\/strong><strong> en soi, (certifi\u00e9e Masters of Linen = fabriqu\u00e9 en Europe), <\/strong>ne n\u00e9cessitant pas de pesticide et tr\u00e8s peu d\u2019eau. <strong><b>Les accessoires sont coup\u00e9s en priorit\u00e9 dans les restes de coupes des autres pi\u00e8ces.<br \/>\n<\/b><\/strong><\/span><\/span><\/p>\n<p><strong>FOCUS * LE LIN *\u00a0:<\/strong> Tr\u00e8s doux sur la peau, thermor\u00e9gulateur et hypoallerg\u00e9nique, les plis qui se forment au port\u00e9 sont la vie naturelle du lin. C\u2019est une mati\u00e8re noble, authentique et exceptionnelle qui a la caract\u00e9ristique de s\u2019embellir au fil du temps : plus vous le portez, plus son tomb\u00e9 est souple et beau ! \u00a0D\u2019ailleurs les plus grands noms du design et de la mode ne s\u2019y sont pas tromp\u00e9s, en faisant du lin un textile de luxe.<strong><br \/>\n<\/strong><strong>C\u2019est l\u2019une de nos <\/strong><strong>mati\u00e8res pr\u00e9f\u00e9r\u00e9es<\/strong><strong> \u00e0 l\u2019atelier, <\/strong>pour les grandes occasions et la vie de tous les jours\u00a0!<br \/>\n* L&#8217;intensit\u00e9 de l&#8217;impression OR peut varier d&#8217;un article \u00e0 l&#8217;autre selon les arrivages *<\/p>\n<p><strong>Vous avez des questions ou vous souhaitez des conseils ?<\/strong><br \/>\n&gt;&gt; N&#8217;h\u00e9sitez pas \u00e0 me contacter <a href=\"mailto:atelier@mariellemaury.fr\" target=\"_blank\" rel=\"noopener\">par mail<\/a> ou <a href=\"tel:0608869388\">t\u00e9l\u00e9phone<\/a><\/p>\n<p><strong>Vous souhaitez personnaliser votre tenue ?<\/strong><br \/>\n&gt;&gt;\u00a0 La confection en demi-mesure ou sur-mesure est disponible \u00e0 l\u2019atelier sur devis.<\/p>\n<\/div><\/div><\/div><\/div><div class = \"tatsu-column-bg-image-wrap\"><div class = \"tatsu-column-bg-image\" ><\/div><\/div><div class=\"tatsu-overlay tatsu-column-overlay tatsu-animate-none\" ><\/div><\/div><style>.tatsu-row > .tatsu-Hyet52Z71g.tatsu-column{width: 100%;}.tatsu-Hyet52Z71g.tatsu-column > .tatsu-column-inner > .tatsu-column-overlay{mix-blend-mode: normal;}.tatsu-Hyet52Z71g > .tatsu-column-inner > .tatsu-top-divider{z-index: 9999;}.tatsu-Hyet52Z71g > .tatsu-column-inner > .tatsu-bottom-divider{z-index: 9999;}.tatsu-Hyet52Z71g > .tatsu-column-inner > .tatsu-left-divider{z-index: 9999;}.tatsu-Hyet52Z71g > .tatsu-column-inner > .tatsu-right-divider{z-index: 9999;}@media only screen and (max-width:1377px) {.tatsu-row > .tatsu-Hyet52Z71g.tatsu-column{width: 100%;}}@media only screen and (min-width:768px) and (max-width: 1024px) {.tatsu-row > .tatsu-Hyet52Z71g.tatsu-column{width: 100%;}}@media only screen and (max-width: 767px) {.tatsu-row > .tatsu-Hyet52Z71g.tatsu-column{width: 100%;}}<\/style><\/div><\/div><\/div><\/div><div class=\"tatsu-section-background-wrap\"><div class = \"tatsu-section-background\" ><\/div><\/div><div class=\"tatsu-overlay tatsu-section-overlay\"><\/div><style>.tatsu-SkZxF92ZQke .tatsu-section-pad{padding: 3px 0px 11px 0px;}.tatsu-SkZxF92ZQke .tatsu-section-offset-wrap{transform: translateY(-0px);}.tatsu-SkZxF92ZQke > .tatsu-bottom-divider{z-index: 9999;}.tatsu-SkZxF92ZQke > .tatsu-top-divider{z-index: 9999;}.tatsu-SkZxF92ZQke .tatsu-section-overlay{mix-blend-mode: normal;}<\/style><\/div>\n","protected":false},"excerpt":{"rendered":"<p>Foulard \u00e0 nouer ultra chic en lin or<\/p>\n<p><a href=\"https:\/\/mariellemaury.fr\/en\/produit\/polaris-foulard-a-nouer-lin-or\/\" class=\"more-link style3-button\">Read More<\/a><\/p>","protected":false},"featured_media":349493,"comment_status":"closed","ping_status":"closed","template":"","meta":[],"product_brand":[409],"product_cat":[247],"product_tag":[251,133,397,246,396,395,369],"class_list":{"0":"post-349485","1":"product","2":"type-product","3":"status-publish","4":"has-post-thumbnail","6":"product_brand-marielle-maury","7":"product_cat-accessoires","8":"product_tag-ecoresponsable","9":"product_tag-fabrique-en-france","10":"product_tag-fetes","11":"product_tag-lin","12":"product_tag-noel","13":"product_tag-pour-la-mariee","14":"product_tag-tenue-soir-cocktail","16":"first","17":"instock","18":"shipping-taxable","19":"purchasable","20":"product-type-simple"},"aioseo_notices":[],"_links":{"self":[{"href":"https:\/\/mariellemaury.fr\/en\/wp-json\/wp\/v2\/product\/349485","targetHints":{"allow":["GET"]}}],"collection":[{"href":"https:\/\/mariellemaury.fr\/en\/wp-json\/wp\/v2\/product"}],"about":[{"href":"https:\/\/mariellemaury.fr\/en\/wp-json\/wp\/v2\/types\/product"}],"replies":[{"embeddable":true,"href":"https:\/\/mariellemaury.fr\/en\/wp-json\/wp\/v2\/comments?post=349485"}],"wp:featuredmedia":[{"embeddable":true,"href":"https:\/\/mariellemaury.fr\/en\/wp-json\/wp\/v2\/media\/349493"}],"wp:attachment":[{"href":"https:\/\/mariellemaury.fr\/en\/wp-json\/wp\/v2\/media?parent=349485"}],"wp:term":[{"taxonomy":"product_brand","embeddable":true,"href":"https:\/\/mariellemaury.fr\/en\/wp-json\/wp\/v2\/product_brand?post=349485"},{"taxonomy":"product_cat","embeddable":true,"href":"https:\/\/mariellemaury.fr\/en\/wp-json\/wp\/v2\/product_cat?post=349485"},{"taxonomy":"product_tag","embeddable":true,"href":"https:\/\/mariellemaury.fr\/en\/wp-json\/wp\/v2\/product_tag?post=349485"}],"curies":[{"name":"wp","href":"https:\/\/api.w.org\/{rel}","templated":true}]}}