{"id":349624,"date":"2025-04-07T16:59:28","date_gmt":"2025-04-07T14:59:28","guid":{"rendered":"https:\/\/mariellemaury.fr\/?post_type=product&#038;p=349624"},"modified":"2025-04-15T14:20:45","modified_gmt":"2025-04-15T12:20:45","slug":"jupe-midi-en-crepe-fabrique-en-france","status":"publish","type":"product","link":"https:\/\/mariellemaury.fr\/en\/produit\/jupe-midi-en-crepe-fabrique-en-france\/","title":{"rendered":"QUASAR \u2013 jupe midi en cr\u00eape ivoire"},"content":{"rendered":"<div  class=\"tatsu-rJWa8M8eVyl tatsu-section  tatsu-bg-overlay   tatsu-clearfix\" data-title=\"\"  data-headerscheme=\"background--dark\"><div class='tatsu-section-pad clearfix' data-padding='{\"d\":\"9px 0px 4px 0px\"}' data-padding-top='9px'><div class=\"tatsu-row-wrap  tatsu-wrap tatsu-row-one-col tatsu-row-has-one-cols tatsu-medium-gutter tatsu-reg-cols  tatsu-clearfix tatsu-rylTLGLx41x\" ><div  class=\"tatsu-row \" ><div  class=\"tatsu-column  tatsu-bg-overlay tatsu-one-col tatsu-column-image-none tatsu-column-effect-none  tatsu-SkTLMLxVJx\"  data-parallax-speed=\"0\" style=\"\"><div class=\"tatsu-column-inner \" ><div class=\"tatsu-column-pad-wrap\"><div class=\"tatsu-column-pad\" ><div  class=\"tatsu-module tatsu-video tatsu-hosted-wrap tatsu-HJv69pjC1l   \" ><video  width = \"100%\" controls controlsList=\"nodownload\" poster = \"\" loop autoplay muted  ><source src=\"https:\/\/mariellemaury.fr\/wp-content\/uploads\/2025\/04\/ensemble-mariee-top-dentelle-jupe-fluide-toulouse.mov\" type=\"video\/mp4\"><\/video><\/div><\/div><\/div><div class = \"tatsu-column-bg-image-wrap\"><div class = \"tatsu-column-bg-image\" ><\/div><\/div><div class=\"tatsu-overlay tatsu-column-overlay tatsu-animate-none\" ><\/div><\/div><style>.tatsu-row > .tatsu-SkTLMLxVJx.tatsu-column{width: 45.36%;}.tatsu-SkTLMLxVJx.tatsu-column > .tatsu-column-inner > .tatsu-column-overlay{mix-blend-mode: normal;}.tatsu-SkTLMLxVJx > .tatsu-column-inner > .tatsu-top-divider{z-index: 9999;}.tatsu-SkTLMLxVJx > .tatsu-column-inner > .tatsu-bottom-divider{z-index: 9999;}.tatsu-SkTLMLxVJx > .tatsu-column-inner > .tatsu-left-divider{z-index: 9999;}.tatsu-SkTLMLxVJx > .tatsu-column-inner > .tatsu-right-divider{z-index: 9999;}@media only screen and (max-width:1377px) {.tatsu-row > .tatsu-SkTLMLxVJx.tatsu-column{width: 100%;}}@media only screen and (min-width:768px) and (max-width: 1024px) {.tatsu-row > .tatsu-SkTLMLxVJx.tatsu-column{width: 100%;}}@media only screen and (max-width: 767px) {.tatsu-row > .tatsu-SkTLMLxVJx.tatsu-column{width: 100%;}}<\/style><\/div><\/div><\/div><\/div><div class=\"tatsu-section-background-wrap\"><div class = \"tatsu-section-background\" ><\/div><\/div><div class=\"tatsu-overlay tatsu-section-overlay\"><\/div><style>.tatsu-rJWa8M8eVyl .tatsu-section-pad{padding: 9px 0px 4px 0px;}.tatsu-rJWa8M8eVyl .tatsu-section-offset-wrap{transform: translateY(-0px);}.tatsu-rJWa8M8eVyl > .tatsu-bottom-divider{z-index: 9999;}.tatsu-rJWa8M8eVyl > .tatsu-top-divider{z-index: 9999;}.tatsu-rJWa8M8eVyl .tatsu-section-overlay{mix-blend-mode: normal;}<\/style><\/div><div  class=\"tatsu-SkZxF92ZQke tatsu-section  tatsu-bg-overlay   tatsu-clearfix\" data-title=\"\"  data-headerscheme=\"background--dark\"><div class='tatsu-section-pad clearfix' data-padding='{\"d\":\"3px 0px 11px 0px\"}' data-padding-top='3px'><div class=\"tatsu-row-wrap  tatsu-wrap tatsu-row-one-col tatsu-row-has-one-cols tatsu-medium-gutter tatsu-reg-cols  tatsu-clearfix tatsu-rkllY9nWXJg\" ><div  class=\"tatsu-row \" ><div  class=\"tatsu-column  tatsu-bg-overlay tatsu-one-col tatsu-column-image-none tatsu-column-effect-none  tatsu-Hyet52Z71g\"  data-parallax-speed=\"0\" style=\"\"><div class=\"tatsu-column-inner \" ><div class=\"tatsu-column-pad-wrap\"><div class=\"tatsu-column-pad\" ><div  class=\"tatsu-module tatsu-text-block-wrap tatsu-Sy9Koh-Xyx  \"><div class=\"tatsu-text-inner tatsu-align-center  clearfix\" ><style>.tatsu-Sy9Koh-Xyx.tatsu-text-block-wrap .tatsu-text-inner{width: 100%;text-align: left;}<\/style>\n<p><span style=\"font-family: Arial Narrow, sans-serif; font-size: 12pt;\"><b><em>QUASAR &#8211; Jupe midi en cr\u00eape ivoire<\/em><br \/>\nDisponible de la taille 34 \u00e0 46<br \/>\n<\/b><\/span><span style=\"font-family: Arial Narrow, sans-serif; font-size: 12pt;\"><b>Envoi sous 21 jours ouvr\u00e9s (d\u00e9lai de fabrication, d\u00e9part atelier)<\/b><\/span><\/p>\n<p><span style=\"font-family: Calibri; font-size: 12pt;\"><span style=\"font-family: Arial Narrow, sans-serif;\"><b>La jupe <\/b><\/span><span style=\"font-family: Arial Narrow, sans-serif;\">de mari\u00e9e <\/span><span style=\"font-family: Arial Narrow, sans-serif;\"><b>parfaite en toute occasion <\/b><\/span><span style=\"font-family: Arial Narrow, sans-serif;\">!! Son cr\u00eape fluide, d&#8217;une densit\u00e9 moyenne lui conf\u00e8re <\/span><span style=\"font-family: Arial Narrow, sans-serif;\"><b>de la tenue ET du mouvement <\/b><\/span><span style=\"font-family: Arial Narrow, sans-serif;\">en <\/span><span style=\"color: #000000;\"><span style=\"font-family: Arial Narrow, sans-serif;\"><b>mettant en valeur toutes les silhouettes<\/b><\/span><\/span><span style=\"font-family: Arial Narrow, sans-serif;\">. Un must<\/span><span style=\"font-family: Arial Narrow, sans-serif;\"><b> intemporel tr\u00e8s facile \u00e0 reporter<\/b><\/span><span style=\"font-family: Arial Narrow, sans-serif;\"> avec le reste de votre garde-robe. <\/span><\/span><\/p>\n<p><span style=\"font-size: 12pt;\"><strong><span style=\"font-family: Arial Narrow, sans-serif;\">JE LA PORTE AVEC QUOI : on l&#8217;aime avec des talons, <\/span><\/strong><strong><span style=\"font-family: Arial Narrow, sans-serif;\">mais aussi avec des derbies ou des sandales, <\/span><\/strong><strong><span style=\"font-family: Arial Narrow, sans-serif;\"> et pour le haut avec un crop-top ou une veste courte pour mettre en valeur la taille cintr\u00e9e<\/span><\/strong><span style=\"font-family: Arial Narrow, sans-serif;\"> &gt;&gt; \u00e0 assortir au Top Abelia, au top D\u00e9imos, au Teddy Ob\u00e9ron<\/span><\/span><\/p>\n<p><span style=\"font-size: 12pt;\"><strong><span style=\"font-family: Arial Narrow, sans-serif;\">SON PLUS ?<\/span><\/strong> <span style=\"font-family: Arial Narrow, sans-serif;\"><b>Vous pouvez la reporter tr\u00e8s facilement pour toutes les occasions\u00a0! <\/b><\/span><span style=\"font-family: Arial Narrow, sans-serif;\">Son cr\u00eape lumineux permet de l&#8217;associer facilement \u00e0 un d\u00e9bardeur en <b>maille<\/b><\/span><span style=\"font-family: Arial Narrow, sans-serif;\"><b>, une blouse <\/b><\/span><span style=\"font-family: Arial Narrow, sans-serif;\">ou un <\/span><span style=\"font-family: Arial Narrow, sans-serif;\"><b>top l\u00e9ger <\/b><\/span><span style=\"font-family: Arial Narrow, sans-serif;\">pour la porter au bureau, pour un after-work, un rendez-vous de travail&#8230;<\/span><\/span><\/p>\n<p><span style=\"font-size: 12pt;\"><strong><span style=\"font-family: Arial Narrow, sans-serif;\">Mati\u00e8res principales :<\/span><\/strong><span style=\"font-family: Arial Narrow, sans-serif;\"><br \/>\n<\/span><span style=\"font-family: Arial Narrow, sans-serif;\"><b>Cr\u00eape 100% viscose<\/b><\/span><strong><span style=\"font-family: Arial Narrow, sans-serif;\"> (issu de stock dormant, provenance : France )<br \/>\n<\/span><\/strong><span style=\"font-family: Arial Narrow, sans-serif;\"><br \/>\nCaract\u00e9ristiques :<br \/>\n&gt; mont\u00e9e sur ceinture droite<br \/>\n&gt; fermeture par zip invisible, bride et petit bouton recouvert milieu dos<br \/>\n&gt; sous-patte de zip pour le confort<\/span><\/span><\/p>\n<p><span style=\"font-family: Arial Narrow, sans-serif; font-size: 12pt;\">Pour la taille 38 :<br \/>\nLongueur milieu devant : environ 90 cm<br \/>\nMariem mesure 1m76 et porte une taille 38<\/span><\/p>\n<p><strong>Choisissez votre taille en fonction de votre tour de taille <\/strong>:\u00a0 <a href=\"https:\/\/www.encompagniedesperdrix.fr\/wp-content\/uploads\/2020\/10\/Guide-des-tailles28102020-2.pdf\" target=\"_blank\" rel=\"noopener noreferrer\"><em>Guide des tailles<\/em><\/a><\/p>\n<p><span style=\"font-size: 12pt;\"><span style=\"color: #00ff00;\"><em><strong><span style=\"font-family: Arial Narrow, sans-serif;\">Notre vision Green :\u00a0<\/span><\/strong><\/em><\/span><strong><span style=\"font-family: Arial Narrow, sans-serif;\">Le cr\u00eape viscose est issu de stocks dormants <\/span><\/strong><span style=\"font-family: Arial Narrow, sans-serif;\">de manufactures renomm\u00e9es, <\/span><span style=\"font-family: Arial Narrow, sans-serif;\">propos\u00e9s par des<\/span><span style=\"font-family: Arial Narrow, sans-serif;\"> fournisseurs sp\u00e9cialis\u00e9s dans les mati\u00e8res d&#8217;exception : <\/span><strong><span style=\"font-family: Arial Narrow, sans-serif;\">utiliser des textiles d\u00e9j\u00e0 existants permet de<\/span><\/strong><strong><span style=\"font-family: Arial Narrow, sans-serif;\"> r\u00e9duire l&#8217;empreinte carbone et la consommation d&#8217;eau <\/span><\/strong><strong><span style=\"font-family: Arial Narrow, sans-serif;\">pour la cr\u00e9ation d&#8217;un v\u00eatement.<br \/>\nLa <\/span><\/strong><strong><span style=\"font-family: Arial Narrow, sans-serif;\">coupe <\/span><\/strong><strong><span style=\"font-family: Arial Narrow, sans-serif;\">est<\/span><\/strong><strong><span style=\"font-family: Arial Narrow, sans-serif;\"> optimis\u00e9e <\/span><\/strong><strong><span style=\"font-family: Arial Narrow, sans-serif;\">pour<\/span><\/strong><strong><span style=\"font-family: Arial Narrow, sans-serif;\"> limiter les chutes, <\/span><\/strong><span style=\"font-family: Arial Narrow, sans-serif;\">et celles-ci sont utilis\u00e9es dans les<\/span><span style=\"font-family: Arial Narrow, sans-serif;\"> accessoires, d\u00e9tourn\u00e9es en bijoux textiles <\/span><span style=\"font-family: Arial Narrow, sans-serif;\">ou en compl\u00e9ment sur d&#8217;autres cr\u00e9ations. De plus,<strong> cette jupe a \u00e9t\u00e9 pens\u00e9e comme <\/strong><\/span><strong><span style=\"font-family: Arial Narrow, sans-serif;\">une pi\u00e8ce intemporelle<\/span><\/strong><span style=\"font-family: Arial Narrow, sans-serif;\"> et elle<\/span><span style=\"font-family: Arial Narrow, sans-serif;\"> se reporte sans mod\u00e9ration <\/span><span style=\"font-family: Arial Narrow, sans-serif;\">pour de <\/span><span style=\"font-family: Arial Narrow, sans-serif;\">multiples occasions <\/span><span style=\"font-family: Arial Narrow, sans-serif;\">en soir\u00e9e ou en journ\u00e9e.<\/span><\/span><\/p>\n<p><strong>Vous avez des questions ou vous souhaitez des conseils ?<\/strong><br \/>\n&gt;&gt; N&#8217;h\u00e9sitez pas \u00e0 me contacter <a href=\"mailto:atelier@mariellemaury.fr\" target=\"_blank\" rel=\"noopener\">par mail<\/a> ou <a href=\"tel:0608869388\">t\u00e9l\u00e9phone<\/a><\/p>\n<p><strong>Vos mesures ne correspondent pas \u00e0 celles du tableau ? Vous souhaitez personnaliser votre tenue ?<\/strong><br \/>\n&gt;&gt;\u00a0 La confection en demi-mesure ou sur-mesure est disponible \u00e0 l\u2019atelier sur devis.<\/p>\n<\/div><\/div><\/div><\/div><div class = \"tatsu-column-bg-image-wrap\"><div class = \"tatsu-column-bg-image\" ><\/div><\/div><div class=\"tatsu-overlay tatsu-column-overlay tatsu-animate-none\" ><\/div><\/div><style>.tatsu-row > .tatsu-Hyet52Z71g.tatsu-column{width: 100%;}.tatsu-Hyet52Z71g.tatsu-column > .tatsu-column-inner > .tatsu-column-overlay{mix-blend-mode: normal;}.tatsu-Hyet52Z71g > .tatsu-column-inner > .tatsu-top-divider{z-index: 9999;}.tatsu-Hyet52Z71g > .tatsu-column-inner > .tatsu-bottom-divider{z-index: 9999;}.tatsu-Hyet52Z71g > .tatsu-column-inner > .tatsu-left-divider{z-index: 9999;}.tatsu-Hyet52Z71g > .tatsu-column-inner > .tatsu-right-divider{z-index: 9999;}@media only screen and (max-width:1377px) {.tatsu-row > .tatsu-Hyet52Z71g.tatsu-column{width: 100%;}}@media only screen and (min-width:768px) and (max-width: 1024px) {.tatsu-row > .tatsu-Hyet52Z71g.tatsu-column{width: 100%;}}@media only screen and (max-width: 767px) {.tatsu-row > .tatsu-Hyet52Z71g.tatsu-column{width: 100%;}}<\/style><\/div><\/div><\/div><\/div><div class=\"tatsu-section-background-wrap\"><div class = \"tatsu-section-background\" ><\/div><\/div><div class=\"tatsu-overlay tatsu-section-overlay\"><\/div><style>.tatsu-SkZxF92ZQke .tatsu-section-pad{padding: 3px 0px 11px 0px;}.tatsu-SkZxF92ZQke .tatsu-section-offset-wrap{transform: translateY(-0px);}.tatsu-SkZxF92ZQke > .tatsu-bottom-divider{z-index: 9999;}.tatsu-SkZxF92ZQke > .tatsu-top-divider{z-index: 9999;}.tatsu-SkZxF92ZQke .tatsu-section-overlay{mix-blend-mode: normal;}<\/style><\/div>\n","protected":false},"excerpt":{"rendered":"<p><span style=\"font-family: Arial Narrow, sans-serif; font-size: 12pt;\">Jupe \u00e9vas\u00e9e soleil en cr\u00eape de viscose ivoire<\/span><\/p>\n<p><a href=\"https:\/\/mariellemaury.fr\/en\/produit\/jupe-midi-en-crepe-fabrique-en-france\/\" class=\"more-link style3-button\">Read More<\/a><\/p>","protected":false},"featured_media":349707,"comment_status":"closed","ping_status":"closed","template":"","meta":{"om_disable_all_campaigns":false,"_monsterinsights_skip_tracking":false,"_monsterinsights_sitenote_active":false,"_monsterinsights_sitenote_note":"","_monsterinsights_sitenote_category":0},"product_brand":[],"product_cat":[388],"product_tag":[251,133,393,390,395],"class_list":{"0":"post-349624","1":"product","2":"type-product","3":"status-publish","4":"has-post-thumbnail","6":"product_cat-jupes","7":"product_tag-ecoresponsable","8":"product_tag-fabrique-en-france","9":"product_tag-intemporel","10":"product_tag-mariage-civil","11":"product_tag-pour-la-mariee","13":"first","14":"instock","15":"shipping-taxable","16":"purchasable","17":"product-type-variable"},"aioseo_notices":[],"_links":{"self":[{"href":"https:\/\/mariellemaury.fr\/en\/wp-json\/wp\/v2\/product\/349624","targetHints":{"allow":["GET"]}}],"collection":[{"href":"https:\/\/mariellemaury.fr\/en\/wp-json\/wp\/v2\/product"}],"about":[{"href":"https:\/\/mariellemaury.fr\/en\/wp-json\/wp\/v2\/types\/product"}],"replies":[{"embeddable":true,"href":"https:\/\/mariellemaury.fr\/en\/wp-json\/wp\/v2\/comments?post=349624"}],"wp:featuredmedia":[{"embeddable":true,"href":"https:\/\/mariellemaury.fr\/en\/wp-json\/wp\/v2\/media\/349707"}],"wp:attachment":[{"href":"https:\/\/mariellemaury.fr\/en\/wp-json\/wp\/v2\/media?parent=349624"}],"wp:term":[{"taxonomy":"product_brand","embeddable":true,"href":"https:\/\/mariellemaury.fr\/en\/wp-json\/wp\/v2\/product_brand?post=349624"},{"taxonomy":"product_cat","embeddable":true,"href":"https:\/\/mariellemaury.fr\/en\/wp-json\/wp\/v2\/product_cat?post=349624"},{"taxonomy":"product_tag","embeddable":true,"href":"https:\/\/mariellemaury.fr\/en\/wp-json\/wp\/v2\/product_tag?post=349624"}],"curies":[{"name":"wp","href":"https:\/\/api.w.org\/{rel}","templated":true}]}}