{"id":349709,"date":"2025-04-14T10:19:38","date_gmt":"2025-04-14T08:19:38","guid":{"rendered":"https:\/\/mariellemaury.fr\/?post_type=product&#038;p=349709"},"modified":"2025-05-02T17:22:25","modified_gmt":"2025-05-02T15:22:25","slug":"jupe-courte-mariage-civil-fait-en-france","status":"publish","type":"product","link":"https:\/\/mariellemaury.fr\/en\/produit\/jupe-courte-mariage-civil-fait-en-france\/","title":{"rendered":"SELENE\u2013 Jupe courte en cr\u00eape viscose ivoire"},"content":{"rendered":"<div  class=\"tatsu-rkbHvsHe4Je tatsu-section  tatsu-bg-overlay   tatsu-clearfix\" data-title=\"\"  data-headerscheme=\"background--dark\"><div class='tatsu-section-pad clearfix' data-padding='{\"d\":\"0px 0px 0px 0px\"}' data-padding-top='0px'><div class=\"tatsu-row-wrap  tatsu-wrap tatsu-row-one-col tatsu-row-has-one-cols tatsu-medium-gutter tatsu-reg-cols  tatsu-clearfix tatsu-BklHPjrlEyl\" ><div  class=\"tatsu-row \" ><div  class=\"tatsu-column  tatsu-bg-overlay tatsu-one-col tatsu-column-image-none tatsu-column-effect-none  tatsu-ByrwjrgE1g\"  data-parallax-speed=\"0\" style=\"\"><div class=\"tatsu-column-inner \" ><div class=\"tatsu-column-pad-wrap\"><div class=\"tatsu-column-pad\" ><div  class=\"tatsu-module tatsu-video tatsu-hosted-wrap tatsu-rJoti6sAke   \" ><video  width = \"100%\" controls controlsList=\"nodownload\" poster = \"\" loop autoplay muted  ><source src=\"https:\/\/mariellemaury.fr\/wp-content\/uploads\/2025\/04\/jupe-mariee-courte-mariage-civil-montpellier.mov\" type=\"video\/mp4\"><\/video><\/div><\/div><\/div><div class = \"tatsu-column-bg-image-wrap\"><div class = \"tatsu-column-bg-image\" ><\/div><\/div><div class=\"tatsu-overlay tatsu-column-overlay tatsu-animate-none\" ><\/div><\/div><style>.tatsu-row > .tatsu-ByrwjrgE1g.tatsu-column{width: 45.9%;}.tatsu-ByrwjrgE1g.tatsu-column > .tatsu-column-inner > .tatsu-column-overlay{mix-blend-mode: normal;}.tatsu-ByrwjrgE1g > .tatsu-column-inner > .tatsu-top-divider{z-index: 9999;}.tatsu-ByrwjrgE1g > .tatsu-column-inner > .tatsu-bottom-divider{z-index: 9999;}.tatsu-ByrwjrgE1g > .tatsu-column-inner > .tatsu-left-divider{z-index: 9999;}.tatsu-ByrwjrgE1g > .tatsu-column-inner > .tatsu-right-divider{z-index: 9999;}@media only screen and (max-width:1377px) {.tatsu-row > .tatsu-ByrwjrgE1g.tatsu-column{width: 100%;}}@media only screen and (min-width:768px) and (max-width: 1024px) {.tatsu-row > .tatsu-ByrwjrgE1g.tatsu-column{width: 100%;}}@media only screen and (max-width: 767px) {.tatsu-row > .tatsu-ByrwjrgE1g.tatsu-column{width: 100%;}}<\/style><\/div><\/div><\/div><\/div><div class=\"tatsu-section-background-wrap\"><div class = \"tatsu-section-background\" ><\/div><\/div><div class=\"tatsu-overlay tatsu-section-overlay\"><\/div><style>.tatsu-rkbHvsHe4Je .tatsu-section-offset-wrap{transform: translateY(-0px);}.tatsu-rkbHvsHe4Je > .tatsu-bottom-divider{z-index: 9999;}.tatsu-rkbHvsHe4Je > .tatsu-top-divider{z-index: 9999;}.tatsu-rkbHvsHe4Je .tatsu-section-overlay{mix-blend-mode: normal;}<\/style><\/div><div  class=\"tatsu-SkZxF92ZQke tatsu-section  tatsu-bg-overlay   tatsu-clearfix\" data-title=\"\"  data-headerscheme=\"background--dark\"><div class='tatsu-section-pad clearfix' data-padding='{\"d\":\"3px 0px 11px 0px\"}' data-padding-top='3px'><div class=\"tatsu-row-wrap  tatsu-wrap tatsu-row-one-col tatsu-row-has-one-cols tatsu-medium-gutter tatsu-reg-cols  tatsu-clearfix tatsu-rkllY9nWXJg\" ><div  class=\"tatsu-row \" ><div  class=\"tatsu-column  tatsu-bg-overlay tatsu-one-col tatsu-column-image-none tatsu-column-effect-none  tatsu-Hyet52Z71g\"  data-parallax-speed=\"0\" style=\"\"><div class=\"tatsu-column-inner \" ><div class=\"tatsu-column-pad-wrap\"><div class=\"tatsu-column-pad\" ><div  class=\"tatsu-module tatsu-text-block-wrap tatsu-Sy9Koh-Xyx  \"><div class=\"tatsu-text-inner tatsu-align-center  clearfix\" ><style>.tatsu-Sy9Koh-Xyx.tatsu-text-block-wrap .tatsu-text-inner{width: 100%;text-align: left;}<\/style>\n<p><b>SELENE\u2013 Jupe MINI en cr\u00eape ivoire<br \/>\nDisponible de la taille 34 \u00e0 46<br \/>\n<\/b><span style=\"font-family: Arial Narrow, sans-serif; font-size: 12pt;\"><b>Envoi sous 21 jours ouvr\u00e9s (d\u00e9lai de fabrication, d\u00e9part atelier)<\/b><\/span><\/p>\n<p><span style=\"font-family: Arial Narrow, sans-serif; font-size: 12pt;\"><b>La jupe mini coupe soleil <\/b>(ou patineuse)<b>,<\/b> parfaite pour un<b> mariage civil<\/b> ou le <b>brunch du lendemain. <\/b>Son beau <b>cr\u00eape viscose Ecovero,<\/b> issu de<b> stocks dormants, <\/b>est<b> lumineux et tr\u00e8s fluide. <\/b>Sa coupe \u00e9vas\u00e9e danse avec l\u00e9g\u00e8ret\u00e9 pour<strong> mettre en valeur\u00a0 la silhouette.<\/strong><\/span><\/p>\n<p><span style=\"font-size: 12pt;\"><strong><span style=\"font-family: Arial Narrow, sans-serif;\">JE LA PORTE AVEC QUOI :<\/span><\/strong><span style=\"font-family: Arial Narrow, sans-serif;\"> on l&#8217;aime avec <strong>des talons, des derbies<\/strong>, des sandales,<\/span><span style=\"font-family: Arial Narrow, sans-serif;\"> et pour le haut <\/span><span style=\"font-family: Arial Narrow, sans-serif;\">avec un <strong>crop top en dentelle<\/strong>, un<strong> top \u00e0 bretelles<\/strong> et une veste courte pour mettre en valeur la taille cintr\u00e9e<\/span><span style=\"font-family: Arial Narrow, sans-serif;\"><br \/>\n&gt;&gt; \u00e0 assortir au top DEIMOS, au<a href=\"https:\/\/mariellemaury.fr\/produit\/top-en-soie-a-fines-bretelles\/\" target=\"_blank\" rel=\"noopener\"> top en soie POUDRE<\/a>,\u00a0 au teddy OBERON<\/span><\/span><\/p>\n<p><span style=\"font-size: 12pt;\"><strong><span style=\"font-family: Arial Narrow, sans-serif;\">SON PLUS ?<\/span><\/strong> <span style=\"font-family: Arial Narrow, sans-serif;\"><b>Vous pouvez la reporter tr\u00e8s facilement en d&#8217;autres circonstances ! <\/b><\/span><\/span><\/p>\n<p><span style=\"font-size: 12pt;\"><strong><span style=\"font-family: Arial Narrow, sans-serif;\">Mati\u00e8res principales :<\/span><\/strong><span style=\"font-family: Arial Narrow, sans-serif;\"><br \/>\n<\/span><span style=\"font-family: Arial Narrow, sans-serif;\"><b>Cr\u00eape 100% Viscose ECOVERO<\/b><\/span><span style=\"font-family: Arial Narrow, sans-serif;\"> (issu de stocks dormants ; provenance : France )<\/span><strong><span style=\"font-family: Arial Narrow, sans-serif;\"><br \/>\nDoublure : cr\u00eape 100% coton certifi\u00e9 BIOLOGIQUE <\/span><\/strong><span style=\"font-family: Arial Narrow, sans-serif;\">(provenance : France)<\/span><strong><span style=\"font-family: Arial Narrow, sans-serif;\"><br \/>\n<\/span><\/strong><span style=\"font-family: Arial Narrow, sans-serif;\"><br \/>\n<strong>Caract\u00e9ristiques :<br \/>\n<\/strong><\/span><\/span><span style=\"font-family: Arial Narrow, sans-serif; font-size: 12pt;\">&gt; mont\u00e9e sur ceinture droite<br \/>\n&gt; fermeture milieu dos par zip invisible, bride et petit bouton recouvert<br \/>\n&gt; Doublure et sous-patte de zip pour le confort<\/span><\/p>\n<p><span style=\"font-family: Arial Narrow, sans-serif; font-size: 12pt;\">Pour la taille 38 :<br \/>\nLongueur milieu devant : environ 47 cm<br \/>\nMariem mesure 1m76 et porte une taille 38<\/span><\/p>\n<p><strong>Choisissez votre taille en fonction de votre tour de taille <\/strong>:\u00a0 <a href=\"https:\/\/www.encompagniedesperdrix.fr\/wp-content\/uploads\/2020\/10\/Guide-des-tailles28102020-2.pdf\" target=\"_blank\" rel=\"noopener noreferrer\"><em>Guide des tailles<\/em><\/a><\/p>\n<p><span style=\"font-size: 12pt;\"><span style=\"color: #00ff00;\"><em><strong><span style=\"font-family: Arial Narrow, sans-serif;\">Notre vision Green : <\/span><\/strong><\/em><\/span><span style=\"font-family: Arial Narrow, sans-serif;\">La <\/span><span style=\"font-family: Arial Narrow, sans-serif;\">coupe <\/span><span style=\"font-family: Arial Narrow, sans-serif;\">est<\/span><span style=\"font-family: Arial Narrow, sans-serif;\"> optimis\u00e9e <\/span><span style=\"font-family: Arial Narrow, sans-serif;\">pour<\/span><span style=\"font-family: Arial Narrow, sans-serif;\"> limiter les chutes<\/span><strong><span style=\"font-family: Arial Narrow, sans-serif;\">, <\/span><\/strong><strong><span style=\"font-family: Arial Narrow, sans-serif;\">et celles-ci sont utilis\u00e9es dans les<\/span><\/strong><strong><span style=\"font-family: Arial Narrow, sans-serif;\"> accessoires, d\u00e9tourn\u00e9es en bijoux textiles <\/span><\/strong><strong><span style=\"font-family: Arial Narrow, sans-serif;\">ou en compl\u00e9ment sur d&#8217;autres cr\u00e9ations. De plus, cette jupe a \u00e9t\u00e9 pens\u00e9e comme <\/span><\/strong><span style=\"font-family: Arial Narrow, sans-serif;\">une pi\u00e8ce intemporelle<\/span><strong><span style=\"font-family: Arial Narrow, sans-serif;\"> et elle<\/span><\/strong><strong><span style=\"font-family: Arial Narrow, sans-serif;\"> se reporte sans mod\u00e9ration <\/span><\/strong><strong><span style=\"font-family: Arial Narrow, sans-serif;\">pour de <\/span><\/strong><strong><span style=\"font-family: Arial Narrow, sans-serif;\">multiples occasions<\/span><\/strong><\/span><strong><span style=\"font-family: Arial Narrow, sans-serif;\"><span style=\"font-size: small;\">.<\/span><\/span><\/strong><\/p>\n<p><strong>Vous avez des questions ou vous souhaitez des conseils ?<\/strong><br \/>\n&gt;&gt; N&#8217;h\u00e9sitez pas \u00e0 me contacter <a href=\"mailto:atelier@mariellemaury.fr\" target=\"_blank\" rel=\"noopener\">par mail<\/a> ou <a href=\"tel:0608869388\">t\u00e9l\u00e9phone<\/a><\/p>\n<p><strong>Vos mesures ne correspondent pas \u00e0 celles du tableau ? Vous souhaitez personnaliser votre tenue ?<\/strong><br \/>\n&gt;&gt;\u00a0 La confection en demi-mesure ou sur-mesure est disponible \u00e0 l\u2019atelier sur devis.<\/p>\n<\/div><\/div><\/div><\/div><div class = \"tatsu-column-bg-image-wrap\"><div class = \"tatsu-column-bg-image\" ><\/div><\/div><div class=\"tatsu-overlay tatsu-column-overlay tatsu-animate-none\" ><\/div><\/div><style>.tatsu-row > .tatsu-Hyet52Z71g.tatsu-column{width: 100%;}.tatsu-Hyet52Z71g.tatsu-column > .tatsu-column-inner > .tatsu-column-overlay{mix-blend-mode: normal;}.tatsu-Hyet52Z71g > .tatsu-column-inner > .tatsu-top-divider{z-index: 9999;}.tatsu-Hyet52Z71g > .tatsu-column-inner > .tatsu-bottom-divider{z-index: 9999;}.tatsu-Hyet52Z71g > .tatsu-column-inner > .tatsu-left-divider{z-index: 9999;}.tatsu-Hyet52Z71g > .tatsu-column-inner > .tatsu-right-divider{z-index: 9999;}@media only screen and (max-width:1377px) {.tatsu-row > .tatsu-Hyet52Z71g.tatsu-column{width: 100%;}}@media only screen and (min-width:768px) and (max-width: 1024px) {.tatsu-row > .tatsu-Hyet52Z71g.tatsu-column{width: 100%;}}@media only screen and (max-width: 767px) {.tatsu-row > .tatsu-Hyet52Z71g.tatsu-column{width: 100%;}}<\/style><\/div><\/div><\/div><\/div><div class=\"tatsu-section-background-wrap\"><div class = \"tatsu-section-background\" ><\/div><\/div><div class=\"tatsu-overlay tatsu-section-overlay\"><\/div><style>.tatsu-SkZxF92ZQke .tatsu-section-pad{padding: 3px 0px 11px 0px;}.tatsu-SkZxF92ZQke .tatsu-section-offset-wrap{transform: translateY(-0px);}.tatsu-SkZxF92ZQke > .tatsu-bottom-divider{z-index: 9999;}.tatsu-SkZxF92ZQke > .tatsu-top-divider{z-index: 9999;}.tatsu-SkZxF92ZQke .tatsu-section-overlay{mix-blend-mode: normal;}<\/style><\/div>\n","protected":false},"excerpt":{"rendered":"<p><span style=\"font-family: Arial Narrow, sans-serif;\"><span style=\"font-size: small;\"><span style=\"font-size: 12pt;\">Jupe \u00e9vas\u00e9e soleil en cr\u00eape viscose Ecovero ivoire<\/span> <\/span><\/span><\/p>\n<p><a href=\"https:\/\/mariellemaury.fr\/en\/produit\/jupe-courte-mariage-civil-fait-en-france\/\" class=\"more-link style3-button\">Read More<\/a><\/p>","protected":false},"featured_media":349683,"comment_status":"closed","ping_status":"closed","template":"","meta":[],"product_brand":[],"product_cat":[388],"product_tag":[406,251,133,390,395],"class_list":{"0":"post-349709","1":"product","2":"type-product","3":"status-publish","4":"has-post-thumbnail","6":"product_cat-jupes","7":"product_tag-brunch-du-lendemain","8":"product_tag-ecoresponsable","9":"product_tag-fabrique-en-france","10":"product_tag-mariage-civil","11":"product_tag-pour-la-mariee","13":"first","14":"instock","15":"shipping-taxable","16":"purchasable","17":"product-type-variable"},"aioseo_notices":[],"_links":{"self":[{"href":"https:\/\/mariellemaury.fr\/en\/wp-json\/wp\/v2\/product\/349709","targetHints":{"allow":["GET"]}}],"collection":[{"href":"https:\/\/mariellemaury.fr\/en\/wp-json\/wp\/v2\/product"}],"about":[{"href":"https:\/\/mariellemaury.fr\/en\/wp-json\/wp\/v2\/types\/product"}],"replies":[{"embeddable":true,"href":"https:\/\/mariellemaury.fr\/en\/wp-json\/wp\/v2\/comments?post=349709"}],"wp:featuredmedia":[{"embeddable":true,"href":"https:\/\/mariellemaury.fr\/en\/wp-json\/wp\/v2\/media\/349683"}],"wp:attachment":[{"href":"https:\/\/mariellemaury.fr\/en\/wp-json\/wp\/v2\/media?parent=349709"}],"wp:term":[{"taxonomy":"product_brand","embeddable":true,"href":"https:\/\/mariellemaury.fr\/en\/wp-json\/wp\/v2\/product_brand?post=349709"},{"taxonomy":"product_cat","embeddable":true,"href":"https:\/\/mariellemaury.fr\/en\/wp-json\/wp\/v2\/product_cat?post=349709"},{"taxonomy":"product_tag","embeddable":true,"href":"https:\/\/mariellemaury.fr\/en\/wp-json\/wp\/v2\/product_tag?post=349709"}],"curies":[{"name":"wp","href":"https:\/\/api.w.org\/{rel}","templated":true}]}}