{"id":349717,"date":"2025-04-14T11:19:58","date_gmt":"2025-04-14T09:19:58","guid":{"rendered":"https:\/\/mariellemaury.fr\/?post_type=product&#038;p=349717"},"modified":"2025-04-15T14:19:11","modified_gmt":"2025-04-15T12:19:11","slug":"crop-top-de-mariee-en-dentelle-de-calais","status":"publish","type":"product","link":"https:\/\/mariellemaury.fr\/en\/produit\/crop-top-de-mariee-en-dentelle-de-calais\/","title":{"rendered":"DEIMOS \u2013 Crop Top de mari\u00e9e en dentelle de Calais"},"content":{"rendered":"<div  class=\"tatsu-rk-wnKTsAke tatsu-section  tatsu-bg-overlay   tatsu-clearfix\" data-title=\"\"  data-headerscheme=\"background--dark\"><div class='tatsu-section-pad clearfix' data-padding='{\"d\":\"0px 0px 1px 0px\"}' data-padding-top='0px'><div class=\"tatsu-row-wrap  tatsu-wrap tatsu-row-has-one-half tatsu-row-has-two-cols tatsu-medium-gutter tatsu-reg-cols  tatsu-clearfix tatsu-SJxwhK6s0yx\" ><div  class=\"tatsu-row \" ><div  class=\"tatsu-column  tatsu-bg-overlay tatsu-one-half tatsu-column-image-none tatsu-column-effect-none  tatsu-Sy-CtTo0Jg\"  data-parallax-speed=\"0\" style=\"\"><div class=\"tatsu-column-inner \" ><div class=\"tatsu-column-pad-wrap\"><div class=\"tatsu-column-pad\" ><div  class=\"tatsu-module tatsu-video tatsu-hosted-wrap tatsu-rJKCFTjCke   \" ><video  width = \"100%\" controls controlsList=\"nodownload\" poster = \"\" loop autoplay muted  ><source src=\"https:\/\/mariellemaury.fr\/wp-content\/uploads\/2025\/04\/ensemble-dentelle-mariee-mariage-civil-montpellier.mov\" type=\"video\/mp4\"><\/video><\/div><\/div><\/div><div class = \"tatsu-column-bg-image-wrap\"><div class = \"tatsu-column-bg-image\" ><\/div><\/div><div class=\"tatsu-overlay tatsu-column-overlay tatsu-animate-none\" ><\/div><\/div><style>.tatsu-row > .tatsu-Sy-CtTo0Jg.tatsu-column{width: 50%;}.tatsu-Sy-CtTo0Jg.tatsu-column > .tatsu-column-inner > .tatsu-column-overlay{mix-blend-mode: normal;}.tatsu-Sy-CtTo0Jg > .tatsu-column-inner > .tatsu-top-divider{z-index: 9999;}.tatsu-Sy-CtTo0Jg > .tatsu-column-inner > .tatsu-bottom-divider{z-index: 9999;}.tatsu-Sy-CtTo0Jg > .tatsu-column-inner > .tatsu-left-divider{z-index: 9999;}.tatsu-Sy-CtTo0Jg > .tatsu-column-inner > .tatsu-right-divider{z-index: 9999;}@media only screen and (max-width:1377px) {.tatsu-row > .tatsu-Sy-CtTo0Jg.tatsu-column{width: 50%;}}@media only screen and (min-width:768px) and (max-width: 1024px) {.tatsu-row > .tatsu-Sy-CtTo0Jg.tatsu-column{width: 50%;}}@media only screen and (max-width: 767px) {.tatsu-row > .tatsu-Sy-CtTo0Jg.tatsu-column{width: 100%;}}<\/style><\/div><div  class=\"tatsu-column  tatsu-bg-overlay tatsu-column-empty tatsu-one-half tatsu-column-image-none tatsu-column-effect-none  tatsu-Hye-CKasAkl\"  data-parallax-speed=\"0\" style=\"\"><div class=\"tatsu-column-inner \" ><div class=\"tatsu-column-pad-wrap\"><div class=\"tatsu-column-pad\" ><\/div><\/div><div class = \"tatsu-column-bg-image-wrap\"><div class = \"tatsu-column-bg-image\" ><\/div><\/div><div class=\"tatsu-overlay tatsu-column-overlay tatsu-animate-none\" ><\/div><\/div><style>.tatsu-row > .tatsu-Hye-CKasAkl.tatsu-column{width: 50%;}.tatsu-Hye-CKasAkl.tatsu-column > .tatsu-column-inner > .tatsu-column-overlay{mix-blend-mode: normal;}.tatsu-Hye-CKasAkl > .tatsu-column-inner > .tatsu-top-divider{z-index: 9999;}.tatsu-Hye-CKasAkl > .tatsu-column-inner > .tatsu-bottom-divider{z-index: 9999;}.tatsu-Hye-CKasAkl > .tatsu-column-inner > .tatsu-left-divider{z-index: 9999;}.tatsu-Hye-CKasAkl > .tatsu-column-inner > .tatsu-right-divider{z-index: 9999;}@media only screen and (max-width:1377px) {.tatsu-row > .tatsu-Hye-CKasAkl.tatsu-column{width: 50%;}}@media only screen and (min-width:768px) and (max-width: 1024px) {.tatsu-row > .tatsu-Hye-CKasAkl.tatsu-column{width: 50%;}}@media only screen and (max-width: 767px) {.tatsu-row > .tatsu-Hye-CKasAkl.tatsu-column{width: 100%;}}<\/style><\/div><\/div><\/div><\/div><div class=\"tatsu-section-background-wrap\"><div class = \"tatsu-section-background\" ><\/div><\/div><div class=\"tatsu-overlay tatsu-section-overlay\"><\/div><style>.tatsu-rk-wnKTsAke .tatsu-section-pad{padding: 0px 0px 1px 0px;}.tatsu-rk-wnKTsAke .tatsu-section-offset-wrap{transform: translateY(-0px);}.tatsu-rk-wnKTsAke > .tatsu-bottom-divider{z-index: 9999;}.tatsu-rk-wnKTsAke > .tatsu-top-divider{z-index: 9999;}.tatsu-rk-wnKTsAke .tatsu-section-overlay{mix-blend-mode: normal;}<\/style><\/div><div  class=\"tatsu-gl0gyasjsa82livd tatsu-section  tatsu-bg-overlay   tatsu-clearfix\" data-title=\"\"  data-headerscheme=\"background--dark\"><div class='tatsu-section-pad clearfix' data-padding='{\"d\":\"1px 0px 90px 0px\"}' data-padding-top='1px'><div class=\"tatsu-row-wrap  tatsu-wrap tatsu-row-one-col tatsu-row-has-one-cols tatsu-medium-gutter tatsu-reg-cols  tatsu-clearfix tatsu-gl0gyasjv67retb6\" ><div  class=\"tatsu-row \" ><div  class=\"tatsu-column  tatsu-bg-overlay tatsu-one-col tatsu-column-image-none tatsu-column-effect-none  tatsu-gl0gyasjxqg9avq7\"  data-parallax-speed=\"0\" style=\"\"><div class=\"tatsu-column-inner \" ><div class=\"tatsu-column-pad-wrap\"><div class=\"tatsu-column-pad\" ><div  class=\"tatsu-module tatsu-text-block-wrap tatsu-gl0gyask018xf9me  \"><div class=\"tatsu-text-inner tatsu-align-center  clearfix\" ><style>.tatsu-gl0gyask018xf9me.tatsu-text-block-wrap .tatsu-text-inner{width: 100%;text-align: left;}<\/style>\n<p><span style=\"color: #000000;\"><strong>Crop-Top DEIMOS en dentelle de Calais<\/strong><\/span><br \/>\n<strong>Disponible de la taille 36 \u00e0 44<\/strong><br \/>\n<strong>D\u00e9part atelier sous 21 jours ouvr\u00e9s \u00e0 partir de la commande (d\u00e9lai de fabrication)<br \/>\n*EN CAS DE RUPTURE DE\u00a0 STOCK SUR CETTE DENTELLE, LA CREATRICE VOUS PROPOSERA UNE DENTELLE EQUIVALENTE *<br \/>\n<\/strong><\/p>\n<p><strong>Le cop-top DEIMOS en dentelle de Calais<\/strong> \u00e0 motif Art D\u00e9co est une <strong>pi\u00e8ce parfaite pour le mariage civil ou le brunch<\/strong> ! Son encolure en V devant et ses petites manchettes <strong>mettent en valeur le buste.<br \/>\n<\/strong><strong>Son plus ? Ses festons au bas du top et sur les manchettes, ses jolis boutons dans le dos lui apportent sa touche raffin\u00e9e<br \/>\n<\/strong><\/p>\n<p><strong>JE LA PORTE AVEC QUOI :<\/strong> on l\u2019aime avec <strong>une jupe taille haute \u00e0 <\/strong>la taille cintr\u00e9e, courte ou longue ou un <strong>pantalon taille haute<\/strong><br \/>\n&gt;&gt; \u00e0 assortir \u00e0 la jupe QUASAR, \u00e0 la jupe ESTRELLA, \u00e0 la jupe DEIMOS, au top POUDRE,\u00a0 au teddy OBERON<br \/>\n&gt; \u00e0 reporter avec un jean, un short habill\u00e9, une veste de tailleur !<\/p>\n<p><strong>Composition :<br \/>\n<\/strong>&gt; <strong>Tissu principal<\/strong> : dentelle de Calais certifi\u00e9e Oekotex 77% Coton 23% Polyamide (origine : France)<br \/>\n&gt; doublure devant : cr\u00eape de soie (origine : Italie)<br \/>\n&gt; <strong>Fermeture dos <\/strong>par<strong> petits boutons <\/strong>bomb\u00e9s <strong>assortis \u00e0 la dentelle jusqu&#8217;au milieu du dos, ouverture dans le bas du dos<br \/>\n<\/strong>Longueur devant (\u00e0 la base du coup): environ 44cm<\/p>\n<p><strong>Le top est l\u00e9g\u00e8rement ajust\u00e9 \u00e0 la poitrine <\/strong>et son ouverture dos permet de porter un soutien-gorge.<\/p>\n<p><strong>Mariem mesure 1m76 et porte une taille 38<br \/>\n<\/strong><strong>Choisissez votre taille en fonction de votre tour de poitrine<\/strong> :\u00a0 <a href=\"https:\/\/www.encompagniedesperdrix.fr\/wp-content\/uploads\/2020\/10\/Guide-des-tailles28102020-2.pdf\" target=\"_blank\" rel=\"noopener noreferrer\"><em>Guide des tailles<\/em><\/a><\/p>\n<p><span style=\"color: #339966;\"><em><strong>Notre vision Green : <\/strong><\/em><\/span>La coupe est optimis\u00e9e pour limiter les chutes<strong>, <\/strong><strong>et celles-ci sont utilis\u00e9es dans les<\/strong><strong> accessoires, d\u00e9tourn\u00e9es en bijoux textiles <\/strong><strong>ou en compl\u00e9ment sur d\u2019autres cr\u00e9ations. De plus, cette jupe a \u00e9t\u00e9 pens\u00e9e comme <\/strong>une pi\u00e8ce intemporelle<strong> et elle<\/strong><strong> se reporte sans mod\u00e9ration <\/strong><strong>pour de <\/strong><strong>multiples occasions<\/strong><strong>.<\/strong><\/p>\n<p><strong>Vo<\/strong><strong>us avez des questions ou vous souhaitez des conseils ?<br \/>\n<\/strong>&gt;&gt; N\u2019h\u00e9sitez pas \u00e0 me contacter <a href=\"mailto:atelier@mariellemaury.fr\" target=\"_blank\" rel=\"noopener\">par mail<\/a> ou <a href=\"tel:0608869388\">t\u00e9l\u00e9phone<\/a><\/p>\n<section><\/section>\n<section><strong>Vos mesures ne correspondent pas \u00e0 celles du tableau ? Vous souhaitez personnaliser votre tenue ?<\/strong><br \/>\n&gt;&gt;\u00a0 La confection en demi-mesure ou sur-mesure est disponible \u00e0 l\u2019atelier sur devis.<\/section>\n<\/div><\/div><\/div><\/div><div class = \"tatsu-column-bg-image-wrap\"><div class = \"tatsu-column-bg-image\" ><\/div><\/div><div class=\"tatsu-overlay tatsu-column-overlay tatsu-animate-none\" ><\/div><\/div><style>.tatsu-row > .tatsu-gl0gyasjxqg9avq7.tatsu-column{width: 100%;}.tatsu-gl0gyasjxqg9avq7.tatsu-column > .tatsu-column-inner > .tatsu-column-overlay{mix-blend-mode: normal;}.tatsu-gl0gyasjxqg9avq7 > .tatsu-column-inner > .tatsu-top-divider{z-index: 9999;}.tatsu-gl0gyasjxqg9avq7 > .tatsu-column-inner > .tatsu-bottom-divider{z-index: 9999;}.tatsu-gl0gyasjxqg9avq7 > .tatsu-column-inner > .tatsu-left-divider{z-index: 9999;}.tatsu-gl0gyasjxqg9avq7 > .tatsu-column-inner > .tatsu-right-divider{z-index: 9999;}<\/style><\/div><\/div><\/div><\/div><div class=\"tatsu-section-background-wrap\"><div class = \"tatsu-section-background\" ><\/div><\/div><div class=\"tatsu-overlay tatsu-section-overlay\"><\/div><style>.tatsu-gl0gyasjsa82livd .tatsu-section-pad{padding: 1px 0px 90px 0px;}.tatsu-gl0gyasjsa82livd > .tatsu-bottom-divider{z-index: 9999;}.tatsu-gl0gyasjsa82livd > .tatsu-top-divider{z-index: 9999;}.tatsu-gl0gyasjsa82livd .tatsu-section-overlay{mix-blend-mode: normal;}<\/style><\/div>\n","protected":false},"excerpt":{"rendered":"<p>Crop top en dentelle de calais boutonn\u00e9 dans le dos<\/p>\n<p><a href=\"https:\/\/mariellemaury.fr\/en\/produit\/crop-top-de-mariee-en-dentelle-de-calais\/\" class=\"more-link style3-button\">Read More<\/a><\/p>","protected":false},"featured_media":349723,"comment_status":"closed","ping_status":"closed","template":"","meta":{"om_disable_all_campaigns":false,"_monsterinsights_skip_tracking":false,"_monsterinsights_sitenote_active":false,"_monsterinsights_sitenote_note":"","_monsterinsights_sitenote_category":0},"product_brand":[],"product_cat":[258],"product_tag":[406,251,133,394,390,395],"class_list":{"0":"post-349717","1":"product","2":"type-product","3":"status-publish","4":"has-post-thumbnail","6":"product_cat-tops","7":"product_tag-brunch-du-lendemain","8":"product_tag-ecoresponsable","9":"product_tag-fabrique-en-france","10":"product_tag-dentelle","11":"product_tag-mariage-civil","12":"product_tag-pour-la-mariee","14":"first","15":"instock","16":"shipping-taxable","17":"purchasable","18":"product-type-variable"},"aioseo_notices":[],"_links":{"self":[{"href":"https:\/\/mariellemaury.fr\/en\/wp-json\/wp\/v2\/product\/349717","targetHints":{"allow":["GET"]}}],"collection":[{"href":"https:\/\/mariellemaury.fr\/en\/wp-json\/wp\/v2\/product"}],"about":[{"href":"https:\/\/mariellemaury.fr\/en\/wp-json\/wp\/v2\/types\/product"}],"replies":[{"embeddable":true,"href":"https:\/\/mariellemaury.fr\/en\/wp-json\/wp\/v2\/comments?post=349717"}],"wp:featuredmedia":[{"embeddable":true,"href":"https:\/\/mariellemaury.fr\/en\/wp-json\/wp\/v2\/media\/349723"}],"wp:attachment":[{"href":"https:\/\/mariellemaury.fr\/en\/wp-json\/wp\/v2\/media?parent=349717"}],"wp:term":[{"taxonomy":"product_brand","embeddable":true,"href":"https:\/\/mariellemaury.fr\/en\/wp-json\/wp\/v2\/product_brand?post=349717"},{"taxonomy":"product_cat","embeddable":true,"href":"https:\/\/mariellemaury.fr\/en\/wp-json\/wp\/v2\/product_cat?post=349717"},{"taxonomy":"product_tag","embeddable":true,"href":"https:\/\/mariellemaury.fr\/en\/wp-json\/wp\/v2\/product_tag?post=349717"}],"curies":[{"name":"wp","href":"https:\/\/api.w.org\/{rel}","templated":true}]}}