{"id":349917,"date":"2025-07-10T11:18:37","date_gmt":"2025-07-10T09:18:37","guid":{"rendered":"https:\/\/mariellemaury.fr\/?post_type=product&#038;p=349917"},"modified":"2026-03-29T14:16:00","modified_gmt":"2026-03-29T12:16:00","slug":"stage-initiation-creation-de-bijoux-textile","status":"publish","type":"product","link":"https:\/\/mariellemaury.fr\/en\/produit\/stage-initiation-creation-de-bijoux-textile\/","title":{"rendered":"Atelier initiation aux techniques de cr\u00e9ation de bijoux textile"},"content":{"rendered":"<div  class=\"tatsu-i395lh37oybsa4z2 tatsu-section  tatsu-bg-overlay   tatsu-clearfix\" data-title=\"\"  data-headerscheme=\"background--dark\"><div class='tatsu-section-pad clearfix' data-padding='{\"d\":\"0px 0px 0px 0px\"}' data-padding-top='0px'><div class=\"tatsu-row-wrap  tatsu-wrap tatsu-row-one-col tatsu-row-has-one-cols tatsu-medium-gutter tatsu-reg-cols  tatsu-clearfix tatsu-i395lh37q53efi8a\" ><div  class=\"tatsu-row \" ><div  class=\"tatsu-column  tatsu-bg-overlay tatsu-one-col tatsu-column-image-none tatsu-column-effect-none  tatsu-i395lh37r9d61csu\"  data-parallax-speed=\"0\" style=\"\"><div class=\"tatsu-column-inner \" ><div class=\"tatsu-column-pad-wrap\"><div class=\"tatsu-column-pad\" ><div  class=\"tatsu-module tatsu-text-block-wrap tatsu-i395lh37s72mtqxi  \"><div class=\"tatsu-text-inner tatsu-align-center  clearfix\" ><style>.tatsu-i395lh37s72mtqxi.tatsu-text-block-wrap .tatsu-text-inner{width: 100%;text-align: left;}<\/style>\n<p><strong><em>Plissez. Pliez. Smockez. Brodez. Perlez&#8230;<\/em><\/strong><\/p>\n<p>Avec <strong>des techniques issues de la haute couture<\/strong>, sublimez les tissus exceptionnels de l\u2019atelier, pour cr\u00e9er de v\u00e9ritables bijoux textiles.<br \/>\nUn bijou de t\u00eate pour le mariage, une broche pour votre manteau, un ornement pour une pochette du soir&#8230;Je vous fais exp\u00e9rimenter des techniques de manipulation textile.<\/p>\n<p><strong>V O U S\u00a0 A P P R E N E Z :<\/strong><br \/>\n&#8211; \u00e0 d\u00e9couper, plier ou plisser les diff\u00e9rents tissus selon leurs caract\u00e9ristiques et l\u2019effet recherch\u00e9<br \/>\n&#8211; \u00e0 former diff\u00e9rents \u00e9l\u00e9ments et \u00e0 les combiner entre eux<br \/>\n&#8211; \u00e0 les agr\u00e9menter de perles ou broderies<\/p>\n<p><strong>V O U S\u00a0 R E P A R T E Z\u00a0 A V E C :<\/strong><br \/>\n&#8211; Votre cadeau de bienvenue<br \/>\n&#8211; Des tests de manipulation textile, avec diff\u00e9rentes techniques, \u00e0 reproduire avec vos propres tissus<\/p>\n<p><strong>COLLATION<\/strong><br \/>\nTh\u00e9 &amp; caf\u00e9 gourmands sont <strong>compris dans la formule<\/strong><\/p>\n<p><strong>D\u00c9ROUL\u00c9 DE LA DEMI JOURN\u00c9E<\/strong><br \/>\n9h30 : Accueil autour d\u2019un caf\u00e9, installation et explication du d\u00e9roulement de la s\u00e9quence<br \/>\n10h-12h30 : exp\u00e9rimentation de diff\u00e9rentes techniques<\/p>\n<p><strong>I N F O S\u00a0 P R A T I Q U E S :<\/strong><br \/>\nMATERIEL FOURNI : Petit mat\u00e9riel, machines \u00e0 coudre, fer \u00e0 repasser, textiles, perles et paillettes, fil et laine \u00e0 broder,&#8230;<br \/>\nDUREE : matin\u00e9e \/ 9h30 -12h30 ou Apr\u00e8s-midi \/ 14h-17h (selon les dates)<br \/>\nTARIF : 70\u20ac par personne<br \/>\nNOMBRE DE PARTICIPANTS : 4 \u00e0 8 personnes<\/p>\n<p><img loading=\"lazy\" decoding=\"async\" class=\"alignnone size-medium wp-image-349924\" src=\"https:\/\/mariellemaury.fr\/wp-content\/uploads\/2025\/07\/niveau-de-difficulte-2-300x26.png\" alt=\"niveau de difficult\u00e9\" width=\"300\" height=\"26\" srcset=\"https:\/\/mariellemaury.fr\/wp-content\/uploads\/2025\/07\/niveau-de-difficulte-2-300x26.png 300w, https:\/\/mariellemaury.fr\/wp-content\/uploads\/2025\/07\/niveau-de-difficulte-2-768x66.png 768w, https:\/\/mariellemaury.fr\/wp-content\/uploads\/2025\/07\/niveau-de-difficulte-2-584x50.png 584w, https:\/\/mariellemaury.fr\/wp-content\/uploads\/2025\/07\/niveau-de-difficulte-2-650x56.png 650w, https:\/\/mariellemaury.fr\/wp-content\/uploads\/2025\/07\/niveau-de-difficulte-2-50x4.png 50w, https:\/\/mariellemaury.fr\/wp-content\/uploads\/2025\/07\/niveau-de-difficulte-2-454x39.png 454w, https:\/\/mariellemaury.fr\/wp-content\/uploads\/2025\/07\/niveau-de-difficulte-2.png 841w\" sizes=\"auto, (max-width: 300px) 100vw, 300px\" \/><\/p>\n<p>Envie d&#8217;approfondir ? Optez pour la <a href=\"https:\/\/mariellemaury.fr\/produit\/atelier-de-creation-de-bijoux-textiles\/\" target=\"_blank\" rel=\"noopener\">journ\u00e9e de cr\u00e9ation de bijoux textiles !<\/a><\/p>\n<p><em>En cas d&#8217;impossibilit\u00e9 d&#8217;assurer le stage \u00e0 la date pr\u00e9vue, l&#8217;atelier vous proposera de vous inscrire \u00e0 une session ult\u00e9rieure.<\/em><\/p>\n<p><em>Photos atelier : Mariko Kieffer<\/em><\/p>\n<\/div><\/div><\/div><\/div><div class = \"tatsu-column-bg-image-wrap\"><div class = \"tatsu-column-bg-image\" ><\/div><\/div><div class=\"tatsu-overlay tatsu-column-overlay tatsu-animate-none\" ><\/div><\/div><style>.tatsu-row > .tatsu-i395lh37r9d61csu.tatsu-column{width: 100%;}.tatsu-i395lh37r9d61csu.tatsu-column > .tatsu-column-inner > .tatsu-column-overlay{mix-blend-mode: normal;}.tatsu-i395lh37r9d61csu > .tatsu-column-inner > .tatsu-top-divider{z-index: 9999;}.tatsu-i395lh37r9d61csu > .tatsu-column-inner > .tatsu-bottom-divider{z-index: 9999;}.tatsu-i395lh37r9d61csu > .tatsu-column-inner > .tatsu-left-divider{z-index: 9999;}.tatsu-i395lh37r9d61csu > .tatsu-column-inner > .tatsu-right-divider{z-index: 9999;}<\/style><\/div><\/div><\/div><\/div><div class=\"tatsu-section-background-wrap\"><div class = \"tatsu-section-background\" ><\/div><\/div><div class=\"tatsu-overlay tatsu-section-overlay\"><\/div><style>.tatsu-i395lh37oybsa4z2 > .tatsu-bottom-divider{z-index: 9999;}.tatsu-i395lh37oybsa4z2 > .tatsu-top-divider{z-index: 9999;}.tatsu-i395lh37oybsa4z2 .tatsu-section-overlay{mix-blend-mode: normal;}<\/style><\/div><div  class=\"tatsu-r1ZAESEpBel tatsu-section  tatsu-bg-overlay   tatsu-clearfix\" data-title=\"\"  data-headerscheme=\"background--dark\"><div class='tatsu-section-pad clearfix' data-padding='{\"d\":\"4px 0px 0px 0px\"}' data-padding-top='4px'><div class=\"tatsu-row-wrap  tatsu-wrap tatsu-row-one-col tatsu-row-has-one-cols tatsu-medium-gutter tatsu-reg-cols  tatsu-clearfix tatsu-rkeRNrV6Bxx\" ><div  class=\"tatsu-row \" ><div  class=\"tatsu-column  tatsu-bg-overlay tatsu-one-col tatsu-column-image-none tatsu-column-effect-none  tatsu-BkAVr4aHee\"  data-parallax-speed=\"0\" style=\"\"><div class=\"tatsu-column-inner \" ><div class=\"tatsu-column-pad-wrap\"><div class=\"tatsu-column-pad\" >\n\t\t<div  class=\"tatsu-module tatsu-gradient-button tatsu-button-container tatsu-medium-button  tatsu-HJBBrVTBxe transparent_hover_bg   \">\n\t\t\t<div class=\"tatsu-button-wrap \" >\n\t\t\t\t<a class=\"tatsu-button tatsu-custom-button-size  mediumbtn \" href=\"https:\/\/mariellemaury.fr\/shop\/\" data-gdpr-atts={} >\n\t\t\t\t\t<span class=\"tatsu-button-text \" data-text=\"retour page Shop\"><span class=\"default\">retour page Shop<\/span><\/span>\n\t\t\t\t<\/a> \n\t\t\t<\/div>\n\t\t\t<style>.tatsu-HJBBrVTBxe .tatsu-button:after{background-color: #af9f66;}.tatsu-HJBBrVTBxe .tatsu-button-text span{color: #ffffff ;}<\/style>\n\t\t<\/div><\/div><\/div><div class = \"tatsu-column-bg-image-wrap\"><div class = \"tatsu-column-bg-image\" ><\/div><\/div><div class=\"tatsu-overlay tatsu-column-overlay tatsu-animate-none\" ><\/div><\/div><style>.tatsu-row > .tatsu-BkAVr4aHee.tatsu-column{width: 100%;}.tatsu-BkAVr4aHee.tatsu-column > .tatsu-column-inner > .tatsu-column-overlay{mix-blend-mode: normal;}.tatsu-BkAVr4aHee > .tatsu-column-inner > .tatsu-top-divider{z-index: 9999;}.tatsu-BkAVr4aHee > .tatsu-column-inner > .tatsu-bottom-divider{z-index: 9999;}.tatsu-BkAVr4aHee > .tatsu-column-inner > .tatsu-left-divider{z-index: 9999;}.tatsu-BkAVr4aHee > .tatsu-column-inner > .tatsu-right-divider{z-index: 9999;}@media only screen and (max-width:1377px) {.tatsu-row > .tatsu-BkAVr4aHee.tatsu-column{width: 100%;}}@media only screen and (min-width:768px) and (max-width: 1024px) {.tatsu-row > .tatsu-BkAVr4aHee.tatsu-column{width: 100%;}}@media only screen and (max-width: 767px) {.tatsu-row > .tatsu-BkAVr4aHee.tatsu-column{width: 100%;}}<\/style><\/div><\/div><\/div><\/div><div class=\"tatsu-section-background-wrap\"><div class = \"tatsu-section-background\" ><\/div><\/div><div class=\"tatsu-overlay tatsu-section-overlay\"><\/div><style>.tatsu-r1ZAESEpBel .tatsu-section-pad{padding: 4px 0px 0px 0px;}.tatsu-r1ZAESEpBel .tatsu-section-offset-wrap{transform: translateY(-0px);}.tatsu-r1ZAESEpBel > .tatsu-bottom-divider{z-index: 9999;}.tatsu-r1ZAESEpBel > .tatsu-top-divider{z-index: 9999;}.tatsu-r1ZAESEpBel .tatsu-section-overlay{mix-blend-mode: normal;}<\/style><\/div><div  class=\"tatsu-Hy-7FrEpSle tatsu-section  tatsu-bg-overlay   tatsu-clearfix\" data-title=\"\"  data-headerscheme=\"background--dark\"><div class='tatsu-section-pad clearfix' data-padding='{\"d\":\"0px 0px 0px 0px\"}' data-padding-top='0px'><div class=\"tatsu-row-wrap  tatsu-wrap tatsu-row-one-col tatsu-row-has-one-cols tatsu-medium-gutter tatsu-reg-cols  tatsu-clearfix tatsu-HygXYrNprxl\" ><div  class=\"tatsu-row \" ><div  class=\"tatsu-column  tatsu-bg-overlay tatsu-one-col tatsu-column-image-none tatsu-column-effect-none  tatsu-HyQYHVpSge\"  data-parallax-speed=\"0\" style=\"\"><div class=\"tatsu-column-inner \" ><div class=\"tatsu-column-pad-wrap\"><div class=\"tatsu-column-pad\" ><div  class=\"tatsu-module tatsu-normal-icon tatsu-icon-shortcode align-right tatsu-rJt18N6Hlg   \"><style>.tatsu-rJt18N6Hlg .tatsu-icon{color: rgba(196,95,106,1) ;}.tatsu-rJt18N6Hlg{border-width: 0px 0px 0px 0px;}<\/style><a href=\"https:\/\/www.instagram.com\/marielle_maury_robedemariee\/\"  class=\"tatsu-icon-wrap plain  tatsu-animate    \" data-animation=\"fadeIn\"   aria-label=\"icon-instagram2\" data-gdpr-atts={}   ><i class=\"tatsu-icon tatsu-custom-icon tatsu-custom-icon-class icon-instagram2 medium plain\"><\/i><\/a><\/div><\/div><\/div><div class = \"tatsu-column-bg-image-wrap\"><div class = \"tatsu-column-bg-image\" ><\/div><\/div><div class=\"tatsu-overlay tatsu-column-overlay tatsu-animate-none\" ><\/div><\/div><style>.tatsu-row > .tatsu-HyQYHVpSge.tatsu-column{width: 100%;}.tatsu-HyQYHVpSge.tatsu-column > .tatsu-column-inner > .tatsu-column-overlay{mix-blend-mode: normal;}.tatsu-HyQYHVpSge > .tatsu-column-inner > .tatsu-top-divider{z-index: 9999;}.tatsu-HyQYHVpSge > .tatsu-column-inner > .tatsu-bottom-divider{z-index: 9999;}.tatsu-HyQYHVpSge > .tatsu-column-inner > .tatsu-left-divider{z-index: 9999;}.tatsu-HyQYHVpSge > .tatsu-column-inner > .tatsu-right-divider{z-index: 9999;}@media only screen and (max-width:1377px) {.tatsu-row > .tatsu-HyQYHVpSge.tatsu-column{width: 100%;}}@media only screen and (min-width:768px) and (max-width: 1024px) {.tatsu-row > .tatsu-HyQYHVpSge.tatsu-column{width: 100%;}}@media only screen and (max-width: 767px) {.tatsu-row > .tatsu-HyQYHVpSge.tatsu-column{width: 100%;}}<\/style><\/div><\/div><\/div><\/div><div class=\"tatsu-section-background-wrap\"><div class = \"tatsu-section-background\" ><\/div><\/div><div class=\"tatsu-overlay tatsu-section-overlay\"><\/div><style>.tatsu-Hy-7FrEpSle .tatsu-section-offset-wrap{transform: translateY(-0px);}.tatsu-Hy-7FrEpSle > .tatsu-bottom-divider{z-index: 9999;}.tatsu-Hy-7FrEpSle > .tatsu-top-divider{z-index: 9999;}.tatsu-Hy-7FrEpSle .tatsu-section-overlay{mix-blend-mode: normal;}<\/style><\/div>\n","protected":false},"excerpt":{"rendered":"<p>S\u00e9ance d&#8217;initiation aux techniques de cr\u00e9ation de bijoux textiles<\/p>\n<p><a href=\"https:\/\/mariellemaury.fr\/en\/produit\/stage-initiation-creation-de-bijoux-textile\/\" class=\"more-link style3-button\">Read More<\/a><\/p>","protected":false},"featured_media":350012,"comment_status":"closed","ping_status":"closed","template":"","meta":{"om_disable_all_campaigns":false,"_monsterinsights_skip_tracking":false,"_monsterinsights_sitenote_active":false,"_monsterinsights_sitenote_note":"","_monsterinsights_sitenote_category":0},"product_brand":[409],"product_cat":[247,419],"product_tag":[418],"class_list":{"0":"post-349917","1":"product","2":"type-product","3":"status-publish","4":"has-post-thumbnail","6":"product_brand-marielle-maury","7":"product_cat-accessoires","8":"product_cat-stages","9":"product_tag-diy","11":"first","12":"instock","13":"virtual","14":"purchasable","15":"product-type-simple"},"aioseo_notices":[],"_links":{"self":[{"href":"https:\/\/mariellemaury.fr\/en\/wp-json\/wp\/v2\/product\/349917","targetHints":{"allow":["GET"]}}],"collection":[{"href":"https:\/\/mariellemaury.fr\/en\/wp-json\/wp\/v2\/product"}],"about":[{"href":"https:\/\/mariellemaury.fr\/en\/wp-json\/wp\/v2\/types\/product"}],"replies":[{"embeddable":true,"href":"https:\/\/mariellemaury.fr\/en\/wp-json\/wp\/v2\/comments?post=349917"}],"wp:featuredmedia":[{"embeddable":true,"href":"https:\/\/mariellemaury.fr\/en\/wp-json\/wp\/v2\/media\/350012"}],"wp:attachment":[{"href":"https:\/\/mariellemaury.fr\/en\/wp-json\/wp\/v2\/media?parent=349917"}],"wp:term":[{"taxonomy":"product_brand","embeddable":true,"href":"https:\/\/mariellemaury.fr\/en\/wp-json\/wp\/v2\/product_brand?post=349917"},{"taxonomy":"product_cat","embeddable":true,"href":"https:\/\/mariellemaury.fr\/en\/wp-json\/wp\/v2\/product_cat?post=349917"},{"taxonomy":"product_tag","embeddable":true,"href":"https:\/\/mariellemaury.fr\/en\/wp-json\/wp\/v2\/product_tag?post=349917"}],"curies":[{"name":"wp","href":"https:\/\/api.w.org\/{rel}","templated":true}]}}