{"id":350215,"date":"2025-11-17T14:46:59","date_gmt":"2025-11-17T13:46:59","guid":{"rendered":"https:\/\/mariellemaury.fr\/?post_type=product&#038;p=350215"},"modified":"2025-11-22T13:01:08","modified_gmt":"2025-11-22T12:01:08","slug":"top-en-soie-et-dentelle-chantilly-rose-made-in-france","status":"publish","type":"product","link":"https:\/\/mariellemaury.fr\/en\/produit\/top-en-soie-et-dentelle-chantilly-rose-made-in-france\/","title":{"rendered":"POUDRE IV \u2013 Top femme en soie et dentelle Chantilly -Edition tr\u00e8s limit\u00e9e"},"content":{"rendered":"<div  class=\"tatsu-HyrEuoFQex tatsu-section  tatsu-bg-overlay   tatsu-clearfix\" data-title=\"\"  data-headerscheme=\"background--dark\"><div class='tatsu-section-pad clearfix' data-padding='{\"d\":\"0px 0px 6px 0px\"}' data-padding-top='0px'><div class=\"tatsu-row-wrap  tatsu-wrap tatsu-row-one-col tatsu-row-has-one-cols tatsu-medium-gutter tatsu-reg-cols  tatsu-clearfix tatsu-rJxBEdot7el\" ><div  class=\"tatsu-row \" ><div  class=\"tatsu-column  tatsu-bg-overlay tatsu-one-col tatsu-column-image-none tatsu-column-effect-none  tatsu-B1WS4doFXee\"  data-parallax-speed=\"0\" style=\"\"><div class=\"tatsu-column-inner \" ><div class=\"tatsu-column-pad-wrap\"><div class=\"tatsu-column-pad\" ><div  class=\"tatsu-module tatsu-normal-button tatsu-button-wrap align-block block-right  tatsu-HyfSVuoFQll   \"><a class=\"tatsu-shortcode mediumbtn tatsu-button left-icon circular   bg-animation-none  \" href=\"https:\/\/mariellemaury.fr\/shop\" style= \"\"  aria-label=\"retour boutique\" data-gdpr-atts={} >retour boutique<\/a><style>.tatsu-HyfSVuoFQll .tatsu-button{background-color: #af9f66;color: #ffffff ;}<\/style><\/div><\/div><\/div><div class = \"tatsu-column-bg-image-wrap\"><div class = \"tatsu-column-bg-image\" ><\/div><\/div><div class=\"tatsu-overlay tatsu-column-overlay tatsu-animate-none\" ><\/div><\/div><style>.tatsu-row > .tatsu-B1WS4doFXee.tatsu-column{width: 100%;}.tatsu-B1WS4doFXee.tatsu-column > .tatsu-column-inner > .tatsu-column-overlay{mix-blend-mode: normal;}.tatsu-B1WS4doFXee > .tatsu-column-inner > .tatsu-top-divider{z-index: 9999;}.tatsu-B1WS4doFXee > .tatsu-column-inner > .tatsu-bottom-divider{z-index: 9999;}.tatsu-B1WS4doFXee > .tatsu-column-inner > .tatsu-left-divider{z-index: 9999;}.tatsu-B1WS4doFXee > .tatsu-column-inner > .tatsu-right-divider{z-index: 9999;}@media only screen and (max-width:1377px) {.tatsu-row > .tatsu-B1WS4doFXee.tatsu-column{width: 100%;}}@media only screen and (min-width:768px) and (max-width: 1024px) {.tatsu-row > .tatsu-B1WS4doFXee.tatsu-column{width: 100%;}}@media only screen and (max-width: 767px) {.tatsu-row > .tatsu-B1WS4doFXee.tatsu-column{width: 100%;}}<\/style><\/div><\/div><\/div><\/div><div class=\"tatsu-section-background-wrap\"><div class = \"tatsu-section-background\" ><\/div><\/div><div class=\"tatsu-overlay tatsu-section-overlay\"><\/div><style>.tatsu-HyrEuoFQex .tatsu-section-pad{padding: 0px 0px 6px 0px;}.tatsu-HyrEuoFQex .tatsu-section-offset-wrap{transform: translateY(-0px);}.tatsu-HyrEuoFQex > .tatsu-bottom-divider{z-index: 9999;}.tatsu-HyrEuoFQex > .tatsu-top-divider{z-index: 9999;}.tatsu-HyrEuoFQex .tatsu-section-overlay{mix-blend-mode: normal;}<\/style><\/div><div  class=\"tatsu-gl0gyasjsa82livd tatsu-section  tatsu-bg-overlay   tatsu-clearfix\" data-title=\"\"  data-headerscheme=\"background--dark\"><div class='tatsu-section-pad clearfix' data-padding='{\"d\":\"1px 0px 7px 0px\"}' data-padding-top='1px'><div class=\"tatsu-row-wrap  tatsu-wrap tatsu-row-one-col tatsu-row-has-one-cols tatsu-medium-gutter tatsu-reg-cols  tatsu-clearfix tatsu-gl0gyasjv67retb6\" ><div  class=\"tatsu-row \" ><div  class=\"tatsu-column  tatsu-bg-overlay tatsu-one-col tatsu-column-image-none tatsu-column-effect-none  tatsu-gl0gyasjxqg9avq7\"  data-parallax-speed=\"0\" style=\"\"><div class=\"tatsu-column-inner \" ><div class=\"tatsu-column-pad-wrap\"><div class=\"tatsu-column-pad\" ><div  class=\"tatsu-module tatsu-text-block-wrap tatsu-gl0gyask018xf9me  \"><div class=\"tatsu-text-inner tatsu-align-center  clearfix\" ><style>.tatsu-gl0gyask018xf9me.tatsu-text-block-wrap .tatsu-text-inner{width: 100%;text-align: left;}<\/style>\n<p><span style=\"color: #008080;\"><strong>TOP POUDRE IV<\/strong><\/span><br \/>\n<strong>Mod\u00e8les num\u00e9rot\u00e9s 1\/3 \u00e0 3\/3<\/strong><br \/>\n<strong>D\u00e9part atelier sous 8 jours ouvr\u00e9s \u00e0 partir de la commande.<\/strong><\/p>\n<p><strong>Con\u00e7u sur <a href=\"https:\/\/mariellemaury.fr\/produit\/top-en-soie-a-fines-bretelles\/\" target=\"_blank\" rel=\"noopener\">le mod\u00e8le POUDRE<\/a> : simplicit\u00e9 <\/strong>de la coupe et<strong> raffinement <\/strong>des mati\u00e8res pour ce <strong>top en satin de soie rose p\u00e2le r\u00e9hauss\u00e9 par la dentelle de Calais point &#8220;Chantilly&#8221;<\/strong>\u00a0! <strong>Ses fines bretelles aux reflets argent\u00e9s<\/strong> lui apportent une touche de lumi\u00e8re et <strong>un d\u00e9tail chic unique.<\/strong><\/p>\n<p>Notre conseil\u00a0:<strong> une pi\u00e8ce intemporelle \u00e0 porter dessus<\/strong> avec le short <a href=\"https:\/\/mariellemaury.fr\/produit\/short-femme-en-lin-habille\/\" target=\"_blank\" rel=\"noopener\">PLATINE<\/a>, la jupe <a href=\"https:\/\/mariellemaury.fr\/produit\/jupe-midi-en-crepe-fabrique-en-france\/\">QUASAR <\/a><strong>\u00a0ou dessous comme v\u00eatement d\u2019int\u00e9rieur<\/strong> avec le kimono en dentelle <a href=\"https:\/\/mariellemaury.fr\/produit\/kimono-mariee-dentelle-de-calais\/\" target=\"_blank\" rel=\"noopener\">BLOSSOM<\/a><\/p>\n<p><strong>Composition : issu des restes de coupes et chutes produites par l&#8217;atelier, les mati\u00e8res peuvent varier dans le temps. <\/strong><\/p>\n<p><strong>Les mati\u00e8res du moment sont :<br \/>\n<\/strong>&gt; <strong>Satin<\/strong> <strong>100% soie<\/strong><br \/>\n&gt; <strong>Dentelle de Calais<\/strong><strong><br \/>\n<\/strong><\/p>\n<p>Fente dos ferm\u00e9e par bouton recouvert et bride<br \/>\nLongueur approximative milieu devant : 38 cm<\/p>\n<p><strong>Le top se porte l\u00e9g\u00e8rement loose<\/strong> ( il est \u00e9vas\u00e9 dans le bas), blousant rentr\u00e9 dans un pantalon ou une jupe ou simplement par-dessus.<\/p>\n<p><strong><br \/>\nChoisissez votre taille en fonction de votre tour de poitrine<\/strong> :\u00a0 <a href=\"https:\/\/www.mariellemaury.fr\/wp-content\/uploads\/2020\/10\/Guide-des-tailles28102020-2.pdf\" target=\"_blank\" rel=\"noopener noreferrer\"><em>Guide des tailles<\/em><\/a><\/p>\n<p>Notre vision Green\u00a0: nous coupons en priorit\u00e9 le top poudre dans les chutes des robes de l\u2019atelier et les fins de stock, dans un esprit z\u00e9ro d\u00e9chet. C\u2019est pourquoi vous retrouvez certaines versions de ce top en \u00e9dition tr\u00e8s limit\u00e9e.<\/p>\n<p><strong>Vos mesures ne correspondent pas \u00e0 celles du tableau ? Vous souhaitez une couleur particuli\u00e8re ? Des bretelles plus larges ? <\/strong><br \/>\n&gt;&gt;\u00a0 La personnalisation et la confection en demi-mesure ou sur-mesure est disponible \u00e0 l\u2019atelier sur devis.<\/p>\n<p><strong>Vous avez des questions ou vous souhaitez des conseils ?<\/strong><br \/>\n&gt;&gt; N\u2019h\u00e9sitez pas \u00e0 nous contacter <a href=\"mailto:atelier@mariellemaury.fr\" target=\"_blank\" rel=\"noopener\">par mail<\/a> ou <a href=\"tel:0608869388\">t\u00e9l\u00e9phone<\/a><\/p>\n<section id=\"content\" class=\"right-sidebar-page\">\n<div id=\"content-wrap\" class=\"be-wrap clearfix\"><\/div>\n<\/section>\n<\/div><\/div><\/div><\/div><div class = \"tatsu-column-bg-image-wrap\"><div class = \"tatsu-column-bg-image\" ><\/div><\/div><div class=\"tatsu-overlay tatsu-column-overlay tatsu-animate-none\" ><\/div><\/div><style>.tatsu-row > .tatsu-gl0gyasjxqg9avq7.tatsu-column{width: 100%;}.tatsu-gl0gyasjxqg9avq7.tatsu-column > .tatsu-column-inner > .tatsu-column-overlay{mix-blend-mode: normal;}.tatsu-gl0gyasjxqg9avq7 > .tatsu-column-inner > .tatsu-top-divider{z-index: 9999;}.tatsu-gl0gyasjxqg9avq7 > .tatsu-column-inner > .tatsu-bottom-divider{z-index: 9999;}.tatsu-gl0gyasjxqg9avq7 > .tatsu-column-inner > .tatsu-left-divider{z-index: 9999;}.tatsu-gl0gyasjxqg9avq7 > .tatsu-column-inner > .tatsu-right-divider{z-index: 9999;}<\/style><\/div><\/div><\/div><\/div><div class=\"tatsu-section-background-wrap\"><div class = \"tatsu-section-background\" ><\/div><\/div><div class=\"tatsu-overlay tatsu-section-overlay\"><\/div><style>.tatsu-gl0gyasjsa82livd .tatsu-section-pad{padding: 1px 0px 7px 0px;}.tatsu-gl0gyasjsa82livd > .tatsu-bottom-divider{z-index: 9999;}.tatsu-gl0gyasjsa82livd > .tatsu-top-divider{z-index: 9999;}.tatsu-gl0gyasjsa82livd .tatsu-section-overlay{mix-blend-mode: normal;}<\/style><\/div><div  class=\"tatsu-Hy-2kdjKQgl tatsu-section  tatsu-bg-overlay   tatsu-clearfix\" data-title=\"\"  data-headerscheme=\"background--dark\"><div class='tatsu-section-pad clearfix' data-padding='{\"d\":\"0px 0px 6px 0px\"}' data-padding-top='0px'><div class=\"tatsu-row-wrap  tatsu-wrap tatsu-row-one-col tatsu-row-has-one-cols tatsu-medium-gutter tatsu-reg-cols  tatsu-clearfix tatsu-Skx2kdsKQee\" ><div  class=\"tatsu-row \" ><div  class=\"tatsu-column  tatsu-bg-overlay tatsu-one-col tatsu-column-image-none tatsu-column-effect-none  tatsu-H1hJdjYXll\"  data-parallax-speed=\"0\" style=\"\"><div class=\"tatsu-column-inner \" ><div class=\"tatsu-column-pad-wrap\"><div class=\"tatsu-column-pad\" ><div  class=\"tatsu-module tatsu-normal-button tatsu-button-wrap align-block block-right  tatsu-HkZxOjKXxx   \"><a class=\"tatsu-shortcode mediumbtn tatsu-button left-icon circular   bg-animation-none  \" href=\"https:\/\/mariellemaury.fr\/shop\" style= \"\"  aria-label=\"retour boutique\" data-gdpr-atts={} >retour boutique<\/a><style>.tatsu-HkZxOjKXxx .tatsu-button{background-color: #af9f66;color: #ffffff ;}<\/style><\/div><\/div><\/div><div class = \"tatsu-column-bg-image-wrap\"><div class = \"tatsu-column-bg-image\" ><\/div><\/div><div class=\"tatsu-overlay tatsu-column-overlay tatsu-animate-none\" ><\/div><\/div><style>.tatsu-row > .tatsu-H1hJdjYXll.tatsu-column{width: 100%;}.tatsu-H1hJdjYXll.tatsu-column > .tatsu-column-inner > .tatsu-column-overlay{mix-blend-mode: normal;}.tatsu-H1hJdjYXll > .tatsu-column-inner > .tatsu-top-divider{z-index: 9999;}.tatsu-H1hJdjYXll > .tatsu-column-inner > .tatsu-bottom-divider{z-index: 9999;}.tatsu-H1hJdjYXll > .tatsu-column-inner > .tatsu-left-divider{z-index: 9999;}.tatsu-H1hJdjYXll > .tatsu-column-inner > .tatsu-right-divider{z-index: 9999;}@media only screen and (max-width:1377px) {.tatsu-row > .tatsu-H1hJdjYXll.tatsu-column{width: 100%;}}@media only screen and (min-width:768px) and (max-width: 1024px) {.tatsu-row > .tatsu-H1hJdjYXll.tatsu-column{width: 100%;}}@media only screen and (max-width: 767px) {.tatsu-row > .tatsu-H1hJdjYXll.tatsu-column{width: 100%;}}<\/style><\/div><\/div><\/div><\/div><div class=\"tatsu-section-background-wrap\"><div class = \"tatsu-section-background\" ><\/div><\/div><div class=\"tatsu-overlay tatsu-section-overlay\"><\/div><style>.tatsu-Hy-2kdjKQgl .tatsu-section-pad{padding: 0px 0px 6px 0px;}.tatsu-Hy-2kdjKQgl .tatsu-section-offset-wrap{transform: translateY(-0px);}.tatsu-Hy-2kdjKQgl > .tatsu-bottom-divider{z-index: 9999;}.tatsu-Hy-2kdjKQgl > .tatsu-top-divider{z-index: 9999;}.tatsu-Hy-2kdjKQgl .tatsu-section-overlay{mix-blend-mode: normal;}<\/style><\/div>\n","protected":false},"excerpt":{"rendered":"<p>Top en satin de soie 100% et dentelle de Calais couleur rose<\/p>\n<p><a href=\"https:\/\/mariellemaury.fr\/en\/produit\/top-en-soie-et-dentelle-chantilly-rose-made-in-france\/\" class=\"more-link style3-button\">Read More<\/a><\/p>","protected":false},"featured_media":350205,"comment_status":"open","ping_status":"closed","template":"","meta":[],"product_brand":[409],"product_cat":[257,258],"product_tag":[],"class_list":{"0":"post-350215","1":"product","2":"type-product","3":"status-publish","4":"has-post-thumbnail","6":"product_brand-marielle-maury","7":"product_cat-lingerie","8":"product_cat-tops","10":"first","11":"instock","12":"featured","13":"shipping-taxable","14":"purchasable","15":"product-type-variable"},"aioseo_notices":[],"_links":{"self":[{"href":"https:\/\/mariellemaury.fr\/en\/wp-json\/wp\/v2\/product\/350215","targetHints":{"allow":["GET"]}}],"collection":[{"href":"https:\/\/mariellemaury.fr\/en\/wp-json\/wp\/v2\/product"}],"about":[{"href":"https:\/\/mariellemaury.fr\/en\/wp-json\/wp\/v2\/types\/product"}],"replies":[{"embeddable":true,"href":"https:\/\/mariellemaury.fr\/en\/wp-json\/wp\/v2\/comments?post=350215"}],"wp:featuredmedia":[{"embeddable":true,"href":"https:\/\/mariellemaury.fr\/en\/wp-json\/wp\/v2\/media\/350205"}],"wp:attachment":[{"href":"https:\/\/mariellemaury.fr\/en\/wp-json\/wp\/v2\/media?parent=350215"}],"wp:term":[{"taxonomy":"product_brand","embeddable":true,"href":"https:\/\/mariellemaury.fr\/en\/wp-json\/wp\/v2\/product_brand?post=350215"},{"taxonomy":"product_cat","embeddable":true,"href":"https:\/\/mariellemaury.fr\/en\/wp-json\/wp\/v2\/product_cat?post=350215"},{"taxonomy":"product_tag","embeddable":true,"href":"https:\/\/mariellemaury.fr\/en\/wp-json\/wp\/v2\/product_tag?post=350215"}],"curies":[{"name":"wp","href":"https:\/\/api.w.org\/{rel}","templated":true}]}}