{"id":350244,"date":"2025-11-17T15:36:29","date_gmt":"2025-11-17T14:36:29","guid":{"rendered":"https:\/\/mariellemaury.fr\/?post_type=product&#038;p=350244"},"modified":"2025-12-12T09:34:37","modified_gmt":"2025-12-12T08:34:37","slug":"top-femme-en-satin-de-soie-et-dentelle-noir","status":"publish","type":"product","link":"https:\/\/mariellemaury.fr\/en\/produit\/top-femme-en-satin-de-soie-et-dentelle-noir\/","title":{"rendered":"Top en satin de soie et dentelle Chantilly noir"},"content":{"rendered":"<div  class=\"tatsu-SkZxF92ZQke tatsu-section  tatsu-bg-overlay   tatsu-clearfix\" data-title=\"\"  data-headerscheme=\"background--dark\"><div class='tatsu-section-pad clearfix' data-padding='{\"d\":\"3px 0px 11px 0px\"}' data-padding-top='3px'><div class=\"tatsu-row-wrap  tatsu-wrap tatsu-row-one-col tatsu-row-has-one-cols tatsu-medium-gutter tatsu-reg-cols  tatsu-clearfix tatsu-rkllY9nWXJg\" ><div  class=\"tatsu-row \" ><div  class=\"tatsu-column  tatsu-bg-overlay tatsu-one-col tatsu-column-image-none tatsu-column-effect-none  tatsu-Hyet52Z71g\"  data-parallax-speed=\"0\" style=\"\"><div class=\"tatsu-column-inner \" ><div class=\"tatsu-column-pad-wrap\"><div class=\"tatsu-column-pad\" ><div  class=\"tatsu-module tatsu-text-block-wrap tatsu-Sy9Koh-Xyx  \"><div class=\"tatsu-text-inner tatsu-align-center  clearfix\" ><style>.tatsu-Sy9Koh-Xyx.tatsu-text-block-wrap .tatsu-text-inner{width: 100%;text-align: left;}<\/style>\n<p><span style=\"font-family: Arial Narrow, sans-serif; font-size: 12pt;\"><b>Disponible de la taille 34 \u00e0 46<br \/><\/b><\/span><span style=\"font-family: Arial Narrow, sans-serif; font-size: 12pt;\"><b>Envoi sous 5 \u00e0 21 jours ouvr\u00e9s (selon stock ou d\u00e9lai de fabrication, se renseigner aupr\u00e8s de l&#8217;atelier)<\/b><\/span><\/p>\n<p><span style=\"font-family: Calibri; font-size: 12pt;\"><span style=\"font-family: Arial Narrow, sans-serif;\">Un<\/span><strong><span style=\"font-family: Arial Narrow, sans-serif;\"> top raffin\u00e9 <\/span><\/strong><strong><span style=\"font-family: Arial Narrow, sans-serif;\">dans un tr\u00e8s beau<\/span><\/strong><strong><span style=\"font-family: Arial Narrow, sans-serif;\"> satin de soie certifi\u00e9 biologique <\/span><\/strong><strong><span style=\"font-family: Arial Narrow, sans-serif;\">et incrust\u00e9 de<\/span><\/strong><strong><span style=\"font-family: Arial Narrow, sans-serif;\"> dentelle Chantilly noire. <\/span><\/strong><strong><span style=\"font-family: Arial Narrow, sans-serif;\">Ses fines bretelles aux reflets argent\u00e9s lui apportent une touche de lumi\u00e8re et un d\u00e9tail chic unique..<\/span><\/strong><strong><span style=\"font-family: Arial Narrow, sans-serif;\"> Le petit top <\/span><\/strong><span style=\"font-family: Arial Narrow, sans-serif;\"><b>parfait <\/b><\/span><span style=\"font-family: Arial Narrow, sans-serif;\">pour un ensemble du soir <\/span><span style=\"font-family: Arial Narrow, sans-serif;\"><b>\u00e0 la fois chic et d\u00e9contract\u00e9.<\/b><\/span><\/span><\/p>\n<p><span style=\"font-size: 12pt;\"><strong><span style=\"font-family: Arial Narrow, sans-serif;\">JE LE PORTE AVEC QUOI : <\/span><\/strong><span style=\"font-family: Arial Narrow, sans-serif;\">avec une <\/span><span style=\"font-family: Arial Narrow, sans-serif;\"><b>jupe ou pantalon taille haute<\/b><\/span><span style=\"font-family: Arial Narrow, sans-serif;\">, pour un effet blousant, ou par-dessus un jean avec une veste ou un Teddy &gt;&gt; \u00e0 assortir \u00e0 la<a href=\"https:\/\/mariellemaury.fr\/produit\/jupe-midi-en-crepe\/\" target=\"_blank\" rel=\"noopener\"> jupe SOLEIL NOIR<\/a>, \u00e0 la <a href=\"https:\/\/mariellemaury.fr\/produit\/jupe-en-soie-fabriquee-en-france\/\" target=\"_blank\" rel=\"noopener\">jupe MERCURE<\/a>, au<a href=\"https:\/\/mariellemaury.fr\/produit\/short-femme-taille-haute-noir\/\" target=\"_blank\" rel=\"noopener\"> short AQUARIUS<\/a>, au <a href=\"https:\/\/mariellemaury.fr\/produit\/teddy-blouson-femme-court-vert\/\" target=\"_blank\" rel=\"noopener\">teddy JULIETTE<\/a><\/span><\/span><\/p>\n<p><span style=\"font-size: 12pt;\"><strong><span style=\"font-family: Arial Narrow, sans-serif;\">Mati\u00e8res principales :<\/span><\/strong><span style=\"font-family: Arial Narrow, sans-serif;\"><br \/><\/span><span style=\"font-family: Arial Narrow, sans-serif;\"><b>Satin\u00a0: 100% soie certifi\u00e9e biologique<\/b><\/span><span style=\"font-family: Arial Narrow, sans-serif;\"> (provenance\u00a0: Italie )<\/span><strong><span style=\"font-family: Arial Narrow, sans-serif;\"><br \/>Dentelle de Calais \u2013 point Chantilly\u00a0: 55% polyester, 45% Viscose <\/span><\/strong><span style=\"font-family: Arial Narrow, sans-serif;\">(provenance\u00a0: France)<\/span><strong><span style=\"font-family: Arial Narrow, sans-serif;\"><br \/><\/span><\/strong><span style=\"font-family: Arial Narrow, sans-serif;\"><br \/><strong>Caract\u00e9ristiques :<\/strong><br \/>&gt; d\u00e9collet\u00e9 devant avec incrustation de dentelle<br \/>&gt; ouverture goutte milieu dos ferm\u00e9e par bride et petit bouton recouvert<\/span><\/span><\/p>\n<p><span style=\"font-family: Arial Narrow, sans-serif; font-size: 12pt;\">Pour la taille 38 :<br \/>Longueur milieu devant : environ 37 cm<br \/>Mariem mesure 1m76 et porte une taille 38<\/span><\/p>\n<p><strong>Choisissez votre taille en fonction de votre tour de poitrine<\/strong> :\u00a0 <a href=\"https:\/\/www.encompagniedesperdrix.fr\/wp-content\/uploads\/2020\/10\/Guide-des-tailles28102020-2.pdf\" target=\"_blank\" rel=\"noopener noreferrer\"><em>Guide des tailles<\/em><\/a><\/p>\n<p><span style=\"font-size: 12pt;\"><span style=\"color: #00ff00;\"><em><strong><span style=\"font-family: Arial Narrow, sans-serif;\">Notre vision Green : <\/span><\/strong><\/em><\/span><strong><span style=\"font-family: Arial Narrow, sans-serif;\">Le satin de soie est certifi\u00e9 biologique <\/span><\/strong><span style=\"font-family: Arial Narrow, sans-serif;\">et provient d&#8217;une manufacture Italienne\u00a0; la<\/span><span style=\"font-family: Arial Narrow, sans-serif;\"> dentelle de Calais est <\/span><strong><span style=\"font-family: Arial Narrow, sans-serif;\"><b>certifiee Oeko-tex<\/b><\/span><\/strong><span style=\"font-family: Arial Narrow, sans-serif;\"> et issue d&#8217;une<\/span><span style=\"font-family: Arial Narrow, sans-serif;\"> manufacture Fran\u00e7aise renomm\u00e9e.<\/span><strong><span style=\"font-family: Arial Narrow, sans-serif;\"> La <\/span><\/strong><strong><span style=\"font-family: Arial Narrow, sans-serif;\">coupe <\/span><\/strong><strong><span style=\"font-family: Arial Narrow, sans-serif;\">est<\/span><\/strong><strong><span style=\"font-family: Arial Narrow, sans-serif;\"> optimis\u00e9e <\/span><\/strong><strong><span style=\"font-family: Arial Narrow, sans-serif;\">pour<\/span><\/strong><strong><span style=\"font-family: Arial Narrow, sans-serif;\"> limiter les chutes,<\/span><\/strong> <span style=\"font-family: Arial Narrow, sans-serif;\">et celles-ci sont utilis\u00e9es dans les<\/span><span style=\"font-family: Arial Narrow, sans-serif;\"> accessoires, d\u00e9tourn\u00e9es en bijoux textiles <\/span><span style=\"font-family: Arial Narrow, sans-serif;\">ou en compl\u00e9ment sur d&#8217;autres cr\u00e9ations.<\/span><strong><span style=\"font-family: Arial Narrow, sans-serif;\"><br \/>Ce top au style intemporel <\/span><\/strong><strong><span style=\"font-family: Arial Narrow, sans-serif;\">en fait une pi\u00e8ce qui<\/span><\/strong><span style=\"font-family: Arial Narrow, sans-serif;\"> se<\/span><span style=\"font-family: Arial Narrow, sans-serif;\"><b> reporte sans mod\u00e9ration<\/b><\/span><span style=\"font-family: Arial Narrow, sans-serif;\"> pour de multiples occasions (parfaite avec un pantalon simple ou un jean !!)<\/span><\/span><\/p>\n<p><strong>Vous avez des questions ou vous souhaitez des conseils ?<\/strong><br \/>&gt;&gt; N&#8217;h\u00e9sitez pas \u00e0 me contacter <a href=\"mailto:atelier@mariellemaury.fr\" target=\"_blank\" rel=\"noopener\">par mail<\/a> ou <a href=\"tel:0608869388\">t\u00e9l\u00e9phone<\/a><\/p>\n<p><strong>Vos mesures ne correspondent pas \u00e0 celles du tableau ? Vous souhaitez personnaliser votre tenue ?<\/strong><br \/>&gt;&gt;\u00a0 La confection en demi-mesure ou sur-mesure est disponible \u00e0 l\u2019atelier sur devis.<\/p>\n<\/div><\/div><\/div><\/div><div class = \"tatsu-column-bg-image-wrap\"><div class = \"tatsu-column-bg-image\" ><\/div><\/div><div class=\"tatsu-overlay tatsu-column-overlay tatsu-animate-none\" ><\/div><\/div><style>.tatsu-row > .tatsu-Hyet52Z71g.tatsu-column{width: 100%;}.tatsu-Hyet52Z71g.tatsu-column > .tatsu-column-inner > .tatsu-column-overlay{mix-blend-mode: normal;}.tatsu-Hyet52Z71g > .tatsu-column-inner > .tatsu-top-divider{z-index: 9999;}.tatsu-Hyet52Z71g > .tatsu-column-inner > .tatsu-bottom-divider{z-index: 9999;}.tatsu-Hyet52Z71g > .tatsu-column-inner > .tatsu-left-divider{z-index: 9999;}.tatsu-Hyet52Z71g > .tatsu-column-inner > .tatsu-right-divider{z-index: 9999;}@media only screen and (max-width:1377px) {.tatsu-row > .tatsu-Hyet52Z71g.tatsu-column{width: 100%;}}@media only screen and (min-width:768px) and (max-width: 1024px) {.tatsu-row > .tatsu-Hyet52Z71g.tatsu-column{width: 100%;}}@media only screen and (max-width: 767px) {.tatsu-row > .tatsu-Hyet52Z71g.tatsu-column{width: 100%;}}<\/style><\/div><\/div><\/div><\/div><div class=\"tatsu-section-background-wrap\"><div class = \"tatsu-section-background\" ><\/div><\/div><div class=\"tatsu-overlay tatsu-section-overlay\"><\/div><style>.tatsu-SkZxF92ZQke .tatsu-section-pad{padding: 3px 0px 11px 0px;}.tatsu-SkZxF92ZQke .tatsu-section-offset-wrap{transform: translateY(-0px);}.tatsu-SkZxF92ZQke > .tatsu-bottom-divider{z-index: 9999;}.tatsu-SkZxF92ZQke > .tatsu-top-divider{z-index: 9999;}.tatsu-SkZxF92ZQke .tatsu-section-overlay{mix-blend-mode: normal;}<\/style><\/div>\n","protected":false},"excerpt":{"rendered":"<p><span style=\"font-family: Arial Narrow, sans-serif;\"><span style=\"font-size: small;\"><span style=\"font-size: 12pt;\">Top \u00e0 fines bretelles dor\u00e9e en satin de soie et dentelle de Chantilly noir<\/span><\/span><\/span><\/p>\n<p><a href=\"https:\/\/mariellemaury.fr\/en\/produit\/top-femme-en-satin-de-soie-et-dentelle-noir\/\" class=\"more-link style3-button\">Read More<\/a><\/p>","protected":false},"featured_media":350266,"comment_status":"closed","ping_status":"closed","template":"","meta":[],"product_brand":[409],"product_cat":[257,258],"product_tag":[251,397,394,396,395,369],"class_list":{"0":"post-350244","1":"product","2":"type-product","3":"status-publish","4":"has-post-thumbnail","6":"product_brand-marielle-maury","7":"product_cat-lingerie","8":"product_cat-tops","9":"product_tag-ecoresponsable","10":"product_tag-fetes","11":"product_tag-dentelle","12":"product_tag-noel","13":"product_tag-pour-la-mariee","14":"product_tag-tenue-soir-cocktail","16":"first","17":"instock","18":"featured","19":"shipping-taxable","20":"purchasable","21":"product-type-variable"},"aioseo_notices":[],"_links":{"self":[{"href":"https:\/\/mariellemaury.fr\/en\/wp-json\/wp\/v2\/product\/350244","targetHints":{"allow":["GET"]}}],"collection":[{"href":"https:\/\/mariellemaury.fr\/en\/wp-json\/wp\/v2\/product"}],"about":[{"href":"https:\/\/mariellemaury.fr\/en\/wp-json\/wp\/v2\/types\/product"}],"replies":[{"embeddable":true,"href":"https:\/\/mariellemaury.fr\/en\/wp-json\/wp\/v2\/comments?post=350244"}],"wp:featuredmedia":[{"embeddable":true,"href":"https:\/\/mariellemaury.fr\/en\/wp-json\/wp\/v2\/media\/350266"}],"wp:attachment":[{"href":"https:\/\/mariellemaury.fr\/en\/wp-json\/wp\/v2\/media?parent=350244"}],"wp:term":[{"taxonomy":"product_brand","embeddable":true,"href":"https:\/\/mariellemaury.fr\/en\/wp-json\/wp\/v2\/product_brand?post=350244"},{"taxonomy":"product_cat","embeddable":true,"href":"https:\/\/mariellemaury.fr\/en\/wp-json\/wp\/v2\/product_cat?post=350244"},{"taxonomy":"product_tag","embeddable":true,"href":"https:\/\/mariellemaury.fr\/en\/wp-json\/wp\/v2\/product_tag?post=350244"}],"curies":[{"name":"wp","href":"https:\/\/api.w.org\/{rel}","templated":true}]}}