{"id":350440,"date":"2025-12-02T20:23:23","date_gmt":"2025-12-02T19:23:23","guid":{"rendered":"https:\/\/mariellemaury.fr\/?post_type=product&#038;p=350440"},"modified":"2025-12-03T15:04:17","modified_gmt":"2025-12-03T14:04:17","slug":"kimono-veste-en-velours-ou-laine","status":"publish","type":"product","link":"https:\/\/mariellemaury.fr\/en\/produit\/kimono-veste-en-velours-ou-laine\/","title":{"rendered":"ALTAIR \u2013 KIMONO-VESTE en velours ou laine"},"content":{"rendered":"<div  class=\"tatsu-SkZxF92ZQke tatsu-section  tatsu-bg-overlay   tatsu-clearfix\" data-title=\"\"  data-headerscheme=\"background--dark\"><div class='tatsu-section-pad clearfix' data-padding='{\"d\":\"3px 0px 11px 0px\"}' data-padding-top='3px'><div class=\"tatsu-row-wrap  tatsu-wrap tatsu-row-one-col tatsu-row-has-one-cols tatsu-medium-gutter tatsu-reg-cols  tatsu-clearfix tatsu-rkllY9nWXJg\" ><div  class=\"tatsu-row \" ><div  class=\"tatsu-column  tatsu-bg-overlay tatsu-one-col tatsu-column-image-none tatsu-column-effect-none  tatsu-Hyet52Z71g\"  data-parallax-speed=\"0\" style=\"\"><div class=\"tatsu-column-inner \" ><div class=\"tatsu-column-pad-wrap\"><div class=\"tatsu-column-pad\" ><div  class=\"tatsu-module tatsu-text-block-wrap tatsu-Sy9Koh-Xyx  \"><div class=\"tatsu-text-inner tatsu-align-center  clearfix\" ><style>.tatsu-Sy9Koh-Xyx.tatsu-text-block-wrap .tatsu-text-inner{width: 100%;text-align: left;}<\/style>\n<p><span style=\"font-family: Arial Narrow, sans-serif; font-size: 12pt;\"><b>* EDITION LIMITEE *<br \/>\n<\/b><\/span><span style=\"font-family: Arial Narrow, sans-serif; font-size: 12pt;\"><b>UNISEXE &#8211; Disponible de la taille 1 \u00e0 4<br \/>\n<\/b><\/span><span style=\"font-family: Arial Narrow, sans-serif; font-size: 12pt;\"><b>Sp\u00e9cial No\u00ebl : envoi sous 7 jours ouvr\u00e9s (d\u00e9lai de fabrication, d\u00e9part atelier)<\/b><\/span><\/p>\n<p><span style=\"font-family: Arial Narrow, sans-serif; font-size: 12pt;\"><b>Une veste d&#8217;inspiration kimono<\/b><b>\u00a0<\/b>avec<b> des tissus d&#8217;exception <\/b>et d&#8217;une<b> allure folle <\/b>avec sa<b> coupe droite (qui va autant aux femmes qu&#8217;aux hommes !) <\/b>et ses larges<b> manches \u00e9vas\u00e9es 7\/8<\/b>\u00a0permettent de porter ce que l&#8217;on veut dessous<b> ! Manteau de demi-saison ou sur-veste <\/b>pour l&#8217;hiver<b>,<\/b> c&#8217;est une pi\u00e8ce<b> versatile dans un style \u00ab effortless chic \u00bb avec beaucoup d&#8217;effet. <\/b>Son col amovible peut \u00eatre port\u00e9e comme un col ou de multiples fa\u00e7on comme une \u00e9charpe. Les larges poches sont \u00e0 la fois <strong>pratiques et distingu\u00e9es<\/strong> et\u00a0 la doublure en satin de coton se pare d&#8217;un <strong>magnifique imprim\u00e9 v\u00e9g\u00e9tal.<\/strong><b><br \/>\n<\/b><\/span><span style=\"font-family: Arial Narrow, sans-serif; font-size: 12pt;\"><b>&gt;&gt; La version VELOURS : <\/b>\u00e0 larges c\u00f4tes <b>et d&#8217;un vert profond,\u00a0 il <\/b>est d&#8217;une douceur incomparable<b> <\/b><b><br \/>\n&gt;&gt; La version LAINE : un magnifique tissu pour costume 100% laine,<\/b> \u00e0 carreaux fondus<b>, tr\u00e8s lumineux<\/b><\/span><\/p>\n<p><span style=\"font-size: 12pt;\"><strong><span style=\"font-family: Arial Narrow, sans-serif;\">J<\/span><\/strong><strong><span style=\"font-family: Arial Narrow, sans-serif;\">E LE PORTE AVEC QUOI : il va avec tout\u00a0!! <\/span><\/strong><strong><span style=\"font-family: Arial Narrow, sans-serif;\">On l&#8217;aime particuli\u00e8rement avec<\/span><\/strong><strong><span style=\"font-family: Arial Narrow, sans-serif;\"> les pantalons <\/span><\/strong><strong><span style=\"font-family: Arial Narrow, sans-serif;\">et avec une<\/span><\/strong><strong><span style=\"font-family: Arial Narrow, sans-serif;\"> large palette de couleurs <\/span><\/strong><\/span><\/p>\n<p><span style=\"font-size: 12pt;\"><span style=\"font-family: Arial Narrow, sans-serif;\"><b>Vous pouvez le reporter tr\u00e8s facilement avec toutes les pi\u00e8ces de votre garde-robe et en toutes saisons ! <\/b><\/span><\/span><\/p>\n<p><span style=\"font-size: 12pt;\"><strong><span style=\"font-family: Arial Narrow, sans-serif;\">Mati\u00e8res principales :<\/span><\/strong><span style=\"font-family: Arial Narrow, sans-serif;\"><br \/>\n<\/span><span style=\"font-family: Arial Narrow, sans-serif;\"><b>Version Velours \u00e0 c\u00f4tes larges : <\/b><strong>57% coton 43% viscose <\/strong><\/span><span style=\"font-family: Arial Narrow, sans-serif;\">(issu de stock dormant, provenance\u00a0: France )<\/span><strong><span style=\"font-family: Arial Narrow, sans-serif;\"><br \/>\nVersion Laine : 100% laine <\/span><\/strong><span style=\"font-family: Arial Narrow, sans-serif;\">(issu de stock dormant, provenance\u00a0: France<\/span><strong><span style=\"font-family: Arial Narrow, sans-serif;\"> )<br \/>\nDoublure : satin 100% coton <\/span><\/strong><span style=\"font-family: Arial Narrow, sans-serif;\">(provenance : France)<\/span><strong><span style=\"font-family: Arial Narrow, sans-serif;\"><br \/>\n<\/span><\/strong><span style=\"font-family: Arial Narrow, sans-serif;\"><br \/>\nCaract\u00e9ristiques :<br \/>\n&gt; Ouverture milieu devant<\/span><span style=\"font-family: Arial Narrow, sans-serif;\"><br \/>\n&gt; col amovible<br \/>\n&gt; poches dans la couture de taille<\/span><\/span><\/p>\n<p><span style=\"font-family: Arial Narrow, sans-serif; font-size: 12pt;\">Pour la taille 2 :<br \/>\nLongueur milieu devant : environ 84 cm<br \/>\nLongueur manche : environ 50 cm<\/span><\/p>\n<p><strong>Choisissez votre taille en fonction de votre tour de poitrine <\/strong>:\u00a0 <a href=\"https:\/\/www.encompagniedesperdrix.fr\/wp-content\/uploads\/2020\/10\/Guide-des-tailles28102020-2.pdf\" target=\"_blank\" rel=\"noopener noreferrer\"><em>Guide des tailles<\/em><\/a><br \/>\n<em>(Pour les tailles homme, merci de me contacter)<\/em><\/p>\n<p><span style=\"font-size: 12pt;\"><span style=\"color: #00ff00;\"><em><strong><span style=\"font-family: Arial Narrow, sans-serif;\">Notre vision Green :<span style=\"font-size: 12pt;\">\u00a0<\/span><\/span><\/strong><\/em><\/span><strong><span style=\"font-family: Arial Narrow, sans-serif;\">Les tissus sont issus de stocks dormants<\/span><\/strong><span style=\"font-family: Arial Narrow, sans-serif;\"> de manufactures renomm\u00e9es, <\/span><span style=\"font-family: Arial Narrow, sans-serif;\">propos\u00e9s par des<\/span><span style=\"font-family: Arial Narrow, sans-serif;\"> fournisseurs sp\u00e9cialis\u00e9s dans les mati\u00e8res d&#8217;exception \u00a0: <\/span><strong><span style=\"font-family: Arial Narrow, sans-serif;\">utiliser des textiles d\u00e9j\u00e0 existants permet de<\/span><\/strong><strong><span style=\"font-family: Arial Narrow, sans-serif;\"> r\u00e9duire l&#8217;empreinte carbone et la consommation d&#8217;eau <\/span><\/strong><strong><span style=\"font-family: Arial Narrow, sans-serif;\">pour la cr\u00e9ation d&#8217;un v\u00eatement,<br \/>\nLa <\/span><\/strong><strong><span style=\"font-family: Arial Narrow, sans-serif;\">coupe <\/span><\/strong><strong><span style=\"font-family: Arial Narrow, sans-serif;\">est<\/span><\/strong><strong><span style=\"font-family: Arial Narrow, sans-serif;\"> optimis\u00e9e <\/span><\/strong><span style=\"font-family: Arial Narrow, sans-serif;\">pour<\/span><span style=\"font-family: Arial Narrow, sans-serif;\"> limiter les chutes, <\/span><span style=\"font-family: Arial Narrow, sans-serif;\">et celles-ci sont utilis\u00e9es dans les<\/span><span style=\"font-family: Arial Narrow, sans-serif;\"> accessoires, d\u00e9tourn\u00e9es en bijoux textiles <\/span><span style=\"font-family: Arial Narrow, sans-serif;\">ou en compl\u00e9ment sur d&#8217;autres cr\u00e9ations. De plus, ce kimono a \u00e9t\u00e9 pens\u00e9<\/span><span style=\"font-family: Arial Narrow, sans-serif;\"> comme <\/span><strong><span style=\"font-family: Arial Narrow, sans-serif;\"><b>une pi\u00e8ce intemporelle<\/b><\/span><\/strong><span style=\"font-family: Arial Narrow, sans-serif;\"> et il<\/span><span style=\"font-family: Arial Narrow, sans-serif;\"> se reporte sans mod\u00e9ration <\/span><span style=\"font-family: Arial Narrow, sans-serif;\">pour de <\/span><span style=\"font-family: Arial Narrow, sans-serif;\">multiples occasions<\/span><span style=\"font-family: Arial Narrow, sans-serif;\">.<\/span><\/span><\/p>\n<p><strong>Vous avez des questions ou vous souhaitez des conseils ?<\/strong><br \/>\n&gt;&gt; N&#8217;h\u00e9sitez pas \u00e0 me contacter <a href=\"mailto:atelier@mariellemaury.fr\" target=\"_blank\" rel=\"noopener\">par mail<\/a> ou <a href=\"tel:0608869388\">t\u00e9l\u00e9phone<\/a><\/p>\n<p><strong>Vos mesures ne correspondent pas \u00e0 celles du tableau ? Vous souhaitez personnaliser votre tenue ?<\/strong><br \/>\n&gt;&gt;\u00a0 La confection en demi-mesure ou sur-mesure est disponible \u00e0 l\u2019atelier sur devis.<\/p>\n<p><em>suivez-moi sur <\/em><a href=\"https:\/\/www.instagram.com\/marielle_maury_robedemariee\" target=\"_blank\" rel=\"noopener\"><em>instagram<\/em><\/a><\/p>\n<\/div><\/div><\/div><\/div><div class = \"tatsu-column-bg-image-wrap\"><div class = \"tatsu-column-bg-image\" ><\/div><\/div><div class=\"tatsu-overlay tatsu-column-overlay tatsu-animate-none\" ><\/div><\/div><style>.tatsu-row > .tatsu-Hyet52Z71g.tatsu-column{width: 100%;}.tatsu-Hyet52Z71g.tatsu-column > .tatsu-column-inner > .tatsu-column-overlay{mix-blend-mode: normal;}.tatsu-Hyet52Z71g > .tatsu-column-inner > .tatsu-top-divider{z-index: 9999;}.tatsu-Hyet52Z71g > .tatsu-column-inner > .tatsu-bottom-divider{z-index: 9999;}.tatsu-Hyet52Z71g > .tatsu-column-inner > .tatsu-left-divider{z-index: 9999;}.tatsu-Hyet52Z71g > .tatsu-column-inner > .tatsu-right-divider{z-index: 9999;}@media only screen and (max-width:1377px) {.tatsu-row > .tatsu-Hyet52Z71g.tatsu-column{width: 100%;}}@media only screen and (min-width:768px) and (max-width: 1024px) {.tatsu-row > .tatsu-Hyet52Z71g.tatsu-column{width: 100%;}}@media only screen and (max-width: 767px) {.tatsu-row > .tatsu-Hyet52Z71g.tatsu-column{width: 100%;}}<\/style><\/div><\/div><\/div><\/div><div class=\"tatsu-section-background-wrap\"><div class = \"tatsu-section-background\" ><\/div><\/div><div class=\"tatsu-overlay tatsu-section-overlay\"><\/div><style>.tatsu-SkZxF92ZQke .tatsu-section-pad{padding: 3px 0px 11px 0px;}.tatsu-SkZxF92ZQke .tatsu-section-offset-wrap{transform: translateY(-0px);}.tatsu-SkZxF92ZQke > .tatsu-bottom-divider{z-index: 9999;}.tatsu-SkZxF92ZQke > .tatsu-top-divider{z-index: 9999;}.tatsu-SkZxF92ZQke .tatsu-section-overlay{mix-blend-mode: normal;}<\/style><\/div>\n","protected":false},"excerpt":{"rendered":"<p><span style=\"font-family: Arial Narrow, sans-serif; font-size: 12pt;\">Kimono en velours ou laine doubl\u00e9 \u00e0 larges manches\u00a0<\/span><\/p>\n<p><a href=\"https:\/\/mariellemaury.fr\/en\/produit\/kimono-veste-en-velours-ou-laine\/\" class=\"more-link style3-button\">Read More<\/a><\/p>","protected":false},"featured_media":350496,"comment_status":"open","ping_status":"closed","template":"","meta":{"om_disable_all_campaigns":false,"_monsterinsights_skip_tracking":false,"_monsterinsights_sitenote_active":false,"_monsterinsights_sitenote_note":"","_monsterinsights_sitenote_category":0},"product_brand":[],"product_cat":[387],"product_tag":[133,397,393,396,369],"class_list":{"0":"post-350440","1":"product","2":"type-product","3":"status-publish","4":"has-post-thumbnail","6":"product_cat-vestes-et-capes","7":"product_tag-fabrique-en-france","8":"product_tag-fetes","9":"product_tag-intemporel","10":"product_tag-noel","11":"product_tag-tenue-soir-cocktail","13":"first","14":"instock","15":"shipping-taxable","16":"purchasable","17":"product-type-variable"},"aioseo_notices":[],"_links":{"self":[{"href":"https:\/\/mariellemaury.fr\/en\/wp-json\/wp\/v2\/product\/350440","targetHints":{"allow":["GET"]}}],"collection":[{"href":"https:\/\/mariellemaury.fr\/en\/wp-json\/wp\/v2\/product"}],"about":[{"href":"https:\/\/mariellemaury.fr\/en\/wp-json\/wp\/v2\/types\/product"}],"replies":[{"embeddable":true,"href":"https:\/\/mariellemaury.fr\/en\/wp-json\/wp\/v2\/comments?post=350440"}],"wp:featuredmedia":[{"embeddable":true,"href":"https:\/\/mariellemaury.fr\/en\/wp-json\/wp\/v2\/media\/350496"}],"wp:attachment":[{"href":"https:\/\/mariellemaury.fr\/en\/wp-json\/wp\/v2\/media?parent=350440"}],"wp:term":[{"taxonomy":"product_brand","embeddable":true,"href":"https:\/\/mariellemaury.fr\/en\/wp-json\/wp\/v2\/product_brand?post=350440"},{"taxonomy":"product_cat","embeddable":true,"href":"https:\/\/mariellemaury.fr\/en\/wp-json\/wp\/v2\/product_cat?post=350440"},{"taxonomy":"product_tag","embeddable":true,"href":"https:\/\/mariellemaury.fr\/en\/wp-json\/wp\/v2\/product_tag?post=350440"}],"curies":[{"name":"wp","href":"https:\/\/api.w.org\/{rel}","templated":true}]}}